{"id":1501,"date":"2018-06-25T09:09:12","date_gmt":"2018-06-25T09:09:12","guid":{"rendered":"http:\/\/mytrejka.nazwa.pl\/mobilbox\/?page_id=1501"},"modified":"2023-11-21T14:33:27","modified_gmt":"2023-11-21T14:33:27","slug":"klimaanlage","status":"publish","type":"page","link":"https:\/\/mobilbox.hu\/de\/ausstattung\/klimaanlage\/","title":{"rendered":"Klimaanlage"},"content":{"rendered":"<!--themify_builder_content-->\n<div id=\"themify_builder_content-1501\" data-postid=\"1501\" class=\"themify_builder_content themify_builder_content-1501 themify_builder tf_clear\">\n                    <div  data-lazy=\"1\" class=\"module_row themify_builder_row tb_3l8n256 tb_first tf_w\">\n                        <div class=\"row_inner col_align_top tb_col_count_2 tf_box tf_rel\">\n                        <div  data-lazy=\"1\" class=\"module_column tb-column col4-2 tb_z4o0258 first\">\n                    <!-- module text -->\n<div  class=\"module module-text tb_9dp8259  repeat \" data-lazy=\"1\">\n        <div  class=\"tb_text_wrap\">\n        <p>Nach Bedarf stellen wir f\u00fcr die Vermietung und den Verkauf 2 kW Fensterklimager\u00e4te oder optional auch professionell eingebaute Split-Varianten zur Verf\u00fcgung. Lassen Sie sich beraten.<\/p>    <\/div>\n<\/div>\n<!-- \/module text -->        <\/div>\n                    <div  data-lazy=\"1\" class=\"module_column tb-column col4-2 tb_arn8259 last\">\n                    <!-- module image -->\n<div  class=\"module module-image tb_rm7y259 image-top   tf_mw\" data-lazy=\"1\">\n        <div class=\"image-wrap tf_rel tf_mw\">\n            <img loading=\"lazy\" decoding=\"async\" width=\"482\" height=\"321\" src=\"https:\/\/mobilbox.hu\/de\/wp-content\/uploads\/2019\/05\/kl\u00edm.jpg\" class=\"wp-post-image wp-image-6561\" title=\"kl\u00edm\" alt=\"kl\u00edm\" srcset=\"https:\/\/mobilbox.hu\/de\/wp-content\/uploads\/2019\/05\/kl\u00edm.jpg 482w, https:\/\/mobilbox.hu\/de\/wp-content\/uploads\/2019\/05\/kl\u00edm-300x200.jpg 300w\" sizes=\"auto, (max-width: 482px) 100vw, 482px\" \/>    \n        <\/div>\n    <!-- \/image-wrap -->\n    \n        <\/div>\n<!-- \/module image -->        <\/div>\n                        <\/div>\n        <\/div>\n        <\/div>\n<!--\/themify_builder_content-->","protected":false},"excerpt":{"rendered":"<p>Nach Bedarf stellen wir f\u00fcr die Vermietung und den Verkauf 2 kW Fensterklimager\u00e4te oder optional auch professionell eingebaute Split-Varianten zur Verf\u00fcgung. Lassen Sie sich beraten.<\/p>\n","protected":false},"author":3,"featured_media":0,"parent":18,"menu_order":0,"comment_status":"closed","ping_status":"closed","template":"","meta":{"_seopress_robots_primary_cat":"","_seopress_titles_title":"","_seopress_titles_desc":"","_seopress_robots_index":"","footnotes":""},"class_list":["post-1501","page","type-page","status-publish","hentry","has-post-title","has-post-date","has-post-category","has-post-tag","has-post-comment","has-post-author",""],"_links":{"self":[{"href":"https:\/\/mobilbox.hu\/de\/wp-json\/wp\/v2\/pages\/1501","targetHints":{"allow":["GET"]}}],"collection":[{"href":"https:\/\/mobilbox.hu\/de\/wp-json\/wp\/v2\/pages"}],"about":[{"href":"https:\/\/mobilbox.hu\/de\/wp-json\/wp\/v2\/types\/page"}],"author":[{"embeddable":true,"href":"https:\/\/mobilbox.hu\/de\/wp-json\/wp\/v2\/users\/3"}],"replies":[{"embeddable":true,"href":"https:\/\/mobilbox.hu\/de\/wp-json\/wp\/v2\/comments?post=1501"}],"version-history":[{"count":1,"href":"https:\/\/mobilbox.hu\/de\/wp-json\/wp\/v2\/pages\/1501\/revisions"}],"predecessor-version":[{"id":6992,"href":"https:\/\/mobilbox.hu\/de\/wp-json\/wp\/v2\/pages\/1501\/revisions\/6992"}],"up":[{"embeddable":true,"href":"https:\/\/mobilbox.hu\/de\/wp-json\/wp\/v2\/pages\/18"}],"wp:attachment":[{"href":"https:\/\/mobilbox.hu\/de\/wp-json\/wp\/v2\/media?parent=1501"}],"curies":[{"name":"wp","href":"https:\/\/api.w.org\/{rel}","templated":true}]}}