{"id":1509,"date":"2018-06-25T09:11:09","date_gmt":"2018-06-25T09:11:09","guid":{"rendered":"http:\/\/mytrejka.nazwa.pl\/mobilbox\/?page_id=1509"},"modified":"2023-11-21T14:33:28","modified_gmt":"2023-11-21T14:33:28","slug":"treppen-und-podeste","status":"publish","type":"page","link":"https:\/\/mobilbox.hu\/de\/ausstattung\/treppen-und-podeste\/","title":{"rendered":"Treppen und Podeste"},"content":{"rendered":"<!--themify_builder_content-->\n<div id=\"themify_builder_content-1509\" data-postid=\"1509\" class=\"themify_builder_content themify_builder_content-1509 themify_builder tf_clear\">\n                    <div  data-lazy=\"1\" class=\"module_row themify_builder_row tb_eh7m278 tb_first tf_w\">\n                        <div class=\"row_inner col_align_top tb_col_count_2 tf_box tf_rel\">\n                        <div  data-lazy=\"1\" class=\"module_column tb-column col4-2 tb_jke5046 first\">\n                    <!-- module text -->\n<div  class=\"module module-text tb_u8or909  repeat \" data-lazy=\"1\">\n        <div  class=\"tb_text_wrap\">\n        <div class=\"tw-swapa\">Vor allem f\u00fcr mehrst\u00f6ckige Containeranlagen sind unsere Treppen und Podeste eine elegante und sichere M\u00f6glichkeit um Container miteinander zu verbinden.<\/div>\n<div class=\"oSioSc\">\n<div id=\"tw-target\">\n<div id=\"tw-target-text-container\" class=\"gsrt tw-ta-container tw-nfl\">\n<pre id=\"tw-target-text\" class=\"tw-data-text tw-ta tw-text-small\" dir=\"ltr\" data-fulltext=\"\" data-placeholder=\"\u00dcbersetzung\">\u00a0<\/pre>\n<\/div>\n<\/div>\n<\/div>    <\/div>\n<\/div>\n<!-- \/module text --><!-- module icon -->\n<div  class=\"module module-icon tb_jbnt107  large none icon_horizontal \" data-lazy=\"1\">\n\t\t\t<div class=\"module-icon-item\">\n\t\t\t\t\t\t\t<a href=\"https:\/\/mobilbox.hu\/de\/wp-content\/uploads\/2021\/12\/Acel-lepcso-katalogus-nemet-2.pdf\">\n\t\t\t\t\t\t\t\t\t\t\t\t\t\t\t\t\t<em class=\"tf_box\"\n\t\t\t\t\t\t\t\t\t\t\t\t style=\"background-color:#ee2312;color:#edf3ff\"\t\t\t\t\t><svg  class=\"tf_fa tf-far-file-pdf-home\" xmlns:xlink=\"http:\/\/www.w3.org\/1999\/xlink\" aria-hidden=\"true\"><use href=\"#tf-far-file-pdf-home\" xlink:href=\"#tf-far-file-pdf-home\"><\/use><\/svg><\/em>\n\t\t\t\t\t\t\t\t\t\t\t\t\t\t\t\t\t\t\t<span>Stahl Containertreppen<\/span>\n\t\t\t\t\t\t\t\t\t\t\t\t\t\t\t\t\t<\/a>\n\t\t\t\t\t<\/div>\n\t<\/div>\n<!-- \/module icon -->\n        <\/div>\n                    <div  data-lazy=\"1\" class=\"module_column tb-column col4-2 tb_l0bh888 last\">\n                    <div  class=\"module themify_builder_slider_wrap tf_clearfix module-slider tb_vf7t490  slider-overlay  \" data-lazy=\"1\">\n        <div class=\"themify_builder_slider tf_carousel tf_swiper-container tf_rel tf_overflow\" data-lazy=\"1\"        data-visible=\"1\"\n        data-tab-visible=\"\"\n        data-mob-visible=\"0\"\n        data-scroll=\"1\"\n                            data-auto=\"2000\"\n            data-controller=\"0\"\n            data-pause_hover=\"1\"\n                data-speed=\"normal\"\n        data-wrapvar=\"1\"\n        data-slider_nav=\"1\"\n        data-pager=\"1\"\n        data-effect=\"scroll\" \n        data-height=\"variable\"\n        data-css_url=\"https:\/\/mobilbox.hu\/de\/wp-content\/themes\/themify-ultra\/themify\/themify-builder\/css\/modules\/sliders\/carousel,https:\/\/mobilbox.hu\/de\/wp-content\/themes\/themify-ultra\/themify\/themify-builder\/css\/modules\/sliders\/slider\"\n                    >\n        <div class=\"tf_swiper-wrapper tf_lazy tf_rel tf_w tf_h tf_textc\">\n                         <div class=\"tf_swiper-slide\">            <div class=\"slide-inner-wrap\">\n                                    <div class=\"tf_rel tf_lazy slide-image\">\n                                                                            <img decoding=\"async\" width=\"482\" height=\"362\" src=\"https:\/\/mobilbox.hu\/de\/wp-content\/uploads\/2018\/06\/schody-do-kontenera-1.jpg\" class=\"wp-post-image wp-image-1612\" title=\"schody-do-kontenera-1\" alt=\"schody-do-kontenera-1\" srcset=\"https:\/\/mobilbox.hu\/de\/wp-content\/uploads\/2018\/06\/schody-do-kontenera-1.jpg 482w, https:\/\/mobilbox.hu\/de\/wp-content\/uploads\/2018\/06\/schody-do-kontenera-1-300x225.jpg 300w, https:\/\/mobilbox.hu\/de\/wp-content\/uploads\/2018\/06\/schody-do-kontenera-1-266x200.jpg 266w\" sizes=\"(max-width: 482px) 100vw, 482px\" \/>                                            <\/div>\n                \n                            <\/div>\n        <\/div>                     <div class=\"tf_swiper-slide\" style=\"content-visibility:hidden\">            <div class=\"slide-inner-wrap\">\n                                    <div class=\"tf_rel tf_lazy slide-image\">\n                                                                            <img decoding=\"async\" width=\"482\" height=\"362\" src=\"https:\/\/mobilbox.hu\/de\/wp-content\/uploads\/2018\/06\/schody-kontenerowe-6.jpg\" class=\"wp-post-image wp-image-1617\" title=\"schody-kontenerowe-6\" alt=\"schody-kontenerowe-6\" srcset=\"https:\/\/mobilbox.hu\/de\/wp-content\/uploads\/2018\/06\/schody-kontenerowe-6.jpg 482w, https:\/\/mobilbox.hu\/de\/wp-content\/uploads\/2018\/06\/schody-kontenerowe-6-300x225.jpg 300w, https:\/\/mobilbox.hu\/de\/wp-content\/uploads\/2018\/06\/schody-kontenerowe-6-266x200.jpg 266w\" sizes=\"(max-width: 482px) 100vw, 482px\" \/>                                            <\/div>\n                \n                            <\/div>\n        <\/div>                     <div class=\"tf_swiper-slide\" style=\"content-visibility:hidden\">            <div class=\"slide-inner-wrap\">\n                                    <div class=\"tf_rel tf_lazy slide-image\">\n                                                                            <img decoding=\"async\" width=\"800\" height=\"600\" src=\"https:\/\/mobilbox.hu\/de\/wp-content\/uploads\/2018\/09\/schody-do-kontenerow.jpg\" class=\"wp-post-image wp-image-2709\" title=\"schody-do-kontenerow\" alt=\"schody-do-kontenerow\" srcset=\"https:\/\/mobilbox.hu\/de\/wp-content\/uploads\/2018\/09\/schody-do-kontenerow.jpg 800w, https:\/\/mobilbox.hu\/de\/wp-content\/uploads\/2018\/09\/schody-do-kontenerow-300x225.jpg 300w, https:\/\/mobilbox.hu\/de\/wp-content\/uploads\/2018\/09\/schody-do-kontenerow-768x576.jpg 768w, https:\/\/mobilbox.hu\/de\/wp-content\/uploads\/2018\/09\/schody-do-kontenerow-600x450.jpg 600w\" sizes=\"(max-width: 800px) 100vw, 800px\" \/>                                            <\/div>\n                \n                            <\/div>\n        <\/div>                     <div class=\"tf_swiper-slide\" style=\"content-visibility:hidden\">            <div class=\"slide-inner-wrap\">\n                                    <div class=\"tf_rel tf_lazy slide-image\">\n                                                                            <img decoding=\"async\" width=\"482\" height=\"362\" src=\"https:\/\/mobilbox.hu\/de\/wp-content\/uploads\/2018\/06\/schody-kontenerowe-4.jpg\" class=\"wp-post-image wp-image-1615\" title=\"schody-kontenerowe-4\" alt=\"schody-kontenerowe-4\" srcset=\"https:\/\/mobilbox.hu\/de\/wp-content\/uploads\/2018\/06\/schody-kontenerowe-4.jpg 482w, https:\/\/mobilbox.hu\/de\/wp-content\/uploads\/2018\/06\/schody-kontenerowe-4-300x225.jpg 300w, https:\/\/mobilbox.hu\/de\/wp-content\/uploads\/2018\/06\/schody-kontenerowe-4-266x200.jpg 266w\" sizes=\"(max-width: 482px) 100vw, 482px\" \/>                                            <\/div>\n                \n                            <\/div>\n        <\/div>                     <div class=\"tf_swiper-slide\" style=\"content-visibility:hidden\">            <div class=\"slide-inner-wrap\">\n                                    <div class=\"tf_rel tf_lazy slide-image\">\n                                                                            <img decoding=\"async\" width=\"482\" height=\"362\" src=\"https:\/\/mobilbox.hu\/de\/wp-content\/uploads\/2018\/06\/schody-kontenerowe-2.jpg\" class=\"wp-post-image wp-image-1613\" title=\"schody-kontenerowe-2\" alt=\"schody-kontenerowe-2\" srcset=\"https:\/\/mobilbox.hu\/de\/wp-content\/uploads\/2018\/06\/schody-kontenerowe-2.jpg 482w, https:\/\/mobilbox.hu\/de\/wp-content\/uploads\/2018\/06\/schody-kontenerowe-2-300x225.jpg 300w, https:\/\/mobilbox.hu\/de\/wp-content\/uploads\/2018\/06\/schody-kontenerowe-2-266x200.jpg 266w\" sizes=\"(max-width: 482px) 100vw, 482px\" \/>                                            <\/div>\n                \n                            <\/div>\n        <\/div>                     <div class=\"tf_swiper-slide\" style=\"content-visibility:hidden\">            <div class=\"slide-inner-wrap\">\n                                    <div class=\"tf_rel tf_lazy slide-image\">\n                                                                            <img decoding=\"async\" width=\"482\" height=\"362\" src=\"https:\/\/mobilbox.hu\/de\/wp-content\/uploads\/2018\/06\/schody-kontenerowe-3.jpg\" class=\"wp-post-image wp-image-1614\" title=\"schody-kontenerowe-3\" alt=\"schody-kontenerowe-3\" srcset=\"https:\/\/mobilbox.hu\/de\/wp-content\/uploads\/2018\/06\/schody-kontenerowe-3.jpg 482w, https:\/\/mobilbox.hu\/de\/wp-content\/uploads\/2018\/06\/schody-kontenerowe-3-300x225.jpg 300w, https:\/\/mobilbox.hu\/de\/wp-content\/uploads\/2018\/06\/schody-kontenerowe-3-266x200.jpg 266w\" sizes=\"(max-width: 482px) 100vw, 482px\" \/>                                            <\/div>\n                \n                            <\/div>\n        <\/div>            <\/div>\n    <\/div>\n<\/div>\n        <\/div>\n                        <\/div>\n        <\/div>\n        <\/div>\n<!--\/themify_builder_content-->","protected":false},"excerpt":{"rendered":"<p>Vor allem f\u00fcr mehrst\u00f6ckige Containeranlagen sind unsere Treppen und Podeste eine elegante und sichere M\u00f6glichkeit um Container miteinander zu verbinden. \u00a0 Stahl Containertreppen<\/p>\n","protected":false},"author":3,"featured_media":0,"parent":18,"menu_order":0,"comment_status":"closed","ping_status":"closed","template":"","meta":{"_seopress_robots_primary_cat":"","_seopress_titles_title":"","_seopress_titles_desc":"","_seopress_robots_index":"","footnotes":""},"class_list":["post-1509","page","type-page","status-publish","hentry","has-post-title","has-post-date","has-post-category","has-post-tag","has-post-comment","has-post-author",""],"_links":{"self":[{"href":"https:\/\/mobilbox.hu\/de\/wp-json\/wp\/v2\/pages\/1509","targetHints":{"allow":["GET"]}}],"collection":[{"href":"https:\/\/mobilbox.hu\/de\/wp-json\/wp\/v2\/pages"}],"about":[{"href":"https:\/\/mobilbox.hu\/de\/wp-json\/wp\/v2\/types\/page"}],"author":[{"embeddable":true,"href":"https:\/\/mobilbox.hu\/de\/wp-json\/wp\/v2\/users\/3"}],"replies":[{"embeddable":true,"href":"https:\/\/mobilbox.hu\/de\/wp-json\/wp\/v2\/comments?post=1509"}],"version-history":[{"count":1,"href":"https:\/\/mobilbox.hu\/de\/wp-json\/wp\/v2\/pages\/1509\/revisions"}],"predecessor-version":[{"id":6994,"href":"https:\/\/mobilbox.hu\/de\/wp-json\/wp\/v2\/pages\/1509\/revisions\/6994"}],"up":[{"embeddable":true,"href":"https:\/\/mobilbox.hu\/de\/wp-json\/wp\/v2\/pages\/18"}],"wp:attachment":[{"href":"https:\/\/mobilbox.hu\/de\/wp-json\/wp\/v2\/media?parent=1509"}],"curies":[{"name":"wp","href":"https:\/\/api.w.org\/{rel}","templated":true}]}}