{"id":1515,"date":"2018-06-25T09:16:12","date_gmt":"2018-06-25T09:16:12","guid":{"rendered":"http:\/\/mytrejka.nazwa.pl\/mobilbox\/?page_id=1515"},"modified":"2023-11-21T14:33:28","modified_gmt":"2023-11-21T14:33:28","slug":"fassaden-rollladen-insektenschutzgitter","status":"publish","type":"page","link":"https:\/\/mobilbox.hu\/de\/ausstattung\/fassaden-rollladen-insektenschutzgitter\/","title":{"rendered":"Fassaden, Rolll\u00e4den, Insektenschutzgitter"},"content":{"rendered":"<!--themify_builder_content-->\n<div id=\"themify_builder_content-1515\" data-postid=\"1515\" class=\"themify_builder_content themify_builder_content-1515 themify_builder tf_clear\">\n                    <div  data-lazy=\"1\" class=\"module_row themify_builder_row tb_go0j011 tb_first tf_w\">\n                        <div class=\"row_inner col_align_top tb_col_count_2 tf_box tf_rel\">\n                        <div  data-lazy=\"1\" class=\"module_column tb-column col4-2 tb_ib44223 first\">\n                    <!-- module text -->\n<div  class=\"module module-text tb_2ha6020  repeat \" data-lazy=\"1\">\n        <div  class=\"tb_text_wrap\">\n        <p>An Konsolen montierte Au\u00dfenverkleidungen verleihen den Containeranlagen einen hochwertigen Eindruck, der gleichzeitig zum Stil des jeweiligen Unternehmens angepasst hergestellt werden kann. Au\u00dfenjalousien gew\u00e4hrleisten ein repr\u00e4sentatives Erscheinungsbild und Insektenschutzgitter sorgen f\u00fcr einen entspannten Aufenthalt in den Innenr\u00e4umen.<\/p>    <\/div>\n<\/div>\n<!-- \/module text -->        <\/div>\n                    <div  data-lazy=\"1\" class=\"module_column tb-column col4-2 tb_bxja134 last\">\n                    <div  class=\"module themify_builder_slider_wrap tf_clearfix module-slider tb_i427013  slider-default  \" data-lazy=\"1\">\n        <div class=\"themify_builder_slider tf_carousel tf_swiper-container tf_rel tf_overflow\" data-lazy=\"1\"        data-visible=\"1\"\n        data-tab-visible=\"\"\n        data-mob-visible=\"\"\n        data-scroll=\"1\"\n                            data-auto=\"2000\"\n            data-controller=\"0\"\n            data-pause_hover=\"1\"\n                data-speed=\"normal\"\n        data-wrapvar=\"1\"\n        data-slider_nav=\"0\"\n        data-pager=\"1\"\n        data-effect=\"scroll\" \n        data-height=\"variable\"\n        data-css_url=\"https:\/\/mobilbox.hu\/de\/wp-content\/themes\/themify-ultra\/themify\/themify-builder\/css\/modules\/sliders\/carousel,https:\/\/mobilbox.hu\/de\/wp-content\/themes\/themify-ultra\/themify\/themify-builder\/css\/modules\/sliders\/slider\"\n                    >\n        <div class=\"tf_swiper-wrapper tf_lazy tf_rel tf_w tf_h tf_textc\">\n                         <div class=\"tf_swiper-slide\">            <div class=\"slide-inner-wrap\">\n                                    <div class=\"tf_rel tf_lazy slide-image\">\n                                                                            <img decoding=\"async\" width=\"482\" height=\"362\" src=\"https:\/\/mobilbox.hu\/de\/wp-content\/uploads\/2018\/06\/okladziny-kontenera.jpg\" class=\"wp-post-image wp-image-1632\" title=\"okladziny-kontenera\" alt=\"okladziny-kontenera\" srcset=\"https:\/\/mobilbox.hu\/de\/wp-content\/uploads\/2018\/06\/okladziny-kontenera.jpg 482w, https:\/\/mobilbox.hu\/de\/wp-content\/uploads\/2018\/06\/okladziny-kontenera-300x225.jpg 300w, https:\/\/mobilbox.hu\/de\/wp-content\/uploads\/2018\/06\/okladziny-kontenera-266x200.jpg 266w\" sizes=\"(max-width: 482px) 100vw, 482px\" \/>                                            <\/div>\n                \n                            <\/div>\n        <\/div>            <\/div>\n    <\/div>\n<\/div>\n        <\/div>\n                        <\/div>\n        <\/div>\n        <\/div>\n<!--\/themify_builder_content-->","protected":false},"excerpt":{"rendered":"<p>An Konsolen montierte Au\u00dfenverkleidungen verleihen den Containeranlagen einen hochwertigen Eindruck, der gleichzeitig zum Stil des jeweiligen Unternehmens angepasst hergestellt werden kann. Au\u00dfenjalousien gew\u00e4hrleisten ein repr\u00e4sentatives Erscheinungsbild und Insektenschutzgitter sorgen f\u00fcr einen entspannten Aufenthalt in den Innenr\u00e4umen.<\/p>\n","protected":false},"author":3,"featured_media":0,"parent":18,"menu_order":0,"comment_status":"closed","ping_status":"closed","template":"","meta":{"_seopress_robots_primary_cat":"","_seopress_titles_title":"","_seopress_titles_desc":"","_seopress_robots_index":"","footnotes":""},"class_list":["post-1515","page","type-page","status-publish","hentry","has-post-title","has-post-date","has-post-category","has-post-tag","has-post-comment","has-post-author",""],"_links":{"self":[{"href":"https:\/\/mobilbox.hu\/de\/wp-json\/wp\/v2\/pages\/1515","targetHints":{"allow":["GET"]}}],"collection":[{"href":"https:\/\/mobilbox.hu\/de\/wp-json\/wp\/v2\/pages"}],"about":[{"href":"https:\/\/mobilbox.hu\/de\/wp-json\/wp\/v2\/types\/page"}],"author":[{"embeddable":true,"href":"https:\/\/mobilbox.hu\/de\/wp-json\/wp\/v2\/users\/3"}],"replies":[{"embeddable":true,"href":"https:\/\/mobilbox.hu\/de\/wp-json\/wp\/v2\/comments?post=1515"}],"version-history":[{"count":1,"href":"https:\/\/mobilbox.hu\/de\/wp-json\/wp\/v2\/pages\/1515\/revisions"}],"predecessor-version":[{"id":6997,"href":"https:\/\/mobilbox.hu\/de\/wp-json\/wp\/v2\/pages\/1515\/revisions\/6997"}],"up":[{"embeddable":true,"href":"https:\/\/mobilbox.hu\/de\/wp-json\/wp\/v2\/pages\/18"}],"wp:attachment":[{"href":"https:\/\/mobilbox.hu\/de\/wp-json\/wp\/v2\/media?parent=1515"}],"curies":[{"name":"wp","href":"https:\/\/api.w.org\/{rel}","templated":true}]}}