{"id":1650,"date":"2018-06-27T10:28:46","date_gmt":"2018-06-27T10:28:46","guid":{"rendered":"http:\/\/mytrejka.nazwa.pl\/mobilbox\/?page_id=1650"},"modified":"2023-11-21T14:33:30","modified_gmt":"2023-11-21T14:33:30","slug":"rygle-kontenera-iso-2","status":"publish","type":"page","link":"https:\/\/mobilbox.hu\/de\/zubehor\/rygle-kontenera-iso-2\/","title":{"rendered":"Rygle kontenera ISO"},"content":{"rendered":"<!--themify_builder_content-->\n<div id=\"themify_builder_content-1650\" data-postid=\"1650\" class=\"themify_builder_content themify_builder_content-1650 themify_builder tf_clear\">\n                    <div  data-lazy=\"1\" class=\"module_row themify_builder_row tb_1kz8303 tb_first tf_w\">\n                        <div class=\"row_inner col_align_top tb_col_count_2 tf_box tf_rel\">\n                        <div  data-lazy=\"1\" class=\"module_column tb-column col4-2 tb_dkxv390 first\">\n                    <!-- module text -->\n<div  class=\"module module-text tb_cbbg266  repeat \" data-lazy=\"1\">\n        <div  class=\"tb_text_wrap\">\n        <p><strong>Opis<\/strong><\/p>\n<p>Zamki ze sztab\u0105 antyw\u0142amaniow\u0105 stosowane w kontenerach morskich do transportu.\u00a0\u00a0<br \/>Mo\u017cna zakupi\u0107 ze sztab\u0105 lub bez (tylko oprzyrz\u0105dowanie).<\/p>\n<p><span class=\"left_box_desc\"><strong>Wykaz cz\u0119\u015bci zamiennych:<\/strong><\/span><\/p>\n<p>\u00a0<\/p>\n<table border=\"0\">\n<tbody>\n<tr>\n<td><span style=\"color: #ff0000;\">Numer\u00a0\u00a0\u00a0 Nazwa cz\u0119\u015bci zamiennej<\/span><\/td>\n<td><span style=\"color: #ff0000;\">Ilo\u015b\u0107 w komplecie:<\/span><\/td>\n<\/tr>\n<tr>\n<td>1\u00a0\u00a0\u00a0 Uchwyt mocuj\u0105cy (lewostronny)<\/td>\n<td>4<\/td>\n<\/tr>\n<tr>\n<td>2\u00a0\u00a0\u00a0 Uchwyt mocuj\u0105cy (prawostronny)<\/td>\n<td>4<\/td>\n<\/tr>\n<tr>\n<td>3\u00a0\u00a0\u00a0 Mocowanie zaciskowe \u00a0(lewostronne)<\/td>\n<td>4<\/td>\n<\/tr>\n<tr>\n<td>4\u00a0\u00a0\u00a0 Mocowanie zaciskowe (prawostronne)<\/td>\n<td>4<\/td>\n<\/tr>\n<tr>\n<td>5\u00a0\u00a0\u00a0 Obejma zewn\u0119trzna<\/td>\n<td>8<\/td>\n<\/tr>\n<tr>\n<td>6\u00a0\u00a0\u00a0 Du\u017ca dzielona puszka<\/td>\n<td>8<\/td>\n<\/tr>\n<tr>\n<td>7\u00a0\u00a0\u00a0 Obejma zewn\u0119trzna<\/td>\n<td>4<\/td>\n<\/tr>\n<tr>\n<td>8\u00a0\u00a0\u00a0 Ma\u0142a dzielona puszka<\/td>\n<td>4<\/td>\n<\/tr>\n<tr>\n<td>9\u00a0\u00a0\u00a0 Mocowanie uchwytu<\/td>\n<td>4<\/td>\n<\/tr>\n<tr>\n<td>10\u00a0\u00a0\u00a0 Stalowa puszka<\/td>\n<td>4<\/td>\n<\/tr>\n<tr>\n<td>11\u00a0\u00a0\u00a0 Zacisk mocuj\u0105cy<\/td>\n<td>4<\/td>\n<\/tr>\n<tr>\n<td>12\u00a0\u00a0\u00a0 Nak\u0142adka mocuj\u0105ca<\/td>\n<td>4<\/td>\n<\/tr>\n<tr>\n<td>13\u00a0\u00a0\u00a0 Uchwyt<\/td>\n<td>4<\/td>\n<\/tr>\n<tr>\n<td>14\u00a0\u00a0\u00a0 Nit mocuj\u0105cy<\/td>\n<td>4<\/td>\n<\/tr>\n<tr>\n<td>15\u00a0\u00a0\u00a0 Pier\u015bcie\u0144 \u00a0stabilizuj\u0105cy<\/td>\n<td>16<\/td>\n<\/tr>\n<tr>\n<td>16\u00a0\u00a0\u00a0 Sztaba<\/td>\n<td>4<\/td>\n<\/tr>\n<\/tbody>\n<\/table>    <\/div>\n<\/div>\n<!-- \/module text -->        <\/div>\n                    <div  data-lazy=\"1\" class=\"module_column tb-column col4-2 tb_ey7x033 last\">\n                    <div  class=\"module themify_builder_slider_wrap tf_clearfix module-slider tb_xpu3333  slider-default  \" data-lazy=\"1\">\n        <div class=\"themify_builder_slider tf_carousel tf_swiper-container tf_rel tf_overflow\" data-lazy=\"1\"        data-visible=\"1\"\n        data-tab-visible=\"\"\n        data-mob-visible=\"\"\n        data-scroll=\"1\"\n                            data-auto=\"2000\"\n            data-controller=\"0\"\n            data-pause_hover=\"1\"\n                data-speed=\"normal\"\n        data-wrapvar=\"1\"\n        data-slider_nav=\"1\"\n        data-pager=\"1\"\n        data-effect=\"scroll\" \n        data-height=\"variable\"\n        data-css_url=\"https:\/\/mobilbox.hu\/de\/wp-content\/themes\/themify-ultra\/themify\/themify-builder\/css\/modules\/sliders\/carousel,https:\/\/mobilbox.hu\/de\/wp-content\/themes\/themify-ultra\/themify\/themify-builder\/css\/modules\/sliders\/slider\"\n                    >\n        <div class=\"tf_swiper-wrapper tf_lazy tf_rel tf_w tf_h tf_textc\">\n                         <div class=\"tf_swiper-slide\">            <div class=\"slide-inner-wrap\">\n                                    <div class=\"tf_rel tf_lazy slide-image\">\n                                                                            <img decoding=\"async\" width=\"272\" height=\"362\" src=\"https:\/\/mobilbox.hu\/de\/wp-content\/uploads\/2018\/06\/rygle-kontenera-iso-1.jpg\" class=\"wp-post-image wp-image-1652\" title=\"rygle-kontenera-iso\" alt=\"rygle-kontenera-iso\" srcset=\"https:\/\/mobilbox.hu\/de\/wp-content\/uploads\/2018\/06\/rygle-kontenera-iso-1.jpg 272w, https:\/\/mobilbox.hu\/de\/wp-content\/uploads\/2018\/06\/rygle-kontenera-iso-1-225x300.jpg 225w, https:\/\/mobilbox.hu\/de\/wp-content\/uploads\/2018\/06\/rygle-kontenera-iso-1-150x200.jpg 150w\" sizes=\"(max-width: 272px) 100vw, 272px\" \/>                                            <\/div>\n                \n                            <\/div>\n        <\/div>                     <div class=\"tf_swiper-slide\" style=\"content-visibility:hidden\">            <div class=\"slide-inner-wrap\">\n                                    <div class=\"tf_rel tf_lazy slide-image\">\n                                                                            <img decoding=\"async\" width=\"235\" height=\"362\" src=\"https:\/\/mobilbox.hu\/de\/wp-content\/uploads\/2018\/06\/rygle-kontenera-iso-2.jpg\" class=\"wp-post-image wp-image-1653\" title=\"rygle-kontenera-iso-2\" alt=\"rygle-kontenera-iso-2\" srcset=\"https:\/\/mobilbox.hu\/de\/wp-content\/uploads\/2018\/06\/rygle-kontenera-iso-2.jpg 235w, https:\/\/mobilbox.hu\/de\/wp-content\/uploads\/2018\/06\/rygle-kontenera-iso-2-195x300.jpg 195w\" sizes=\"(max-width: 235px) 100vw, 235px\" \/>                                            <\/div>\n                \n                            <\/div>\n        <\/div>            <\/div>\n    <\/div>\n<\/div>\n        <\/div>\n                        <\/div>\n        <\/div>\n        <\/div>\n<!--\/themify_builder_content-->","protected":false},"excerpt":{"rendered":"<p>Opis Zamki ze sztab\u0105 antyw\u0142amaniow\u0105 stosowane w kontenerach morskich do transportu.\u00a0\u00a0Mo\u017cna zakupi\u0107 ze sztab\u0105 lub bez (tylko oprzyrz\u0105dowanie). Wykaz cz\u0119\u015bci zamiennych: \u00a0 Numer\u00a0\u00a0\u00a0 Nazwa cz\u0119\u015bci zamiennej Ilo\u015b\u0107 w komplecie: 1\u00a0\u00a0\u00a0 Uchwyt mocuj\u0105cy (lewostronny) 4 2\u00a0\u00a0\u00a0 Uchwyt mocuj\u0105cy (prawostronny) 4 3\u00a0\u00a0\u00a0 Mocowanie zaciskowe \u00a0(lewostronne) 4 4\u00a0\u00a0\u00a0 Mocowanie zaciskowe (prawostronne) 4 5\u00a0\u00a0\u00a0 Obejma zewn\u0119trzna 8 6\u00a0\u00a0\u00a0 Du\u017ca [&hellip;]<\/p>\n","protected":false},"author":3,"featured_media":0,"parent":22,"menu_order":0,"comment_status":"closed","ping_status":"closed","template":"","meta":{"_seopress_robots_primary_cat":"","_seopress_titles_title":"","_seopress_titles_desc":"","_seopress_robots_index":"","footnotes":""},"class_list":["post-1650","page","type-page","status-publish","hentry","has-post-title","has-post-date","has-post-category","has-post-tag","has-post-comment","has-post-author",""],"_links":{"self":[{"href":"https:\/\/mobilbox.hu\/de\/wp-json\/wp\/v2\/pages\/1650","targetHints":{"allow":["GET"]}}],"collection":[{"href":"https:\/\/mobilbox.hu\/de\/wp-json\/wp\/v2\/pages"}],"about":[{"href":"https:\/\/mobilbox.hu\/de\/wp-json\/wp\/v2\/types\/page"}],"author":[{"embeddable":true,"href":"https:\/\/mobilbox.hu\/de\/wp-json\/wp\/v2\/users\/3"}],"replies":[{"embeddable":true,"href":"https:\/\/mobilbox.hu\/de\/wp-json\/wp\/v2\/comments?post=1650"}],"version-history":[{"count":1,"href":"https:\/\/mobilbox.hu\/de\/wp-json\/wp\/v2\/pages\/1650\/revisions"}],"predecessor-version":[{"id":7004,"href":"https:\/\/mobilbox.hu\/de\/wp-json\/wp\/v2\/pages\/1650\/revisions\/7004"}],"up":[{"embeddable":true,"href":"https:\/\/mobilbox.hu\/de\/wp-json\/wp\/v2\/pages\/22"}],"wp:attachment":[{"href":"https:\/\/mobilbox.hu\/de\/wp-json\/wp\/v2\/media?parent=1650"}],"curies":[{"name":"wp","href":"https:\/\/api.w.org\/{rel}","templated":true}]}}