{"id":1660,"date":"2018-06-27T11:00:23","date_gmt":"2018-06-27T11:00:23","guid":{"rendered":"http:\/\/mytrejka.nazwa.pl\/mobilbox\/?page_id=1660"},"modified":"2023-11-21T14:33:29","modified_gmt":"2023-11-21T14:33:29","slug":"metallplomben","status":"publish","type":"page","link":"https:\/\/mobilbox.hu\/de\/plomben\/metallplomben\/","title":{"rendered":"Metallplomben"},"content":{"rendered":"<h3 class=\"image-title\"><\/h3>\n<!--themify_builder_content-->\n<div id=\"themify_builder_content-1660\" data-postid=\"1660\" class=\"themify_builder_content themify_builder_content-1660 themify_builder tf_clear\">\n                    <div  data-lazy=\"1\" class=\"module_row themify_builder_row tb_86et219 tb_first tf_w\">\n                        <div class=\"row_inner col_align_top tb_col_count_2 tf_box tf_rel\">\n                        <div  data-lazy=\"1\" class=\"module_column tb-column col3-1 tb_e97a222 first\">\n                    <!-- module image -->\n<div  class=\"module module-image tb_nkqh223 image-top   tf_mw\" data-lazy=\"1\">\n        <div class=\"image-wrap tf_rel tf_mw\">\n            <img loading=\"lazy\" decoding=\"async\" width=\"482\" height=\"362\" src=\"https:\/\/mobilbox.hu\/de\/wp-content\/uploads\/2018\/06\/plomba-metalowa-do-kontenera-1.jpg\" class=\"wp-post-image wp-image-1698\" title=\"plomba-metalowa-do-kontenera-1\" alt=\"plomba-metalowa-do-kontenera-1\" srcset=\"https:\/\/mobilbox.hu\/de\/wp-content\/uploads\/2018\/06\/plomba-metalowa-do-kontenera-1.jpg 482w, https:\/\/mobilbox.hu\/de\/wp-content\/uploads\/2018\/06\/plomba-metalowa-do-kontenera-1-300x225.jpg 300w\" sizes=\"auto, (max-width: 482px) 100vw, 482px\" \/>    \n        <\/div>\n    <!-- \/image-wrap -->\n    \n        <\/div>\n<!-- \/module image -->        <\/div>\n                    <div  data-lazy=\"1\" class=\"module_column tb-column col3-2 tb_7sop223 last\">\n                    <!-- module text -->\n<div  class=\"module module-text tb_4upz223  repeat \" data-lazy=\"1\">\n        <div  class=\"tb_text_wrap\">\n        <h2 class=\\\"title\\\">Schraubverschlussplompen f\u00fcr Container<\/h2>\n<div class=\\\"desc\\\">\n<p><strong><span class=\\\"left_box_title\\\">Beschreibung:<\/span><\/strong><\/p>\n<p><span class=\\\"left_box_desc\\\">Typ TSS-BS02 hat ein rotierende Schutzstruktur. Entspricht den Anforderungen der neuen ISO Norm 17712:2013<\/span><\/p>\n<pre id=\\\"tw-target-text\\\" class=\\\"tw-data-text tw-ta tw-text-small\\\" dir=\\\"ltr\\\" data-placeholder=\\\"\u00dcbersetzung\\\" data-fulltext=\\\"\\\">\u00a0<\/pre>\n<\/div>    <\/div>\n<\/div>\n<!-- \/module text --><!-- module buttons -->\n<div  class=\"module module-buttons tb_9oen223 buttons-horizontal solid  squared\" data-lazy=\"1\">\n        <div class=\"module-buttons-item tf_in_flx\">\n                        <a href=\"https:\/\/mobilbox.hu\/de\/plomben\/metallplomben\/schraubverschlusplomben-fur-container\/\" class=\"ui builder_button tf_in_flx red\" >\n                                                Mehr                                        <\/a>\n                <\/div>\n            <\/div>\n<!-- \/module buttons -->\n        <\/div>\n                        <\/div>\n        <\/div>\n                        <div  data-lazy=\"1\" class=\"module_row themify_builder_row tb_ne2g220 tf_w\">\n                        <div class=\"row_inner col_align_top tb_col_count_1 tf_box tf_rel\">\n                        <div  data-lazy=\"1\" class=\"module_column tb-column col-full tb_l2oe224 first\">\n                    <!-- module text -->\n<div  class=\"module module-text tb_2mdr224  repeat \" data-lazy=\"1\">\n        <div  class=\"tb_text_wrap\">\n        <hr \/>\n<p>\u00a0<\/p>    <\/div>\n<\/div>\n<!-- \/module text -->        <\/div>\n                        <\/div>\n        <\/div>\n                        <div  data-lazy=\"1\" class=\"module_row themify_builder_row tb_551w220 tf_w\">\n                        <div class=\"row_inner col_align_top tb_col_count_2 tf_box tf_rel\">\n                        <div  data-lazy=\"1\" class=\"module_column tb-column col3-1 tb_ovm0224 first\">\n                    <!-- module image -->\n<div  class=\"module module-image tb_1hki224 image-top   tf_mw\" data-lazy=\"1\">\n        <div class=\"image-wrap tf_rel tf_mw\">\n            <img loading=\"lazy\" decoding=\"async\" width=\"478\" height=\"362\" src=\"https:\/\/mobilbox.hu\/de\/wp-content\/uploads\/2018\/06\/plomba-metalowa-2-do-kontenera.jpg\" class=\"wp-post-image wp-image-1699\" title=\"plomba-metalowa-2-do-kontenera\" alt=\"plomba-metalowa-2-do-kontenera\" srcset=\"https:\/\/mobilbox.hu\/de\/wp-content\/uploads\/2018\/06\/plomba-metalowa-2-do-kontenera.jpg 478w, https:\/\/mobilbox.hu\/de\/wp-content\/uploads\/2018\/06\/plomba-metalowa-2-do-kontenera-300x227.jpg 300w, https:\/\/mobilbox.hu\/de\/wp-content\/uploads\/2018\/06\/plomba-metalowa-2-do-kontenera-264x200.jpg 264w\" sizes=\"auto, (max-width: 478px) 100vw, 478px\" \/>    \n        <\/div>\n    <!-- \/image-wrap -->\n    \n        <\/div>\n<!-- \/module image -->        <\/div>\n                    <div  data-lazy=\"1\" class=\"module_column tb-column col3-2 tb_kjgv225 last\">\n                    <!-- module text -->\n<div  class=\"module module-text tb_dgl7225  repeat \" data-lazy=\"1\">\n        <div  class=\"tb_text_wrap\">\n        <h2 class=\\\"title\\\">Manuelle Containerverriegelung<\/h2>\n<div>\u00a0<\/div>\n<div class=\\\"desc\\\">\n<p><strong><span class=\\\"left_box_title\\\">Beschreibung:<\/span><\/strong><\/p>\n<p>Sch\u00fctzt vor Einbruch und Diebstahl<\/p>\n<\/div>    <\/div>\n<\/div>\n<!-- \/module text --><!-- module buttons -->\n<div  class=\"module module-buttons tb_yklv225 buttons-horizontal solid  squared\" data-lazy=\"1\">\n        <div class=\"module-buttons-item tf_in_flx\">\n                        <a href=\"https:\/\/mobilbox.hu\/de\/plomben\/metallplomben\/manuelle-verriegelung\/\" class=\"ui builder_button tf_in_flx red\" >\n                                                Mehr                                        <\/a>\n                <\/div>\n            <\/div>\n<!-- \/module buttons -->\n        <\/div>\n                        <\/div>\n        <\/div>\n                        <div  data-lazy=\"1\" class=\"module_row themify_builder_row tb_zka5220 tf_w\">\n                        <div class=\"row_inner col_align_top tb_col_count_1 tf_box tf_rel\">\n                        <div  data-lazy=\"1\" class=\"module_column tb-column col-full tb_7qvp225 first\">\n                    <!-- module text -->\n<div  class=\"module module-text tb_z2cc225  repeat \" data-lazy=\"1\">\n        <div  class=\"tb_text_wrap\">\n        <hr \/>\n<p>\u00a0<\/p>    <\/div>\n<\/div>\n<!-- \/module text -->        <\/div>\n                        <\/div>\n        <\/div>\n                        <div  data-lazy=\"1\" class=\"module_row themify_builder_row tb_bpwf220 tf_w\">\n                        <div class=\"row_inner col_align_top tb_col_count_2 tf_box tf_rel\">\n                        <div  data-lazy=\"1\" class=\"module_column tb-column col3-1 tb_valx225 first\">\n                    <!-- module image -->\n<div  class=\"module module-image tb_l04f225 image-top   tf_mw\" data-lazy=\"1\">\n        <div class=\"image-wrap tf_rel tf_mw\">\n            <img loading=\"lazy\" decoding=\"async\" width=\"482\" height=\"336\" src=\"https:\/\/mobilbox.hu\/de\/wp-content\/uploads\/2018\/06\/plomba-metalowa-do-kontenera-3.jpg\" class=\"wp-post-image wp-image-1700\" title=\"plomba-metalowa-do-kontenera-3\" alt=\"plomba-metalowa-do-kontenera-3\" srcset=\"https:\/\/mobilbox.hu\/de\/wp-content\/uploads\/2018\/06\/plomba-metalowa-do-kontenera-3.jpg 482w, https:\/\/mobilbox.hu\/de\/wp-content\/uploads\/2018\/06\/plomba-metalowa-do-kontenera-3-300x209.jpg 300w, https:\/\/mobilbox.hu\/de\/wp-content\/uploads\/2018\/06\/plomba-metalowa-do-kontenera-3-286x200.jpg 286w, https:\/\/mobilbox.hu\/de\/wp-content\/uploads\/2018\/06\/plomba-metalowa-do-kontenera-3-28x20.jpg 28w\" sizes=\"auto, (max-width: 482px) 100vw, 482px\" \/>    \n        <\/div>\n    <!-- \/image-wrap -->\n    \n        <\/div>\n<!-- \/module image -->        <\/div>\n                    <div  data-lazy=\"1\" class=\"module_column tb-column col3-2 tb_kkz5226 last\">\n                    <!-- module text -->\n<div  class=\"module module-text tb_hqjr226  repeat \" data-lazy=\"1\">\n        <div  class=\"tb_text_wrap\">\n        <h2 class=\\\"title\\\">Kabelplomben<\/h2>\n<div class=\\\"desc\\\">\n<p>\u00a0<\/p>\n<p><strong><span class=\\\"left_box_title\\\">Beschreibung:<\/span><\/strong><\/p>\n<ul class=\\\"left_box_desc\\\">\n<li>einfache, schnelle Montage und Demontage<\/li>\n<\/ul>\n<\/div>    <\/div>\n<\/div>\n<!-- \/module text --><!-- module buttons -->\n<div  class=\"module module-buttons tb_a5fe226 buttons-horizontal solid  squared\" data-lazy=\"1\">\n        <div class=\"module-buttons-item tf_in_flx\">\n                        <a href=\"https:\/\/mobilbox.hu\/de\/plomben\/metallplomben\/kabelplomben\/\" class=\"ui builder_button tf_in_flx red\" >\n                                                Mehr                                        <\/a>\n                <\/div>\n            <\/div>\n<!-- \/module buttons -->\n        <\/div>\n                        <\/div>\n        <\/div>\n                        <div  data-lazy=\"1\" class=\"module_row themify_builder_row tb_sndn220 tf_w\">\n                        <div class=\"row_inner col_align_top tb_col_count_1 tf_box tf_rel\">\n                        <div  data-lazy=\"1\" class=\"module_column tb-column col-full tb_ko18226 first\">\n                    <!-- module text -->\n<div  class=\"module module-text tb_d2as226  repeat \" data-lazy=\"1\">\n        <div  class=\"tb_text_wrap\">\n        <hr \/>\n<p>\u00a0<\/p>    <\/div>\n<\/div>\n<!-- \/module text -->        <\/div>\n                        <\/div>\n        <\/div>\n                        <div  data-lazy=\"1\" class=\"module_row themify_builder_row tb_24hl868 tf_w\">\n                        <div class=\"row_inner col_align_top tb_col_count_2 tf_box tf_rel\">\n                        <div  data-lazy=\"1\" class=\"module_column tb-column col3-1 tb_vynh868 first\">\n                    <!-- module image -->\n<div  class=\"module module-image tb_ogd4869 image-top   tf_mw\" data-lazy=\"1\">\n        <div class=\"image-wrap tf_rel tf_mw\">\n            <img loading=\"lazy\" decoding=\"async\" width=\"482\" height=\"321\" src=\"https:\/\/mobilbox.hu\/de\/wp-content\/uploads\/2019\/06\/double-seals-security.jpg\" class=\"wp-post-image wp-image-6619\" title=\"double-seals-security\" alt=\"double-seals-security\" srcset=\"https:\/\/mobilbox.hu\/de\/wp-content\/uploads\/2019\/06\/double-seals-security.jpg 482w, https:\/\/mobilbox.hu\/de\/wp-content\/uploads\/2019\/06\/double-seals-security-300x200.jpg 300w\" sizes=\"auto, (max-width: 482px) 100vw, 482px\" \/>    \n        <\/div>\n    <!-- \/image-wrap -->\n    \n        <\/div>\n<!-- \/module image -->        <\/div>\n                    <div  data-lazy=\"1\" class=\"module_column tb-column col3-2 tb_b9d6869 last\">\n                    <!-- module text -->\n<div  class=\"module module-text tb_w74r869  repeat \" data-lazy=\"1\">\n        <div  class=\"tb_text_wrap\">\n        <h2><strong>Dupla biztons\u00e1gi kont\u00e9nerz\u00e1r<\/strong><\/h2>\n<ul>\n<li>Sodronyz\u00e1r \u00e9s biztons\u00e1gi\u00a0kont\u00e9nerz\u00e1r egyben<\/li>\n<li>F\u0171zze \u00e1t az ac\u00e9l sodronyt a v\u00e9dend\u0151 fel\u00fcleten, majd h\u00fazza meg a z\u00e1rtesten kereszt\u00fcl. A maxim\u00e1lis v\u00e9delem el\u00e9r\u00e9s\u00e9hez \u00e9rdemes min\u00e9l szorosabbra h\u00fazni a k\u00e1belt. Ezut\u00e1n r\u00f6gz\u00edtse a biztons\u00e1gi kont\u00e9nerz\u00e1rral.<\/li>\n<li>Elt\u00e1vol\u00edt\u00e1s: v\u00e1g\u00f3szersz\u00e1mmal\u00a0\u00a0\u00a0\u00a0\u00a0\u00a0\u00a0\u00a0\u00a0\u00a0\u00a0<\/li>\n<\/ul>    <\/div>\n<\/div>\n<!-- \/module text --><!-- module buttons -->\n<div  class=\"module module-buttons tb_xmc0869 buttons-horizontal solid  squared\" data-lazy=\"1\">\n        <div class=\"module-buttons-item tf_in_flx\">\n                        <a href=\"https:\/\/mobilbox.hu\/de\/plomben\/metallplomben\/schraubverschlusplomben-fur-container-2\/\" class=\"ui builder_button tf_in_flx red\" >\n                                                Mehr                                        <\/a>\n                <\/div>\n            <\/div>\n<!-- \/module buttons -->\n        <\/div>\n                        <\/div>\n        <\/div>\n        <\/div>\n<!--\/themify_builder_content-->","protected":false},"excerpt":{"rendered":"<p>Schraubverschlussplompen f\u00fcr Container Beschreibung: Typ TSS-BS02 hat ein rotierende Schutzstruktur. Entspricht den Anforderungen der neuen ISO Norm 17712:2013 \u00a0 Mehr \u00a0 Manuelle Containerverriegelung \u00a0 Beschreibung: Sch\u00fctzt vor Einbruch und Diebstahl Mehr \u00a0 Kabelplomben \u00a0 Beschreibung: einfache, schnelle Montage und Demontage Mehr \u00a0 Dupla biztons\u00e1gi kont\u00e9nerz\u00e1r Sodronyz\u00e1r \u00e9s biztons\u00e1gi\u00a0kont\u00e9nerz\u00e1r egyben F\u0171zze \u00e1t az ac\u00e9l sodronyt a [&hellip;]<\/p>\n","protected":false},"author":3,"featured_media":0,"parent":20,"menu_order":0,"comment_status":"closed","ping_status":"closed","template":"","meta":{"_seopress_robots_primary_cat":"","_seopress_titles_title":"","_seopress_titles_desc":"","_seopress_robots_index":"","footnotes":""},"class_list":["post-1660","page","type-page","status-publish","hentry","has-post-title","has-post-date","has-post-category","has-post-tag","has-post-comment","has-post-author",""],"_links":{"self":[{"href":"https:\/\/mobilbox.hu\/de\/wp-json\/wp\/v2\/pages\/1660","targetHints":{"allow":["GET"]}}],"collection":[{"href":"https:\/\/mobilbox.hu\/de\/wp-json\/wp\/v2\/pages"}],"about":[{"href":"https:\/\/mobilbox.hu\/de\/wp-json\/wp\/v2\/types\/page"}],"author":[{"embeddable":true,"href":"https:\/\/mobilbox.hu\/de\/wp-json\/wp\/v2\/users\/3"}],"replies":[{"embeddable":true,"href":"https:\/\/mobilbox.hu\/de\/wp-json\/wp\/v2\/comments?post=1660"}],"version-history":[{"count":1,"href":"https:\/\/mobilbox.hu\/de\/wp-json\/wp\/v2\/pages\/1660\/revisions"}],"predecessor-version":[{"id":6998,"href":"https:\/\/mobilbox.hu\/de\/wp-json\/wp\/v2\/pages\/1660\/revisions\/6998"}],"up":[{"embeddable":true,"href":"https:\/\/mobilbox.hu\/de\/wp-json\/wp\/v2\/pages\/20"}],"wp:attachment":[{"href":"https:\/\/mobilbox.hu\/de\/wp-json\/wp\/v2\/media?parent=1660"}],"curies":[{"name":"wp","href":"https:\/\/api.w.org\/{rel}","templated":true}]}}