{"id":1666,"date":"2018-06-27T11:01:29","date_gmt":"2018-06-27T11:01:29","guid":{"rendered":"http:\/\/mytrejka.nazwa.pl\/mobilbox\/?page_id=1666"},"modified":"2023-11-21T14:33:29","modified_gmt":"2023-11-21T14:33:29","slug":"imo-aufkleber-sicherheitsklebeband","status":"publish","type":"page","link":"https:\/\/mobilbox.hu\/de\/plomben\/imo-aufkleber-sicherheitsklebeband\/","title":{"rendered":"IMO Aufkleber, Sicherheitsklebeband"},"content":{"rendered":"<!--themify_builder_content-->\n<div id=\"themify_builder_content-1666\" data-postid=\"1666\" class=\"themify_builder_content themify_builder_content-1666 themify_builder tf_clear\">\n                    <div  data-lazy=\"1\" class=\"module_row themify_builder_row tb_edri226 tb_first tf_w\">\n                        <div class=\"row_inner col_align_top tb_col_count_2 tf_box tf_rel\">\n                        <div  data-lazy=\"1\" class=\"module_column tb-column col3-1 tb_bc3j064 first\">\n                    <!-- module image -->\n<div  class=\"module module-image tb_7186604 image-top   tf_mw\" data-lazy=\"1\">\n        <div class=\"image-wrap tf_rel tf_mw\">\n            <img loading=\"lazy\" decoding=\"async\" width=\"482\" height=\"261\" src=\"https:\/\/mobilbox.hu\/de\/wp-content\/uploads\/2018\/06\/tasma-zabezpieczaj\u0105ce-1.jpg\" class=\"wp-post-image wp-image-1741\" title=\"tasma-zabezpieczaj\u0105ce-1\" alt=\"tasma-zabezpieczaj\u0105ce-1\" srcset=\"https:\/\/mobilbox.hu\/de\/wp-content\/uploads\/2018\/06\/tasma-zabezpieczaj\u0105ce-1.jpg 482w, https:\/\/mobilbox.hu\/de\/wp-content\/uploads\/2018\/06\/tasma-zabezpieczaj\u0105ce-1-300x162.jpg 300w, https:\/\/mobilbox.hu\/de\/wp-content\/uploads\/2018\/06\/tasma-zabezpieczaj\u0105ce-1-369x200.jpg 369w\" sizes=\"auto, (max-width: 482px) 100vw, 482px\" \/>    \n        <\/div>\n    <!-- \/image-wrap -->\n    \n        <\/div>\n<!-- \/module image -->        <\/div>\n                    <div  data-lazy=\"1\" class=\"module_column tb-column col3-2 tb_gyr0535 last\">\n                    <!-- module text -->\n<div  class=\"module module-text tb_olea005  repeat \" data-lazy=\"1\">\n        <div  class=\"tb_text_wrap\">\n        <h2 class=\"title\">Sicherheitsklebeband<\/h2>\n<div class=\"desc\">\n<p><strong><span class=\"left_box_title\">Beschreibung:<\/span><\/strong><\/p>\n<p><span class=\"left_box_desc\">Das Sicherheitsklebeband wird genauso wie ein gew\u00f6hnliches Klebeband angebracht. Der Schutz vor Abriss und unsachgem\u00e4\u00dfes \u00f6ffnen ist aber deutlich erh\u00f6ht.<\/span><\/p>\n<\/div>    <\/div>\n<\/div>\n<!-- \/module text --><!-- module buttons -->\n<div  class=\"module module-buttons tb_blif256 buttons-horizontal solid  squared\" data-lazy=\"1\">\n        <div class=\"module-buttons-item tf_in_flx\">\n                        <a href=\"https:\/\/mobilbox.hu\/de\/plomben\/imo-aufkleber-sicherheitsklebeband\/sicherheitsklebeband\/\" class=\"ui builder_button tf_in_flx red\" >\n                                                Mehr                                        <\/a>\n                <\/div>\n            <\/div>\n<!-- \/module buttons -->\n        <\/div>\n                        <\/div>\n        <\/div>\n                        <div  data-lazy=\"1\" class=\"module_row themify_builder_row tb_dhle631 tf_w\">\n                        <div class=\"row_inner col_align_top tb_col_count_1 tf_box tf_rel\">\n                        <div  data-lazy=\"1\" class=\"module_column tb-column col-full tb_fim0366 first\">\n                    <!-- module text -->\n<div  class=\"module module-text tb_9zrl220  repeat \" data-lazy=\"1\">\n        <div  class=\"tb_text_wrap\">\n        <hr \/>\n<p>\u00a0<\/p>    <\/div>\n<\/div>\n<!-- \/module text -->        <\/div>\n                        <\/div>\n        <\/div>\n                        <div  data-lazy=\"1\" class=\"module_row themify_builder_row tb_j4yi666 tf_w\">\n                        <div class=\"row_inner col_align_top tb_col_count_2 tf_box tf_rel\">\n                        <div  data-lazy=\"1\" class=\"module_column tb-column col3-1 tb_y7bz262 first\">\n                    <!-- module image -->\n<div  class=\"module module-image tb_38ls770 image-top   tf_mw\" data-lazy=\"1\">\n        <div class=\"image-wrap tf_rel tf_mw\">\n            <img loading=\"lazy\" decoding=\"async\" width=\"362\" height=\"362\" src=\"https:\/\/mobilbox.hu\/de\/wp-content\/uploads\/2018\/06\/nalepka-ostrzegawcza-1.gif\" class=\"wp-post-image wp-image-1742\" title=\"nalepka-ostrzegawcza-1\" alt=\"nalepka-ostrzegawcza-1\">    \n        <\/div>\n    <!-- \/image-wrap -->\n    \n        <\/div>\n<!-- \/module image -->        <\/div>\n                    <div  data-lazy=\"1\" class=\"module_column tb-column col3-2 tb_2wuw676 last\">\n                    <!-- module text -->\n<div  class=\"module module-text tb_jbgd080  repeat \" data-lazy=\"1\">\n        <div  class=\"tb_text_wrap\">\n        <div class=\"desc\">\n<h2 class=\"title\">Warnschilder zur Kennzeichnung gef\u00e4hrlicher G\u00fcter<\/h2>\n<div class=\"desc\">\n<p><strong>Beschreibung:<\/strong><\/p>\n<ul>\n<li>Kennzeichnung gem. den internationalen Bestimmungen und Vorschriften<\/li>\n<li>Abmessungen nach Normen<\/li>\n<li>komplettes Sortiment<\/li>\n<\/ul>\n<\/div>\n<\/div>    <\/div>\n<\/div>\n<!-- \/module text --><!-- module buttons -->\n<div  class=\"module module-buttons tb_tf88336 buttons-horizontal solid  squared\" data-lazy=\"1\">\n        <div class=\"module-buttons-item tf_in_flx\">\n                        <a href=\"https:\/\/mobilbox.hu\/de\/plomben\/imo-aufkleber-sicherheitsklebeband\/warnaufkleber\/\" class=\"ui builder_button tf_in_flx red\" >\n                                                Mehr                                        <\/a>\n                <\/div>\n            <\/div>\n<!-- \/module buttons -->\n        <\/div>\n                        <\/div>\n        <\/div>\n                        <div  data-lazy=\"1\" class=\"module_row themify_builder_row tb_0naf033 tf_w\">\n                        <div class=\"row_inner col_align_top tb_col_count_1 tf_box tf_rel\">\n                        <div  data-lazy=\"1\" class=\"module_column tb-column col-full tb_l9na063 first\">\n                    <!-- module text -->\n<div  class=\"module module-text tb_n4se322  repeat \" data-lazy=\"1\">\n        <div  class=\"tb_text_wrap\">\n        <hr \/>\n<p>\u00a0<\/p>    <\/div>\n<\/div>\n<!-- \/module text -->        <\/div>\n                        <\/div>\n        <\/div>\n        <\/div>\n<!--\/themify_builder_content-->","protected":false},"excerpt":{"rendered":"<p>Sicherheitsklebeband Beschreibung: Das Sicherheitsklebeband wird genauso wie ein gew\u00f6hnliches Klebeband angebracht. Der Schutz vor Abriss und unsachgem\u00e4\u00dfes \u00f6ffnen ist aber deutlich erh\u00f6ht. Mehr \u00a0 Warnschilder zur Kennzeichnung gef\u00e4hrlicher G\u00fcter Beschreibung: Kennzeichnung gem. den internationalen Bestimmungen und Vorschriften Abmessungen nach Normen komplettes Sortiment Mehr \u00a0<\/p>\n","protected":false},"author":3,"featured_media":0,"parent":20,"menu_order":0,"comment_status":"closed","ping_status":"closed","template":"","meta":{"_seopress_robots_primary_cat":"","_seopress_titles_title":"","_seopress_titles_desc":"","_seopress_robots_index":"","footnotes":""},"class_list":["post-1666","page","type-page","status-publish","hentry","has-post-title","has-post-date","has-post-category","has-post-tag","has-post-comment","has-post-author",""],"_links":{"self":[{"href":"https:\/\/mobilbox.hu\/de\/wp-json\/wp\/v2\/pages\/1666","targetHints":{"allow":["GET"]}}],"collection":[{"href":"https:\/\/mobilbox.hu\/de\/wp-json\/wp\/v2\/pages"}],"about":[{"href":"https:\/\/mobilbox.hu\/de\/wp-json\/wp\/v2\/types\/page"}],"author":[{"embeddable":true,"href":"https:\/\/mobilbox.hu\/de\/wp-json\/wp\/v2\/users\/3"}],"replies":[{"embeddable":true,"href":"https:\/\/mobilbox.hu\/de\/wp-json\/wp\/v2\/comments?post=1666"}],"version-history":[{"count":1,"href":"https:\/\/mobilbox.hu\/de\/wp-json\/wp\/v2\/pages\/1666\/revisions"}],"predecessor-version":[{"id":7000,"href":"https:\/\/mobilbox.hu\/de\/wp-json\/wp\/v2\/pages\/1666\/revisions\/7000"}],"up":[{"embeddable":true,"href":"https:\/\/mobilbox.hu\/de\/wp-json\/wp\/v2\/pages\/20"}],"wp:attachment":[{"href":"https:\/\/mobilbox.hu\/de\/wp-json\/wp\/v2\/media?parent=1666"}],"curies":[{"name":"wp","href":"https:\/\/api.w.org\/{rel}","templated":true}]}}