{"id":2091,"date":"2018-08-07T09:36:44","date_gmt":"2018-08-07T09:36:44","guid":{"rendered":"https:\/\/mobilbox.hu\/de\/?page_id=2091"},"modified":"2025-08-27T11:41:39","modified_gmt":"2025-08-27T11:41:39","slug":"download-dateien","status":"publish","type":"page","link":"https:\/\/mobilbox.hu\/de\/download-dateien\/","title":{"rendered":"Download Dateien"},"content":{"rendered":"<!--themify_builder_content-->\n<div id=\"themify_builder_content-2091\" data-postid=\"2091\" class=\"themify_builder_content themify_builder_content-2091 themify_builder tf_clear\">\n                    <div  data-lazy=\"1\" class=\"module_row themify_builder_row tb_2d34c9a tb_first tf_w\">\n                        <div class=\"row_inner col_align_top tb_col_count_1 tf_box tf_rel\">\n                        <div  data-lazy=\"1\" class=\"module_column tb-column col-full tb_1b46fc0 first\">\n                    <!-- module icon -->\n<div  class=\"module module-icon tb_1ff6b81  xlarge squared icon_horizontal \" data-lazy=\"1\">\n\t\t\t<div class=\"module-icon-item\">\n\t\t\t\t\t\t\t<a href=\"https:\/\/mobilbox.hu\/de\/wp-content\/uploads\/2024\/10\/ASZF-berlet-nemet.pdf\" rel=\"noopener\" target=\"_blank\">\n\t\t\t\t\t\t\t\t\t\t\t\t\t\t\t\t\t<em class=\"tf_box\"\n\t\t\t\t\t\t\t\t\t\t\t\t style=\"background-color:#e8311f;color:#fffcfc\"\t\t\t\t\t><svg  class=\"tf_fa tf-far-file-text-o\" xmlns:xlink=\"http:\/\/www.w3.org\/1999\/xlink\" aria-hidden=\"true\"><use href=\"#tf-far-file-text-o\" xlink:href=\"#tf-far-file-text-o\"><\/use><\/svg><\/em>\n\t\t\t\t\t\t\t\t\t\t\t\t\t\t\t\t\t\t\t<span> Unsere Allgemeinen Containervermietungsbedingungen<\/span>\n\t\t\t\t\t\t\t\t\t\t\t\t\t\t\t\t\t<\/a>\n\t\t\t\t\t<\/div>\n\t<\/div>\n<!-- \/module icon -->\n<!-- module icon -->\n<div  class=\"module module-icon tb_ea8x494  xlarge squared icon_horizontal \" data-lazy=\"1\">\n\t\t\t<div class=\"module-icon-item\">\n\t\t\t\t\t\t\t<a href=\"https:\/\/mobilbox.hu\/de\/wp-content\/uploads\/2019\/05\/ASZF-advet-n\u00e9met1.pdf\" rel=\"noopener\" target=\"_blank\">\n\t\t\t\t\t\t\t\t\t\t\t\t\t\t\t\t\t<em class=\"tf_box\"\n\t\t\t\t\t\t\t\t\t\t\t\t style=\"background-color:#e8311f;color:#ffffff\"\t\t\t\t\t><svg  class=\"tf_fa tf-far-file-text-o\" xmlns:xlink=\"http:\/\/www.w3.org\/1999\/xlink\" aria-hidden=\"true\"><use href=\"#tf-far-file-text-o\" xlink:href=\"#tf-far-file-text-o\"><\/use><\/svg><\/em>\n\t\t\t\t\t\t\t\t\t\t\t\t\t\t\t\t\t\t\t<span>Unsere Allgemeinen Containerverkaufsbedingungen <\/span>\n\t\t\t\t\t\t\t\t\t\t\t\t\t\t\t\t\t<\/a>\n\t\t\t\t\t<\/div>\n\t<\/div>\n<!-- \/module icon -->\n<!-- module icon -->\n<div  class=\"module module-icon tb_ltjt28  xlarge squared icon_horizontal \" data-lazy=\"1\">\n\t\t\t<div class=\"module-icon-item\">\n\t\t\t\t\t\t\t<a href=\"https:\/\/mobilbox.hu\/de\/wp-content\/uploads\/2025\/08\/49053525_TANUSITVANY-ISO-90011400145001_MOBILBOX-KFT.-ENG.pdf\" rel=\"noopener\" target=\"_blank\">\n\t\t\t\t\t\t\t\t\t\t\t\t\t\t\t\t\t<em class=\"tf_box\"\n\t\t\t\t\t\t\t\t\t\t\t\t style=\"background-color:#e8311f;color:#ffeeed\"\t\t\t\t\t><svg  class=\"tf_fa tf-far-file-text-o\" xmlns:xlink=\"http:\/\/www.w3.org\/1999\/xlink\" aria-hidden=\"true\"><use href=\"#tf-far-file-text-o\" xlink:href=\"#tf-far-file-text-o\"><\/use><\/svg><\/em>\n\t\t\t\t\t\t\t\t\t\t\t\t\t\t\t\t\t\t\t<span>MSZ EN ISO 9001:2015, MSZ EN ISO 14001:2015, MSZ ISO 45001:2018<\/span>\n\t\t\t\t\t\t\t\t\t\t\t\t\t\t\t\t\t<\/a>\n\t\t\t\t\t<\/div>\n\t<\/div>\n<!-- \/module icon -->\n<!-- module icon -->\n<div  class=\"module module-icon tb_zu2s248  xlarge squared icon_horizontal \" data-lazy=\"1\">\n\t\t\t<div class=\"module-icon-item\">\n\t\t\t\t\t\t\t<a href=\"https:\/\/mobilbox.hu\/de\/wp-content\/uploads\/2025\/08\/AQAP_Tanusitvany_MOBILBOX_angol-2025.pdf\" rel=\"noopener\" target=\"_blank\">\n\t\t\t\t\t\t\t\t\t\t\t\t\t\t\t\t\t<em class=\"tf_box\"\n\t\t\t\t\t\t\t\t\t\t\t\t style=\"background-color:#e8311f;color:#ffeeed\"\t\t\t\t\t><svg  class=\"tf_fa tf-far-file-text-o\" xmlns:xlink=\"http:\/\/www.w3.org\/1999\/xlink\" aria-hidden=\"true\"><use href=\"#tf-far-file-text-o\" xlink:href=\"#tf-far-file-text-o\"><\/use><\/svg><\/em>\n\t\t\t\t\t\t\t\t\t\t\t\t\t\t\t\t\t\t\t<span>AQAP Zertifikat<\/span>\n\t\t\t\t\t\t\t\t\t\t\t\t\t\t\t\t\t<\/a>\n\t\t\t\t\t<\/div>\n\t<\/div>\n<!-- \/module icon -->\n<!-- module icon -->\n<div  class=\"module module-icon tb_nqco666  xlarge squared icon_horizontal \" data-lazy=\"1\">\n\t\t\t<div class=\"module-icon-item\">\n\t\t\t\t\t\t\t<a href=\"https:\/\/mobilbox.hu\/de\/wp-content\/uploads\/2024\/02\/Mobilbox-SCHADENSREGULIERUNGSLEISTUNG-1.pdf\" rel=\"noopener\" target=\"_blank\">\n\t\t\t\t\t\t\t\t\t\t\t\t\t\t\t\t\t<em class=\"tf_box\"\n\t\t\t\t\t\t\t\t\t\t\t\t style=\"background-color:#e8311f;color:#ffeeed\"\t\t\t\t\t><svg  class=\"tf_fa tf-far-file-text-o\" xmlns:xlink=\"http:\/\/www.w3.org\/1999\/xlink\" aria-hidden=\"true\"><use href=\"#tf-far-file-text-o\" xlink:href=\"#tf-far-file-text-o\"><\/use><\/svg><\/em>\n\t\t\t\t\t\t\t\t\t\t\t\t\t\t\t\t\t\t\t<span>Schadensregulierungsleitung Information<\/span>\n\t\t\t\t\t\t\t\t\t\t\t\t\t\t\t\t\t<\/a>\n\t\t\t\t\t<\/div>\n\t<\/div>\n<!-- \/module icon -->\n        <\/div>\n                        <\/div>\n        <\/div>\n                        <div  data-css_id=\"acay306\" data-lazy=\"1\" class=\"module_row themify_builder_row fullwidth_row_container tb_acay306 tf_w\">\n                        <div class=\"row_inner col_align_top tb_col_count_1 tf_box tf_rel\">\n                        <div  data-lazy=\"1\" class=\"module_column tb-column col-full tb_hbds306 first\">\n                    <!-- module template_part -->\n<div  class=\"module module-layout-part tb_sg5h927 \">\n    <div class=\"tb_layout_part_wrap tf_w\"><!--themify_builder_content-->\n    <div  class=\"themify_builder_content themify_builder_content-6076 themify_builder not_editable_builder in_the_loop\" data-postid=\"6076\">\n                        <div  data-css_id=\"7885e66\" data-lazy=\"1\" class=\"module_row themify_builder_row fullwidth tb_7885e66 tf_w\">\n            <span  class=\"builder_row_cover tf_abs\" data-lazy=\"1\"><\/span>            <div class=\"row_inner col_align_top tb_col_count_3 tf_box tf_rel\">\n                        <div  data-lazy=\"1\" class=\"module_column tb-column col4-1 tb_a5f2af4 first\">\n                            <\/div>\n                    <div  data-lazy=\"1\" class=\"module_column tb-column col4-2 tb_6f6ac2e\">\n                    <!-- module fancy heading -->\n<div  class=\"module module-fancy-heading tb_43da711 \" data-lazy=\"1\">\n        <h1 class=\"fancy-heading tf_textc\">\n    <span class=\"main-head tf_block\">\n                    <strong>SCHREIBEN SIE UNS<\/strong>            <\/span>\n\n    \n    <span class=\"sub-head tf_block tf_rel\">\n                    F\u00fcr Angebote f\u00fcllen Sie bitte unser Anfrageformular aus.            <\/span>\n    <\/h1>\n<\/div>\n<!-- \/module fancy heading -->\n<!-- module text -->\n<div  class=\"module module-text tb_8c1f3b6  repeat \" data-lazy=\"1\">\n        <div  class=\"tb_text_wrap\">\n        <div class=\"wpforms-container wpforms-container-full\" id=\"wpforms-7091\"><form id=\"wpforms-form-7091\" class=\"wpforms-validate wpforms-form\" data-formid=\"7091\" method=\"post\" enctype=\"multipart\/form-data\" action=\"\/de\/wp-json\/wp\/v2\/pages\/2091?wpforms_form_id=7091\" data-token=\"feeb878b11fd5198bc4e58d3aace19d2\" data-token-time=\"1776950895\"><noscript class=\"wpforms-error-noscript\">Please enable JavaScript in your browser to complete this form.<\/noscript><div class=\"wpforms-field-container\"><div id=\"wpforms-7091-field_31-container\" class=\"wpforms-field wpforms-field-hidden\" data-field-id=\"31\"><input type=\"hidden\" id=\"wpforms-7091-field_31\" name=\"wpforms[fields][31]\" value=\"https:\/\/mobilbox.hu\/de\/wp-json\/wp\/v2\/pages\/2091\"><\/div><div id=\"wpforms-7091-field_2-container\" class=\"wpforms-field wpforms-field-text wpforms-mobile-full wpforms-one-half wpforms-first\" data-field-id=\"2\"><label class=\"wpforms-field-label\" for=\"wpforms-7091-field_2\">Name\/Firmenname: <span class=\"wpforms-required-label\">*<\/span><\/label><input type=\"text\" id=\"wpforms-7091-field_2\" class=\"wpforms-field-large wpforms-field-required\" name=\"wpforms[fields][2]\" required><\/div><div id=\"wpforms-7091-field_19-container\" class=\"wpforms-field wpforms-field-text wpforms-one-half wpforms-mobile-full\" data-field-id=\"19\"><label class=\"wpforms-field-label\" for=\"wpforms-7091-field_19\">Postleitzahl, Stadt:<\/label><input type=\"text\" id=\"wpforms-7091-field_19\" class=\"wpforms-field-large\" name=\"wpforms[fields][19]\" ><\/div><div id=\"wpforms-7091-field_4-container\" class=\"wpforms-field wpforms-field-text wpforms-one-third wpforms-first wpforms-mobile-full\" data-field-id=\"4\"><label class=\"wpforms-field-label\" for=\"wpforms-7091-field_4\">Kontaktperson:<\/label><input type=\"text\" id=\"wpforms-7091-field_4\" class=\"wpforms-field-large\" name=\"wpforms[fields][4]\" ><\/div><div id=\"wpforms-7091-field_28-container\" class=\"wpforms-field wpforms-field-phone wpforms-one-third wpforms-mobile-full\" data-field-id=\"28\"><label class=\"wpforms-field-label\" for=\"wpforms-7091-field_28\">Telefonnummer: <span class=\"wpforms-required-label\">*<\/span><\/label><input type=\"tel\" id=\"wpforms-7091-field_28\" class=\"wpforms-field-large wpforms-field-required\" data-rule-int-phone-field=\"true\" name=\"wpforms[fields][28]\" aria-label=\"Telefonnummer:\" required><\/div><div id=\"wpforms-7091-field_20-container\" class=\"wpforms-field wpforms-field-email wpforms-one-third wpforms-mobile-full\" data-field-id=\"20\"><label class=\"wpforms-field-label\" for=\"wpforms-7091-field_20\">Email:<\/label><input type=\"email\" id=\"wpforms-7091-field_20\" class=\"wpforms-field-large\" name=\"wpforms[fields][20]\" spellcheck=\"false\" ><\/div><div id=\"wpforms-7091-field_24-container\" class=\"wpforms-field wpforms-field-select wpforms-one-half wpforms-first wpforms-mobile-full wpforms-field-select-style-classic\" data-field-id=\"24\"><label class=\"wpforms-field-label\" for=\"wpforms-7091-field_24\">Vermietung\/Kauf:<\/label><select id=\"wpforms-7091-field_24\" class=\"wpforms-field-large\" name=\"wpforms[fields][24]\"><option value=\"wahlen Sie eine M\u00f6glichkeit\"  class=\"choice-3 depth-1\"  >wahlen Sie eine M\u00f6glichkeit<\/option><option value=\"Ich m\u00f6chte Container vermieten\"  class=\"choice-1 depth-1\"  >Ich m\u00f6chte Container vermieten<\/option><option value=\"Ich m\u00f6chte Container kaufen\"  class=\"choice-2 depth-1\"  >Ich m\u00f6chte Container kaufen<\/option><\/select><\/div><div id=\"wpforms-7091-field_10-container\" class=\"wpforms-field wpforms-field-text wpforms-one-half wpforms-mobile-full\" data-field-id=\"10\"><label class=\"wpforms-field-label\" for=\"wpforms-7091-field_10\">Voraussichtliche Dauer der Vermietung:<\/label><input type=\"text\" id=\"wpforms-7091-field_10\" class=\"wpforms-field-large\" name=\"wpforms[fields][10]\" ><\/div><div id=\"wpforms-7091-field_9-container\" class=\"wpforms-field wpforms-field-text wpforms-one-half wpforms-first wpforms-mobile-full\" data-field-id=\"9\"><label class=\"wpforms-field-label\" for=\"wpforms-7091-field_9\">Ich m\u00f6chte das Container bei der folgende Termin durchnemen:<\/label><input type=\"text\" id=\"wpforms-7091-field_9\" class=\"wpforms-field-large\" name=\"wpforms[fields][9]\" ><\/div><div id=\"wpforms-7091-field_11-container\" class=\"wpforms-field wpforms-field-text wpforms-one-half wpforms-mobile-full\" data-field-id=\"11\"><label class=\"wpforms-field-label\" for=\"wpforms-7091-field_11\">Adresse der Lieferung:<\/label><input type=\"text\" id=\"wpforms-7091-field_11\" class=\"wpforms-field-large\" name=\"wpforms[fields][11]\" ><\/div><div id=\"wpforms-7091-field_32-container\" class=\"wpforms-field wpforms-field-select wpforms-one-third wpforms-first wpforms-mobile-full wpforms-field-select-style-classic\" data-field-id=\"32\"><label class=\"wpforms-field-label\" for=\"wpforms-7091-field_32\">Was f\u00fcr ein Container m\u00f6chten Sie? (copy)<\/label><select id=\"wpforms-7091-field_32\" class=\"wpforms-field-large\" name=\"wpforms[fields][32]\"><option value=\"W\u00e4hlen Sie einen Typ\"  class=\"choice-1 depth-1\"  >W\u00e4hlen Sie einen Typ<\/option><option value=\"B\u00fcrocontainer\"  class=\"choice-10 depth-1\"  >B\u00fcrocontainer<\/option><option value=\"Lagercontainer\"  class=\"choice-2 depth-1\"  >Lagercontainer<\/option><option value=\"K\u00fchlcontainer\"  class=\"choice-3 depth-1\"  >K\u00fchlcontainer<\/option><option value=\"Multifunktionscontainer\"  class=\"choice-4 depth-1\"  >Multifunktionscontainer<\/option><option value=\"Wohncontainer\"  class=\"choice-5 depth-1\"  >Wohncontainer<\/option><option value=\"Containerhaus\"  class=\"choice-6 depth-1\"  >Containerhaus<\/option><option value=\"Sanitercontainer\"  class=\"choice-7 depth-1\"  >Sanitercontainer<\/option><option value=\"Umkleidecontainer\"  class=\"choice-8 depth-1\"  >Umkleidecontainer<\/option><option value=\"Other Container\"  class=\"choice-9 depth-1\"  >Other Container<\/option><\/select><\/div><div id=\"wpforms-7091-field_30-container\" class=\"wpforms-field wpforms-field-select wpforms-one-third wpforms-mobile-full wpforms-field-select-style-classic\" data-field-id=\"30\"><label class=\"wpforms-field-label\" for=\"wpforms-7091-field_30\">Wie grosses Container m\u00f6chten Sie?<\/label><select id=\"wpforms-7091-field_30\" class=\"wpforms-field-large\" name=\"wpforms[fields][30]\"><option value=\"W\u00e4hlen Sie eine Gr\u00f6\u00dfe\"  class=\"choice-1 depth-1\"  >W\u00e4hlen Sie eine Gr\u00f6\u00dfe<\/option><option value=\"5&#039;   (1400mmX2438mmX2591mm)\"  class=\"choice-6 depth-1\"  >5'   (1400mmX2438mmX2591mm)<\/option><option value=\"8&#039;   (2438mmX2438mmX2591mm)\"  class=\"choice-2 depth-1\"  >8'   (2438mmX2438mmX2591mm)<\/option><option value=\"10&#039;  (2991mmX2438mmX2591mm)\"  class=\"choice-3 depth-1\"  >10'  (2991mmX2438mmX2591mm)<\/option><option value=\"20&#039;  (6058mmX2438mmX2591mm)\"  class=\"choice-4 depth-1\"  >20'  (6058mmX2438mmX2591mm)<\/option><option value=\"40&#039;  (12192mmX2438mmX2896mm)\"  class=\"choice-5 depth-1\"  >40'  (12192mmX2438mmX2896mm)<\/option><\/select><\/div><div id=\"wpforms-7091-field_34-container\" class=\"wpforms-field wpforms-field-text wpforms-one-third\" data-field-id=\"34\"><label class=\"wpforms-field-label\" for=\"wpforms-7091-field_34\">Anzahl<\/label><input type=\"text\" id=\"wpforms-7091-field_34\" class=\"wpforms-field-large\" name=\"wpforms[fields][34]\" ><\/div><div id=\"wpforms-7091-field_35-container\" class=\"wpforms-field wpforms-field-select wpforms-one-third wpforms-first wpforms-mobile-full wpforms-field-select-style-classic\" data-field-id=\"35\"><label class=\"wpforms-field-label\" for=\"wpforms-7091-field_35\">Was f\u00fcr ein Container m\u00f6chten Sie?<\/label><select id=\"wpforms-7091-field_35\" class=\"wpforms-field-large\" name=\"wpforms[fields][35]\"><option value=\"W\u00e4hlen Sie einen Typ\"  class=\"choice-1 depth-1\"  >W\u00e4hlen Sie einen Typ<\/option><option value=\"B\u00fcrocontainer\"  class=\"choice-10 depth-1\"  >B\u00fcrocontainer<\/option><option value=\"Lagercontainer\"  class=\"choice-2 depth-1\"  >Lagercontainer<\/option><option value=\"K\u00fchlcontainer\"  class=\"choice-3 depth-1\"  >K\u00fchlcontainer<\/option><option value=\"Multifunktionscontainer\"  class=\"choice-4 depth-1\"  >Multifunktionscontainer<\/option><option value=\"Wohncontainer\"  class=\"choice-5 depth-1\"  >Wohncontainer<\/option><option value=\"Containerhaus\"  class=\"choice-6 depth-1\"  >Containerhaus<\/option><option value=\"Sanitercontainer\"  class=\"choice-7 depth-1\"  >Sanitercontainer<\/option><option value=\"Umkleidecontainer\"  class=\"choice-8 depth-1\"  >Umkleidecontainer<\/option><option value=\"Other Container\"  class=\"choice-9 depth-1\"  >Other Container<\/option><\/select><\/div><div id=\"wpforms-7091-field_36-container\" class=\"wpforms-field wpforms-field-select wpforms-one-third wpforms-mobile-full wpforms-field-select-style-classic\" data-field-id=\"36\"><label class=\"wpforms-field-label\" for=\"wpforms-7091-field_36\">Wie grosses Container m\u00f6chten Sie?<\/label><select id=\"wpforms-7091-field_36\" class=\"wpforms-field-large\" name=\"wpforms[fields][36]\"><option value=\"W\u00e4hlen Sie eine Gr\u00f6\u00dfe\"  class=\"choice-1 depth-1\"  >W\u00e4hlen Sie eine Gr\u00f6\u00dfe<\/option><option value=\"5&#039;   (1400mmX2438mmX2591mm)\"  class=\"choice-6 depth-1\"  >5'   (1400mmX2438mmX2591mm)<\/option><option value=\"8&#039;   (2438mmX2438mmX2591mm)\"  class=\"choice-2 depth-1\"  >8'   (2438mmX2438mmX2591mm)<\/option><option value=\"10&#039;  (2991mmX2438mmX2591mm)\"  class=\"choice-3 depth-1\"  >10'  (2991mmX2438mmX2591mm)<\/option><option value=\"20&#039;  (6058mmX2438mmX2591mm)\"  class=\"choice-4 depth-1\"  >20'  (6058mmX2438mmX2591mm)<\/option><option value=\"40&#039;  (12192mmX2438mmX2896mm)\"  class=\"choice-5 depth-1\"  >40'  (12192mmX2438mmX2896mm)<\/option><\/select><\/div><div id=\"wpforms-7091-field_37-container\" class=\"wpforms-field wpforms-field-text wpforms-one-third\" data-field-id=\"37\"><label class=\"wpforms-field-label\" for=\"wpforms-7091-field_37\">Anzahl<\/label><input type=\"text\" id=\"wpforms-7091-field_37\" class=\"wpforms-field-large\" name=\"wpforms[fields][37]\" ><\/div><div id=\"wpforms-7091-field_38-container\" class=\"wpforms-field wpforms-field-select wpforms-one-third wpforms-first wpforms-mobile-full wpforms-field-select-style-classic\" data-field-id=\"38\"><label class=\"wpforms-field-label\" for=\"wpforms-7091-field_38\">Was f\u00fcr ein Container m\u00f6chten Sie? <\/label><select id=\"wpforms-7091-field_38\" class=\"wpforms-field-large\" name=\"wpforms[fields][38]\"><option value=\"W\u00e4hlen Sie einen Typ\"  class=\"choice-1 depth-1\"  >W\u00e4hlen Sie einen Typ<\/option><option value=\"B\u00fcrocontainer\"  class=\"choice-10 depth-1\"  >B\u00fcrocontainer<\/option><option value=\"Lagercontainer\"  class=\"choice-2 depth-1\"  >Lagercontainer<\/option><option value=\"K\u00fchlcontainer\"  class=\"choice-3 depth-1\"  >K\u00fchlcontainer<\/option><option value=\"Multifunktionscontainer\"  class=\"choice-4 depth-1\"  >Multifunktionscontainer<\/option><option value=\"Wohncontainer\"  class=\"choice-5 depth-1\"  >Wohncontainer<\/option><option value=\"Containerhaus\"  class=\"choice-6 depth-1\"  >Containerhaus<\/option><option value=\"Sanitercontainer\"  class=\"choice-7 depth-1\"  >Sanitercontainer<\/option><option value=\"Umkleidecontainer\"  class=\"choice-8 depth-1\"  >Umkleidecontainer<\/option><option value=\"Other Container\"  class=\"choice-9 depth-1\"  >Other Container<\/option><\/select><\/div><div id=\"wpforms-7091-field_39-container\" class=\"wpforms-field wpforms-field-select wpforms-one-third wpforms-mobile-full wpforms-field-select-style-classic\" data-field-id=\"39\"><label class=\"wpforms-field-label\" for=\"wpforms-7091-field_39\">Wie grosses Container m\u00f6chten Sie? <\/label><select id=\"wpforms-7091-field_39\" class=\"wpforms-field-large\" name=\"wpforms[fields][39]\"><option value=\"W\u00e4hlen Sie eine Gr\u00f6\u00dfe\"  class=\"choice-1 depth-1\"  >W\u00e4hlen Sie eine Gr\u00f6\u00dfe<\/option><option value=\"5&#039;   (1400mmX2438mmX2591mm)\"  class=\"choice-6 depth-1\"  >5'   (1400mmX2438mmX2591mm)<\/option><option value=\"8&#039;   (2438mmX2438mmX2591mm)\"  class=\"choice-2 depth-1\"  >8'   (2438mmX2438mmX2591mm)<\/option><option value=\"10&#039;  (2991mmX2438mmX2591mm)\"  class=\"choice-3 depth-1\"  >10'  (2991mmX2438mmX2591mm)<\/option><option value=\"20&#039;  (6058mmX2438mmX2591mm)\"  class=\"choice-4 depth-1\"  >20'  (6058mmX2438mmX2591mm)<\/option><option value=\"40&#039;  (12192mmX2438mmX2896mm)\"  class=\"choice-5 depth-1\"  >40'  (12192mmX2438mmX2896mm)<\/option><\/select><\/div><div id=\"wpforms-7091-field_40-container\" class=\"wpforms-field wpforms-field-text wpforms-one-third\" data-field-id=\"40\"><label class=\"wpforms-field-label\" for=\"wpforms-7091-field_40\">Anzahl <\/label><input type=\"text\" id=\"wpforms-7091-field_40\" class=\"wpforms-field-large\" name=\"wpforms[fields][40]\" ><\/div><div id=\"wpforms-7091-field_21-container\" class=\"wpforms-field wpforms-field-textarea wpforms-one-half wpforms-first wpforms-mobile-full\" data-field-id=\"21\"><label class=\"wpforms-field-label\" for=\"wpforms-7091-field_21\">Sonstige Bemerkungen:<\/label><textarea id=\"wpforms-7091-field_21\" class=\"wpforms-field-small\" name=\"wpforms[fields][21]\" ><\/textarea><\/div><div id=\"wpforms-7091-field_17-container\" class=\"wpforms-field wpforms-field-file-upload wpforms-one-half wpforms-mobile-full\" data-field-id=\"17\"><label class=\"wpforms-field-label\" for=\"wpforms-7091-field_17\">Beilage uploaden:<\/label><div\n\t\tclass=\"wpforms-uploader \"\n\t\tdata-field-id=\"17\"\n\t\tdata-form-id=\"7091\"\n\t\tdata-input-name=\"wpforms_7091_17\"\n\t\tdata-extensions=\"jpg,jpeg,jpe,gif,png,bmp,tiff,tif,webp,avif,ico,heic,heif,heics,heifs,asf,asx,wmv,wmx,wm,avi,divx,mov,qt,mpeg,mpg,mpe,mp4,m4v,ogv,webm,mkv,3gp,3gpp,3g2,3gp2,txt,asc,c,cc,h,srt,csv,tsv,ics,rtx,css,vtt,mp3,m4a,m4b,aac,ra,ram,wav,x-wav,ogg,oga,flac,mid,midi,wma,wax,mka,rtf,pdf,class,tar,zip,gz,gzip,rar,7z,psd,xcf,doc,pot,pps,ppt,wri,xla,xls,xlt,xlw,mpp,docx,docm,dotx,dotm,xlsx,xlsm,xlsb,xltx,xltm,xlam,pptx,pptm,ppsx,ppsm,potx,potm,ppam,sldx,sldm,onetoc,onetoc2,onepkg,oxps,xps,odt,odp,ods,odg,odc,odb,odf,wp,wpd,key,numbers,pages,svg,svgz\"\n\t\tdata-max-size=\"6442450944\"\n\t\tdata-max-file-number=\"1\"\n\t\tdata-post-max-size=\"6442450944\"\n\t\tdata-max-parallel-uploads=\"4\"\n\t\tdata-parallel-uploads=\"true\"\n\t\tdata-file-chunk-size=\"2097152\">\n\t<div class=\"dz-message\">\n\t\t<svg  viewBox=\"0 0 640 640\" focusable=\"false\" data-icon=\"inbox\" width=\"50px\" height=\"50px\" fill=\"currentColor\" aria-hidden=\"true\">\n\t\t\t<path d=\"M352 173.3L352 384C352 401.7 337.7 416 320 416C302.3 416 288 401.7 288 384L288 173.3L246.6 214.7C234.1 227.2 213.8 227.2 201.3 214.7C188.8 202.2 188.8 181.9 201.3 169.4L297.3 73.4C309.8 60.9 330.1 60.9 342.6 73.4L438.6 169.4C451.1 181.9 451.1 202.2 438.6 214.7C426.1 227.2 405.8 227.2 393.3 214.7L352 173.3zM320 464C364.2 464 400 428.2 400 384L480 384C515.3 384 544 412.7 544 448L544 480C544 515.3 515.3 544 480 544L160 544C124.7 544 96 515.3 96 480L96 448C96 412.7 124.7 384 160 384L240 384C240 428.2 275.8 464 320 464zM464 488C477.3 488 488 477.3 488 464C488 450.7 477.3 440 464 440C450.7 440 440 450.7 440 464C440 477.3 450.7 488 464 488z\"\/>\n\t\t<\/svg>\n\n\t\t<span class=\"modern-title\">\n\t\t\t\t\t\t\tDrag &amp; Drop Files, \t\t\t\t<span>Choose Files to Upload<\/span>\n\t\t\t\t\t<\/span>\n\n\t\t\t<\/div>\n<\/div>\n\n<input\n\t\ttype=\"text\"\n\t\tautocomplete=\"off\"\n\t\treadonly\n\t\tclass=\"dropzone-input\"\n\t\tstyle=\"position:absolute!important;clip:rect(0,0,0,0)!important;height:1px!important;width:1px!important;border:0!important;overflow:hidden!important;padding:0!important;margin:0!important;\"\n\t\tid=\"wpforms-7091-field_17\"\n\t\tname=\"wpforms_7091_17\" \t\tvalue=\"\">\n<\/div><div id=\"wpforms-7091-field_22-container\" class=\"wpforms-field wpforms-field-gdpr-checkbox wpforms-one-half wpforms-first wpforms-mobile-full\" data-field-id=\"22\"><label class=\"wpforms-field-label\">Datenschutz <span class=\"wpforms-required-label\">*<\/span><\/label><ul id=\"wpforms-7091-field_22\" class=\"wpforms-field-required\"><li class=\"choice-1\"><input type=\"checkbox\" id=\"wpforms-7091-field_22_1\" name=\"wpforms[fields][22][]\" value=\"Ich akzeptiere die Datenschutzerkl\u00e4rung:\" required ><label class=\"wpforms-field-label-inline\" for=\"wpforms-7091-field_22_1\">Ich akzeptiere die Datenschutzerkl\u00e4rung:<\/label><\/li><\/ul><\/div><\/div><!-- .wpforms-field-container --><div class=\"wpforms-field wpforms-field-hp\"><label for=\"wpforms-7091-field-hp\" class=\"wpforms-field-label\">Phone<\/label><input type=\"text\" name=\"wpforms[hp]\" id=\"wpforms-7091-field-hp\" class=\"wpforms-field-medium\"><\/div><div class=\"wpforms-recaptcha-container wpforms-is-recaptcha wpforms-is-recaptcha-type-v2\" ><div class=\"g-recaptcha\" data-sitekey=\"6LczMRAqAAAAAOljzn2DqJ_E2IQLBnIYk1Vzx8NV\"><\/div><input type=\"text\" name=\"g-recaptcha-hidden\" class=\"wpforms-recaptcha-hidden\" style=\"position:absolute!important;clip:rect(0,0,0,0)!important;height:1px!important;width:1px!important;border:0!important;overflow:hidden!important;padding:0!important;margin:0!important;\" data-rule-recaptcha=\"1\"><\/div><div class=\"wpforms-submit-container\" ><input type=\"hidden\" name=\"wpforms[id]\" value=\"7091\"><input type=\"hidden\" name=\"page_title\" value=\"\"><input type=\"hidden\" name=\"page_url\" value=\"https:\/\/mobilbox.hu\/de\/wp-json\/wp\/v2\/pages\/2091\"><input type=\"hidden\" name=\"url_referer\" value=\"\"><button type=\"submit\" name=\"wpforms[submit]\" id=\"wpforms-submit-7091\" class=\"wpforms-submit wpforms-mobile-full\" data-alt-text=\"Senden\" data-submit-text=\"Senden\" aria-live=\"assertive\" value=\"wpforms-submit\">Senden<\/button><\/div><\/form><\/div>  <!-- .wpforms-container -->    <\/div>\n<\/div>\n<!-- \/module text -->        <\/div>\n                    <div  data-lazy=\"1\" class=\"module_column tb-column col4-1 tb_5155f7d last\">\n                            <\/div>\n                        <\/div>\n        <\/div>\n            <\/div>\n<!--\/themify_builder_content--><\/div>\n<\/div>\n<!-- \/module template_part -->        <\/div>\n                        <\/div>\n        <\/div>\n        <\/div>\n<!--\/themify_builder_content-->\n<p>&nbsp;<\/p>","protected":false},"excerpt":{"rendered":"<p>Unsere Allgemeinen Containervermietungsbedingungen Unsere Allgemeinen Containerverkaufsbedingungen MSZ EN ISO 9001:2015, MSZ EN ISO 14001:2015, MSZ ISO 45001:2018 AQAP Zertifikat Schadensregulierungsleitung Information &nbsp;<\/p>\n","protected":false},"author":3,"featured_media":0,"parent":0,"menu_order":0,"comment_status":"closed","ping_status":"closed","template":"","meta":{"_seopress_robots_primary_cat":"","_seopress_titles_title":"","_seopress_titles_desc":"","_seopress_robots_index":"","footnotes":""},"class_list":["post-2091","page","type-page","status-publish","hentry","has-post-title","has-post-date","has-post-category","has-post-tag","has-post-comment","has-post-author",""],"_links":{"self":[{"href":"https:\/\/mobilbox.hu\/de\/wp-json\/wp\/v2\/pages\/2091","targetHints":{"allow":["GET"]}}],"collection":[{"href":"https:\/\/mobilbox.hu\/de\/wp-json\/wp\/v2\/pages"}],"about":[{"href":"https:\/\/mobilbox.hu\/de\/wp-json\/wp\/v2\/types\/page"}],"author":[{"embeddable":true,"href":"https:\/\/mobilbox.hu\/de\/wp-json\/wp\/v2\/users\/3"}],"replies":[{"embeddable":true,"href":"https:\/\/mobilbox.hu\/de\/wp-json\/wp\/v2\/comments?post=2091"}],"version-history":[{"count":25,"href":"https:\/\/mobilbox.hu\/de\/wp-json\/wp\/v2\/pages\/2091\/revisions"}],"predecessor-version":[{"id":7321,"href":"https:\/\/mobilbox.hu\/de\/wp-json\/wp\/v2\/pages\/2091\/revisions\/7321"}],"wp:attachment":[{"href":"https:\/\/mobilbox.hu\/de\/wp-json\/wp\/v2\/media?parent=2091"}],"curies":[{"name":"wp","href":"https:\/\/api.w.org\/{rel}","templated":true}]}}