{"id":6123,"date":"2019-04-26T07:08:58","date_gmt":"2019-04-26T07:08:58","guid":{"rendered":"https:\/\/mobilbox.hu\/de\/?page_id=6123"},"modified":"2020-02-29T06:18:25","modified_gmt":"2020-02-29T06:18:25","slug":"mb-20-eco","status":"publish","type":"page","link":"https:\/\/mobilbox.hu\/de\/containertypen\/mb-20-eco\/","title":{"rendered":"MB 20 ECO"},"content":{"rendered":"<!--themify_builder_content-->\n<div id=\"themify_builder_content-6123\" data-postid=\"6123\" class=\"themify_builder_content themify_builder_content-6123 themify_builder tf_clear\">\n                    <div  data-lazy=\"1\" class=\"module_row themify_builder_row tb_62ddd0c tb_first tf_w\">\n                        <div class=\"row_inner col_align_top tb_col_count_1 tf_box tf_rel\">\n                        <div  data-lazy=\"1\" class=\"module_column tb-column col-full tb_174d4a6 first\">\n                    <!-- module gallery -->\n<div  class=\"module gallery module-gallery tb_94e34f1 layout-grid  \" data-lazy=\"1\">\n    <div class=\"module-gallery-grid\" style=\"--gald:2;--galt:2;--galm:2\">\n            <dl class=\"gallery-item\">\n            <dt class=\"gallery-icon\">\n            <a data-title=\"\" title=\"\" href=\"https:\/\/mobilbox.hu\/de\/wp-content\/uploads\/2018\/06\/kontenery-szatniowe-plan-mb20eco-1.jpg\" data-rel=\"tb_94e34f1\" class=\"themify_lightbox\"><img loading=\"lazy\" decoding=\"async\" width=\"482\" height=\"362\" src=\"https:\/\/mobilbox.hu\/de\/wp-content\/uploads\/2018\/06\/kontenery-szatniowe-plan-mb20eco-1.jpg\" class=\"wp-post-image wp-image-1402\" title=\"kontenery-szatniowe-plan-mb20eco-1\" alt=\"kontenery-szatniowe-plan-mb20eco-1\" srcset=\"https:\/\/mobilbox.hu\/de\/wp-content\/uploads\/2018\/06\/kontenery-szatniowe-plan-mb20eco-1.jpg 482w, https:\/\/mobilbox.hu\/de\/wp-content\/uploads\/2018\/06\/kontenery-szatniowe-plan-mb20eco-1-300x225.jpg 300w\" sizes=\"auto, (max-width: 482px) 100vw, 482px\" \/><\/a>            <\/dt>\n                    <\/dl>\n            <dl class=\"gallery-item\">\n            <dt class=\"gallery-icon\">\n            <a data-title=\"\" title=\"\" href=\"https:\/\/mobilbox.hu\/de\/wp-content\/uploads\/2018\/06\/kontenery-szatniowe-plan-mb20eco-2.jpg\" data-rel=\"tb_94e34f1\" class=\"themify_lightbox\"><img loading=\"lazy\" decoding=\"async\" width=\"482\" height=\"362\" src=\"https:\/\/mobilbox.hu\/de\/wp-content\/uploads\/2018\/06\/kontenery-szatniowe-plan-mb20eco-2.jpg\" class=\"wp-post-image wp-image-1405\" title=\"kontenery-szatniowe-plan-mb20eco-2\" alt=\"kontenery-szatniowe-plan-mb20eco-2\" srcset=\"https:\/\/mobilbox.hu\/de\/wp-content\/uploads\/2018\/06\/kontenery-szatniowe-plan-mb20eco-2.jpg 482w, https:\/\/mobilbox.hu\/de\/wp-content\/uploads\/2018\/06\/kontenery-szatniowe-plan-mb20eco-2-300x225.jpg 300w\" sizes=\"auto, (max-width: 482px) 100vw, 482px\" \/><\/a>            <\/dt>\n                    <\/dl>\n    <\/div>\n<\/div>\n<!-- \/module gallery --><!-- module text -->\n<div  class=\"module module-text tb_6a86923  repeat \" data-lazy=\"1\">\n        <div  class=\"tb_text_wrap\">\n        <hr \/>\n<h3>MB20 ECO \u201c20\u00b4B\u00fcrocontainer\u201d<\/h3>\n<p><strong>Ausf\u00fchrung:<\/strong><\/p>\n<ul>\n<li>Einfache Installierung\u00a0<\/li>\n<li>W\u00e4nde: Festwandversion mit PU Paneelen<\/li>\n<li>Containerrahmen: farbbeschichtete Stahlkonstruktion<\/li>\n<li>W\u00e4nde:\n<ul>\n<li>au\u00dfen: profiliertes Stahlblech<\/li>\n<li>innen: Flachstahlblech<\/li>\n<\/ul>\n<\/li>\n<li>1 St. Au\u00dfent\u00fcr: 875 x 2.000 mm<\/li>\n<li>2 St. wei\u00dfe PVC-Fenster: 900 x 1.200 mm, Dreh\/Kippbeschlag, isoliert, ohne Rollladen<\/li>\n<li>Farben:\n<ul>\n<li>Containerrahmen: feuerrot (RAL 3000)<\/li>\n<li>W\u00e4nde au\u00dfen: hellgrau (RAL 7035)<\/li>\n<li>W\u00e4nde innen: hellgrau (RAL 9002)<\/li>\n<li>Boden: PVC hellgrau<\/li>\n<\/ul>\n<\/li>\n<\/ul>\n<p><strong>Isolierung:<\/strong>\u00a0<\/p>\n<ul>\n<li>Boden: 60 mm \u2013 EPS<\/li>\n<li>W\u00e4nde: 50 mm \u2013 PU Schaum<\/li>\n<li>Dach: 80 mm EPS<\/li>\n<\/ul>\n<p><strong>Elektro-Ausstattung:<\/strong><\/p>\n<ul>\n<li>1 St. 400 V \/ 5-poliger 3 x 32 A versenkter CEE-Au\u00dfenanschluss \u2013 anreihbar<\/li>\n<li>1 St. Verteilerkasten mit RCD und LS-Schalter<\/li>\n<li>1 St. Lichtschalter<\/li>\n<li>2 St. 2 x 36 Watt Neon-Deckenbeleuchtung<\/li>\n<li>3 St. 230 V Steckdosen<\/li>\n<\/ul>\n<p><strong>Bei Kauf:<\/strong><\/p>\n<ul>\n<li>Von der Standardausf\u00fchrung abweichende Abmessungen und Ausf\u00fchrungen erh\u00e4ltlich<\/li>\n<li>Sonstige Standardfarben ohne Aufpreis: RAL 7035 lichtgrau, RAL 9002 grauwei\u00df. Alle anderen RAL-Farben gegen Aufpreis erh\u00e4ltlich<\/li>\n<\/ul>    <\/div>\n<\/div>\n<!-- \/module text -->        <\/div>\n                        <\/div>\n        <\/div>\n        <\/div>\n<!--\/themify_builder_content-->\n<p>&nbsp;<\/p>","protected":false},"excerpt":{"rendered":"<p>MB20 ECO \u201c20\u00b4B\u00fcrocontainer\u201d Ausf\u00fchrung: Einfache Installierung\u00a0 W\u00e4nde: Festwandversion mit PU Paneelen Containerrahmen: farbbeschichtete Stahlkonstruktion W\u00e4nde: au\u00dfen: profiliertes Stahlblech innen: Flachstahlblech 1 St. Au\u00dfent\u00fcr: 875 x 2.000 mm 2 St. wei\u00dfe PVC-Fenster: 900 x 1.200 mm, Dreh\/Kippbeschlag, isoliert, ohne Rollladen Farben: Containerrahmen: feuerrot (RAL 3000) W\u00e4nde au\u00dfen: hellgrau (RAL 7035) W\u00e4nde innen: hellgrau (RAL 9002) Boden: [&hellip;]<\/p>\n","protected":false},"author":3,"featured_media":0,"parent":6117,"menu_order":0,"comment_status":"closed","ping_status":"closed","template":"","meta":{"_seopress_robots_primary_cat":"","_seopress_titles_title":"","_seopress_titles_desc":"","_seopress_robots_index":"","footnotes":""},"class_list":["post-6123","page","type-page","status-publish","hentry","has-post-title","has-post-date","has-post-category","has-post-tag","has-post-comment","has-post-author",""],"_links":{"self":[{"href":"https:\/\/mobilbox.hu\/de\/wp-json\/wp\/v2\/pages\/6123","targetHints":{"allow":["GET"]}}],"collection":[{"href":"https:\/\/mobilbox.hu\/de\/wp-json\/wp\/v2\/pages"}],"about":[{"href":"https:\/\/mobilbox.hu\/de\/wp-json\/wp\/v2\/types\/page"}],"author":[{"embeddable":true,"href":"https:\/\/mobilbox.hu\/de\/wp-json\/wp\/v2\/users\/3"}],"replies":[{"embeddable":true,"href":"https:\/\/mobilbox.hu\/de\/wp-json\/wp\/v2\/comments?post=6123"}],"version-history":[{"count":0,"href":"https:\/\/mobilbox.hu\/de\/wp-json\/wp\/v2\/pages\/6123\/revisions"}],"up":[{"embeddable":true,"href":"https:\/\/mobilbox.hu\/de\/wp-json\/wp\/v2\/pages\/6117"}],"wp:attachment":[{"href":"https:\/\/mobilbox.hu\/de\/wp-json\/wp\/v2\/media?parent=6123"}],"curies":[{"name":"wp","href":"https:\/\/api.w.org\/{rel}","templated":true}]}}