{"id":6149,"date":"2019-04-26T07:30:49","date_gmt":"2019-04-26T07:30:49","guid":{"rendered":"https:\/\/mobilbox.hu\/de\/?page_id=6149"},"modified":"2020-02-29T09:55:56","modified_gmt":"2020-02-29T09:55:56","slug":"mb-05-eco","status":"publish","type":"page","link":"https:\/\/mobilbox.hu\/de\/containertypen\/mb-05-eco\/","title":{"rendered":"MB 05 ECO"},"content":{"rendered":"<!--themify_builder_content-->\n<div id=\"themify_builder_content-6149\" data-postid=\"6149\" class=\"themify_builder_content themify_builder_content-6149 themify_builder tf_clear\">\n                    <div  data-lazy=\"1\" class=\"module_row themify_builder_row tb_62ddd0c tb_first tf_w\">\n                        <div class=\"row_inner col_align_top tb_col_count_1 tf_box tf_rel\">\n                        <div  data-lazy=\"1\" class=\"module_column tb-column col-full tb_174d4a6 first\">\n                    <!-- module gallery -->\n<div  class=\"module gallery module-gallery tb_94e34f1 layout-grid  \" data-lazy=\"1\">\n    <div class=\"module-gallery-grid\" style=\"--gald:2;--galt:2;--galm:2\">\n            <dl class=\"gallery-item\">\n            <dt class=\"gallery-icon\">\n            <a data-title=\"\" title=\"\" href=\"https:\/\/mobilbox.hu\/de\/wp-content\/uploads\/2018\/06\/kontenerowe-budki-straznicze-portiernie-mb05eco-projekt-1.jpg\" data-rel=\"tb_94e34f1\" class=\"themify_lightbox\"><img loading=\"lazy\" decoding=\"async\" width=\"482\" height=\"362\" src=\"https:\/\/mobilbox.hu\/de\/wp-content\/uploads\/2018\/06\/kontenerowe-budki-straznicze-portiernie-mb05eco-projekt-1.jpg\" class=\"wp-post-image wp-image-1362\" title=\"kontenerowe-budki-straznicze-portiernie-mb05eco-projekt-1\" alt=\"kontenerowe-budki-straznicze-portiernie-mb05eco-projekt-1\" srcset=\"https:\/\/mobilbox.hu\/de\/wp-content\/uploads\/2018\/06\/kontenerowe-budki-straznicze-portiernie-mb05eco-projekt-1.jpg 482w, https:\/\/mobilbox.hu\/de\/wp-content\/uploads\/2018\/06\/kontenerowe-budki-straznicze-portiernie-mb05eco-projekt-1-300x225.jpg 300w\" sizes=\"auto, (max-width: 482px) 100vw, 482px\" \/><\/a>            <\/dt>\n                    <\/dl>\n            <dl class=\"gallery-item\">\n            <dt class=\"gallery-icon\">\n            <a data-title=\"\" title=\"\" href=\"https:\/\/mobilbox.hu\/de\/wp-content\/uploads\/2018\/06\/kontenerowe-budki-straznicze-portiernie-mb05eco-projekt-2.jpg\" data-rel=\"tb_94e34f1\" class=\"themify_lightbox\"><img loading=\"lazy\" decoding=\"async\" width=\"276\" height=\"362\" src=\"https:\/\/mobilbox.hu\/de\/wp-content\/uploads\/2018\/06\/kontenerowe-budki-straznicze-portiernie-mb05eco-projekt-2.jpg\" class=\"wp-post-image wp-image-1363\" title=\"kontenerowe-budki-straznicze-portiernie-mb05eco-projekt-2\" alt=\"kontenerowe-budki-straznicze-portiernie-mb05eco-projekt-2\" srcset=\"https:\/\/mobilbox.hu\/de\/wp-content\/uploads\/2018\/06\/kontenerowe-budki-straznicze-portiernie-mb05eco-projekt-2.jpg 276w, https:\/\/mobilbox.hu\/de\/wp-content\/uploads\/2018\/06\/kontenerowe-budki-straznicze-portiernie-mb05eco-projekt-2-229x300.jpg 229w\" sizes=\"auto, (max-width: 276px) 100vw, 276px\" \/><\/a>            <\/dt>\n                    <\/dl>\n    <\/div>\n<\/div>\n<!-- \/module gallery --><!-- module text -->\n<div  class=\"module module-text tb_6a86923  repeat \" data-lazy=\"1\">\n        <div  class=\"tb_text_wrap\">\n        <hr \/><h3><strong>MB05 ECO \u201c5\u00b4B\u00fcrocontainer\u201d<\/strong><\/h3><p><strong><span class=\"left_box_title\">Ausf\u00fchrung:<\/span><\/strong><\/p><ul class=\"left_box_desc\"><li>Einfache Installierung\u00a0<\/li><li>Containerrahmen: farbbeschichtete Stahlkonstruktion<\/li><li>W\u00e4nde: Festwandversion mit PU Paneelen<ul><li>au\u00dfen: profiliertes Stahlblech<\/li><li>innen: Flachstahlblech<\/li><\/ul><\/li><li>1 St. Au\u00dfent\u00fcr: 875 x 2.000 mm<\/li><li>3 St. wei\u00dfe PVC-Fenster, isoliert, ohne Rollladen:<ul><li>1 St. 900 x 1.200 mm Dreh\/Kippbeschlag,<\/li><li>1 St. 900 x 1.200 mm fest eingebautes,<\/li><li>1 St. 900 x 1.200 mm Schiebefenster<\/li><\/ul><\/li><li>Farben:<ul><li>Containerrahmen: feuerrot (RAL 3000)<\/li><li>W\u00e4nde au\u00dfen: hellgrau (RAL 7035)<\/li><li>W\u00e4nde innen: hellgrau (RAL 9002)<\/li><li>Boden: PVC hellgrau<\/li><\/ul><\/li><\/ul><p><strong><span class=\"left_box_title\">Isolierung:<\/span><\/strong><\/p><ul class=\"left_box_desc\"><li>Boden: 60 mm \u2013 EPS<\/li><li>W\u00e4nde: 50 mm \u2013 PU<\/li><li>Dach: 80 mm \u2013 EPS<\/li><\/ul><p><strong>Elektro-Ausstattung:<\/strong><\/p><ul class=\"left_box_desc\"><li>1 St. 400 V \/ 5-poliger 3 x 32 A versenkter CEE-Aussenanschluss \u2013 anreihbar<\/li><li>1 St. Verteilerkasten mit RCD und LS-Schalter<\/li><li>1 St. Lichtschalter<\/li><li>1 St. 1 x 36 Watt Neon-Deckenbeleuchtung<\/li><li>2 St. 230 V Steckdosen<\/li><\/ul><p><strong>Sonstiges:<\/strong><\/p><ul><li>Von der Standardausf\u00fchrung abweichende Abmessungen und Ausf\u00fchrungen erh\u00e4ltlich<\/li><li>Sonstige Standardfarben ohne Aufpreis: RAL 7035 lichtgrau, RAL 9002 grauwei\u00df, RAL 9010 reinwei\u00df, RAL 5010 enzianblau. Alle anderen RAL-Farben gegen Aufpreis erh\u00e4ltlich<\/li><\/ul>    <\/div>\n<\/div>\n<!-- \/module text -->        <\/div>\n                        <\/div>\n        <\/div>\n        <\/div>\n<!--\/themify_builder_content-->\n<p>&nbsp;<\/p>","protected":false},"excerpt":{"rendered":"<p>MB05 ECO \u201c5\u00b4B\u00fcrocontainer\u201d Ausf\u00fchrung: Einfache Installierung\u00a0 Containerrahmen: farbbeschichtete Stahlkonstruktion W\u00e4nde: Festwandversion mit PU Paneelen au\u00dfen: profiliertes Stahlblech innen: Flachstahlblech 1 St. Au\u00dfent\u00fcr: 875 x 2.000 mm 3 St. wei\u00dfe PVC-Fenster, isoliert, ohne Rollladen: 1 St. 900 x 1.200 mm Dreh\/Kippbeschlag, 1 St. 900 x 1.200 mm fest eingebautes, 1 St. 900 x 1.200 mm Schiebefenster [&hellip;]<\/p>\n","protected":false},"author":3,"featured_media":0,"parent":6117,"menu_order":0,"comment_status":"closed","ping_status":"closed","template":"","meta":{"_seopress_robots_primary_cat":"","_seopress_titles_title":"","_seopress_titles_desc":"","_seopress_robots_index":"","footnotes":""},"class_list":["post-6149","page","type-page","status-publish","hentry","has-post-title","has-post-date","has-post-category","has-post-tag","has-post-comment","has-post-author",""],"_links":{"self":[{"href":"https:\/\/mobilbox.hu\/de\/wp-json\/wp\/v2\/pages\/6149","targetHints":{"allow":["GET"]}}],"collection":[{"href":"https:\/\/mobilbox.hu\/de\/wp-json\/wp\/v2\/pages"}],"about":[{"href":"https:\/\/mobilbox.hu\/de\/wp-json\/wp\/v2\/types\/page"}],"author":[{"embeddable":true,"href":"https:\/\/mobilbox.hu\/de\/wp-json\/wp\/v2\/users\/3"}],"replies":[{"embeddable":true,"href":"https:\/\/mobilbox.hu\/de\/wp-json\/wp\/v2\/comments?post=6149"}],"version-history":[{"count":0,"href":"https:\/\/mobilbox.hu\/de\/wp-json\/wp\/v2\/pages\/6149\/revisions"}],"up":[{"embeddable":true,"href":"https:\/\/mobilbox.hu\/de\/wp-json\/wp\/v2\/pages\/6117"}],"wp:attachment":[{"href":"https:\/\/mobilbox.hu\/de\/wp-json\/wp\/v2\/media?parent=6149"}],"curies":[{"name":"wp","href":"https:\/\/api.w.org\/{rel}","templated":true}]}}