{"id":6167,"date":"2019-04-26T07:44:37","date_gmt":"2019-04-26T07:44:37","guid":{"rendered":"https:\/\/mobilbox.hu\/de\/?page_id=6167"},"modified":"2020-03-01T12:40:57","modified_gmt":"2020-03-01T12:40:57","slug":"mb-15","status":"publish","type":"page","link":"https:\/\/mobilbox.hu\/de\/containertypen\/mb-15\/","title":{"rendered":"MB 15"},"content":{"rendered":"<!--themify_builder_content-->\n<div id=\"themify_builder_content-6167\" data-postid=\"6167\" class=\"themify_builder_content themify_builder_content-6167 themify_builder tf_clear\">\n                    <div  data-lazy=\"1\" class=\"module_row themify_builder_row tb_62ddd0c tb_first tf_w\">\n                        <div class=\"row_inner col_align_top tb_col_count_1 tf_box tf_rel\">\n                        <div  data-lazy=\"1\" class=\"module_column tb-column col-full tb_174d4a6 first\">\n                    <!-- module gallery -->\n<div  class=\"module gallery module-gallery tb_94e34f1 layout-grid  \" data-lazy=\"1\">\n    <div class=\"module-gallery-grid\" style=\"--gald:2;--galt:2;--galm:2\">\n            <dl class=\"gallery-item\">\n            <dt class=\"gallery-icon\">\n            <a data-title=\"\" title=\"\" href=\"https:\/\/mobilbox.hu\/de\/wp-content\/uploads\/2018\/06\/kontenery-szatniowe-plan-mb15-1.jpg\" data-rel=\"tb_94e34f1\" class=\"themify_lightbox\"><img loading=\"lazy\" decoding=\"async\" width=\"482\" height=\"362\" src=\"https:\/\/mobilbox.hu\/de\/wp-content\/uploads\/2018\/06\/kontenery-szatniowe-plan-mb15-1.jpg\" class=\"wp-post-image wp-image-1416\" title=\"kontenery-szatniowe-plan-mb15-1\" alt=\"kontenery-szatniowe-plan-mb15-1\" srcset=\"https:\/\/mobilbox.hu\/de\/wp-content\/uploads\/2018\/06\/kontenery-szatniowe-plan-mb15-1.jpg 482w, https:\/\/mobilbox.hu\/de\/wp-content\/uploads\/2018\/06\/kontenery-szatniowe-plan-mb15-1-300x225.jpg 300w\" sizes=\"auto, (max-width: 482px) 100vw, 482px\" \/><\/a>            <\/dt>\n                    <\/dl>\n            <dl class=\"gallery-item\">\n            <dt class=\"gallery-icon\">\n            <a data-title=\"\" title=\"\" href=\"https:\/\/mobilbox.hu\/de\/wp-content\/uploads\/2018\/06\/kontenery-szatniowe-plan-mb15-2.jpg\" data-rel=\"tb_94e34f1\" class=\"themify_lightbox\"><img loading=\"lazy\" decoding=\"async\" width=\"482\" height=\"306\" src=\"https:\/\/mobilbox.hu\/de\/wp-content\/uploads\/2018\/06\/kontenery-szatniowe-plan-mb15-2.jpg\" class=\"wp-post-image wp-image-1417\" title=\"kontenery-szatniowe-plan-mb15-2\" alt=\"kontenery-szatniowe-plan-mb15-2\" srcset=\"https:\/\/mobilbox.hu\/de\/wp-content\/uploads\/2018\/06\/kontenery-szatniowe-plan-mb15-2.jpg 482w, https:\/\/mobilbox.hu\/de\/wp-content\/uploads\/2018\/06\/kontenery-szatniowe-plan-mb15-2-300x190.jpg 300w\" sizes=\"auto, (max-width: 482px) 100vw, 482px\" \/><\/a>            <\/dt>\n                    <\/dl>\n    <\/div>\n<\/div>\n<!-- \/module gallery --><!-- module text -->\n<div  class=\"module module-text tb_6a86923  repeat \" data-lazy=\"1\">\n        <div  class=\"tb_text_wrap\">\n        <hr \/><p><strong>MB15 \u201c10\u00b4Mannschaftscontainer mit Sanit\u00e4rteil\u201d<\/strong><\/p><p><strong>Ausf\u00fchrung:<\/strong><\/p><ul><li>Einfache Installierung\u00a0<\/li><li>Paneel-Bauweise<\/li><li>B\u00fcro\/Sanit\u00e4r Mischfunktion: praktischer Container mit allem Komfort<\/li><li>Eingebaute Sanit\u00e4reinheit<\/li><li>Containerrahmen: farbbeschichtete Stahlkonstruktion<\/li><li>W\u00e4nde:<ul><li>au\u00dfen: profiliertes Stahlblech<\/li><li>innen: beschichtete Holzspanplatte (Holzdekor)<\/li><\/ul><\/li><li>1 St. verglaste Au\u00dfent\u00fcr: 875 x 2.000 mm<\/li><li>1 St. Innent\u00fcr: 625 x 2.000 mm<\/li><li>2 St. wei\u00dfe PVC-Fenster, isoliert, mit Rollladen:<ul><li>1 St. 900 x 1.200 mm Dreh\/Kippbeschlag,<\/li><li>1 St. 900 x 1.200 mm Schiebefenster.<\/li><\/ul><\/li><li>1 St. wei\u00dfes PVC-Kippfenster: 674 x 574 mm, isoliert, mit Milchglas, ohne Rollladen<\/li><li>Farben:<ul><li>Containerrahmen: feuerrot (RAL 3000)<\/li><li>W\u00e4nde au\u00dfen: hellgrau (RAL 7035)<\/li><li>W\u00e4nde innen: helles Holz oder wei\u00df<\/li><li>Boden: PVC hellgrau<\/li><\/ul><\/li><\/ul><p><strong>Ausstattung des Sanit\u00e4rbereichs:<\/strong><\/p><ul><li>1 St. Keramik-Waschbecken, mit Kaltwasserhahn, Spiegel, PVC-Regal, Handtuchhalter, Seifenhalter<\/li><li>1 St. Keramik-WC mit \u00a0Sp\u00fclkasten, Toilettenpapierhalter<\/li><li>1 St. Kleiderhaken<\/li><\/ul><p><strong>Isolierung:<\/strong><\/p><ul><li>Boden: 60\/100 mm \u2013 Mineralwolle<\/li><li>W\u00e4nde: 60 mm \u2013 Mineralwolle<\/li><li>Dach: 100 mm \u2013 \u00a0Mineralwolle<\/li><\/ul><p><strong>Elektro-Ausstattung:<\/strong><\/p><ul><li>1 St. 400 V \/ 5-poliger 3 x 32 A versenkter CEE-Au\u00dfenanschluss \u2013 anreihbar<\/li><li>1 St. Verteilerkasten mit RCD und LS-Schalter<\/li><li>2 St. Lichtschalter<\/li><li>2 St. 1 x 36 Watt Neon-Deckenbeleuchtung<\/li><li>5 St. 230 V Steckdosen<\/li><li>5 St. 230 V Steckdosen<\/li><\/ul><p><strong>Sonstiges:<\/strong><\/p><ul><li>Von der Standardausf\u00fchrung abweichende Abmessungen und Ausf\u00fchrungen erh\u00e4ltlich<\/li><li>Sonstige Standardfarben ohne Aufpreis: RAL 7035 lichtgrau, RAL 9002 grauwei\u00df, RAL 9010 reinwei\u00df, RAL 5010 enzianblau. Alle anderen RAL-Farben gegen Aufpreis erh\u00e4ltlich<\/li><\/ul>    <\/div>\n<\/div>\n<!-- \/module text -->        <\/div>\n                        <\/div>\n        <\/div>\n        <\/div>\n<!--\/themify_builder_content-->\n<p>&nbsp;<\/p>","protected":false},"excerpt":{"rendered":"<p>MB15 \u201c10\u00b4Mannschaftscontainer mit Sanit\u00e4rteil\u201d Ausf\u00fchrung: Einfache Installierung\u00a0 Paneel-Bauweise B\u00fcro\/Sanit\u00e4r Mischfunktion: praktischer Container mit allem Komfort Eingebaute Sanit\u00e4reinheit Containerrahmen: farbbeschichtete Stahlkonstruktion W\u00e4nde: au\u00dfen: profiliertes Stahlblech innen: beschichtete Holzspanplatte (Holzdekor) 1 St. verglaste Au\u00dfent\u00fcr: 875 x 2.000 mm 1 St. Innent\u00fcr: 625 x 2.000 mm 2 St. wei\u00dfe PVC-Fenster, isoliert, mit Rollladen: 1 St. 900 x 1.200 [&hellip;]<\/p>\n","protected":false},"author":3,"featured_media":0,"parent":6117,"menu_order":0,"comment_status":"closed","ping_status":"closed","template":"","meta":{"_seopress_robots_primary_cat":"","_seopress_titles_title":"","_seopress_titles_desc":"","_seopress_robots_index":"","footnotes":""},"class_list":["post-6167","page","type-page","status-publish","hentry","has-post-title","has-post-date","has-post-category","has-post-tag","has-post-comment","has-post-author",""],"_links":{"self":[{"href":"https:\/\/mobilbox.hu\/de\/wp-json\/wp\/v2\/pages\/6167","targetHints":{"allow":["GET"]}}],"collection":[{"href":"https:\/\/mobilbox.hu\/de\/wp-json\/wp\/v2\/pages"}],"about":[{"href":"https:\/\/mobilbox.hu\/de\/wp-json\/wp\/v2\/types\/page"}],"author":[{"embeddable":true,"href":"https:\/\/mobilbox.hu\/de\/wp-json\/wp\/v2\/users\/3"}],"replies":[{"embeddable":true,"href":"https:\/\/mobilbox.hu\/de\/wp-json\/wp\/v2\/comments?post=6167"}],"version-history":[{"count":0,"href":"https:\/\/mobilbox.hu\/de\/wp-json\/wp\/v2\/pages\/6167\/revisions"}],"up":[{"embeddable":true,"href":"https:\/\/mobilbox.hu\/de\/wp-json\/wp\/v2\/pages\/6117"}],"wp:attachment":[{"href":"https:\/\/mobilbox.hu\/de\/wp-json\/wp\/v2\/media?parent=6167"}],"curies":[{"name":"wp","href":"https:\/\/api.w.org\/{rel}","templated":true}]}}