{"id":6168,"date":"2019-04-26T07:45:59","date_gmt":"2019-04-26T07:45:59","guid":{"rendered":"https:\/\/mobilbox.hu\/de\/?page_id=6168"},"modified":"2020-03-01T12:40:14","modified_gmt":"2020-03-01T12:40:14","slug":"mb-40","status":"publish","type":"page","link":"https:\/\/mobilbox.hu\/de\/containertypen\/mb-40\/","title":{"rendered":"MB 40"},"content":{"rendered":"<!--themify_builder_content-->\n<div id=\"themify_builder_content-6168\" data-postid=\"6168\" class=\"themify_builder_content themify_builder_content-6168 themify_builder tf_clear\">\n                    <div  data-lazy=\"1\" class=\"module_row themify_builder_row tb_62ddd0c tb_first tf_w\">\n                        <div class=\"row_inner col_align_top tb_col_count_1 tf_box tf_rel\">\n                        <div  data-lazy=\"1\" class=\"module_column tb-column col-full tb_174d4a6 first\">\n                    <!-- module gallery -->\n<div  class=\"module gallery module-gallery tb_94e34f1 layout-grid  \" data-lazy=\"1\">\n    <div class=\"module-gallery-grid\" style=\"--gald:2;--galt:2;--galm:2\">\n            <dl class=\"gallery-item\">\n            <dt class=\"gallery-icon\">\n            <a data-title=\"\" title=\"\" href=\"https:\/\/mobilbox.hu\/de\/wp-content\/uploads\/2018\/06\/kontenery-biurowe-projekt-mb40-1.-1.jpg\" data-rel=\"tb_94e34f1\" class=\"themify_lightbox\"><img loading=\"lazy\" decoding=\"async\" width=\"482\" height=\"362\" src=\"https:\/\/mobilbox.hu\/de\/wp-content\/uploads\/2018\/06\/kontenery-biurowe-projekt-mb40-1.-1.jpg\" class=\"wp-post-image wp-image-1321\" title=\"kontenery-biurowe-projekt-mb40-1.\" alt=\"kontenery-biurowe-projekt-mb40-1.\" srcset=\"https:\/\/mobilbox.hu\/de\/wp-content\/uploads\/2018\/06\/kontenery-biurowe-projekt-mb40-1.-1.jpg 482w, https:\/\/mobilbox.hu\/de\/wp-content\/uploads\/2018\/06\/kontenery-biurowe-projekt-mb40-1.-1-300x225.jpg 300w\" sizes=\"auto, (max-width: 482px) 100vw, 482px\" \/><\/a>            <\/dt>\n                    <\/dl>\n            <dl class=\"gallery-item\">\n            <dt class=\"gallery-icon\">\n            <a data-title=\"\" title=\"\" href=\"https:\/\/mobilbox.hu\/de\/wp-content\/uploads\/2018\/06\/kontenery-biurowe-projekt-mb40-2-1.jpg\" data-rel=\"tb_94e34f1\" class=\"themify_lightbox\"><img loading=\"lazy\" decoding=\"async\" width=\"482\" height=\"362\" src=\"https:\/\/mobilbox.hu\/de\/wp-content\/uploads\/2018\/06\/kontenery-biurowe-projekt-mb40-2-1.jpg\" class=\"wp-post-image wp-image-1322\" title=\"kontenery-biurowe-projekt-mb40-2\" alt=\"kontenery-biurowe-projekt-mb40-2\" srcset=\"https:\/\/mobilbox.hu\/de\/wp-content\/uploads\/2018\/06\/kontenery-biurowe-projekt-mb40-2-1.jpg 482w, https:\/\/mobilbox.hu\/de\/wp-content\/uploads\/2018\/06\/kontenery-biurowe-projekt-mb40-2-1-300x225.jpg 300w\" sizes=\"auto, (max-width: 482px) 100vw, 482px\" \/><\/a>            <\/dt>\n                    <\/dl>\n    <\/div>\n<\/div>\n<!-- \/module gallery --><!-- module text -->\n<div  class=\"module module-text tb_6a86923  repeat \" data-lazy=\"1\">\n        <div  class=\"tb_text_wrap\">\n        <hr \/><p><strong>MB40 \u201c40\u00b4 B\u00fcrocontainer\u201d<\/strong><\/p><p><strong><span class=\"left_box_title\">Ausf\u00fchrung:<\/span><\/strong><\/p><ul class=\"left_box_desc\"><li>Einfache Installierung\u00a0<\/li><li>B\u00fcro, K\u00fcche, Badezimmer, Schlafraum in einem Container<\/li><li>40\u2019 HC ISO Masse, mit CSC-Plakette \u2013 auch f\u00fcr Seetransport geeignet<\/li><li>Stabile Stahlkonstruktion, auch unter extremen Umst\u00e4nden verwendbar<\/li><li>W\u00e4nde:<ul><li>au\u00dfen: profiliertes Stahlblech<\/li><li>innen: Flachstahlblech<\/li><\/ul><\/li><li>Ausgezeichnet isoliert<\/li><li>In Wand eingebaute Au\u00dfen-Split-Klimaanlage<\/li><li>Komfortable Innengestaltung<\/li><li>2 St. Au\u00dfent\u00fcren: 820 x 2.040 mm, dar\u00fcber 1 x 60 W Au\u00dfenlampe<\/li><li>2 St. Innent\u00fcren: 720 x 2.000 mm<\/li><li>Farben:<ul><li>Containerrahmen: feuerrot (RAL 3000)<\/li><li>W\u00e4nde au\u00dfen: hellgrau (RAL 7035)<\/li><li>W\u00e4nde innen: wei\u00df (RAL 9010)<\/li><li>Boden: PVC hellgrau<\/li><\/ul><\/li><\/ul><p><strong><span class=\"left_box_title\">Ausstattung des B\u00fcrobereichs:\u00a0<\/span><\/strong><\/p><ul class=\"left_box_desc\"><li>1 St. wei\u00dfes PVC-Fenster: 885 x 1.345 mm, Dreh\/Kippbeschlag, isoliert, mit Rollladen<\/li><li>1 St. Klimaanlage<\/li><li>1 St. Rauchmelder<\/li><li>1 St. Lichtschalter<\/li><li>1 St. 2 x 36 Watt Neon-Deckenbeleuchtung<\/li><li>6 St. 230 V Steckdosen<\/li><li>1 St. Internetanschluss<\/li><li>1 St. 2 kW Elektroheizk\u00f6rper<\/li><\/ul><p><strong><span class=\"left_box_title\">Ausstattung des Korridorbereichs:<\/span><\/strong><\/p><ul class=\"left_box_desc\"><li>1 St. PVC-Kippfenster: 610 x 610 mm, isoliert, ohne Rollladen<\/li><li>1 St. 2 x 18 Watt Neon-Deckenbeleuchtung<\/li><li>1 St. 230 V Steckdose<\/li><\/ul><p><strong><span class=\"left_box_title\">Ausstattung der K\u00fcche:<\/span><\/strong><\/p><ul class=\"left_box_desc\"><li>1 St. K\u00fchlschrank (96 L, mit Tiefk\u00fchlfach 26 L)<\/li><li>1 St. K\u00fcchenzeile mit Unterschrank<\/li><li>1 St. Sp\u00fclbecken mit Warmwasserhahn<\/li><li>1 St. Elektrische Kochplatte 1 bzw. 1,5 kW<\/li><li>1 St. 2 x 36 Watt Neon-Deckenbeleuchtung<\/li><li>2 St. 230 V Steckdosen<\/li><\/ul><p><strong><span class=\"left_box_title\">Ausstattung des Badezimmers:<\/span><\/strong><\/p><ul class=\"left_box_desc\"><li>1 St. PVC-Kippfenster: 610 x 610 mm, isoliert, mit Milchglas, ohne Rollladen<\/li><li>1 St Acryl-Duschkabine mit Einhebel-Brausemischer, Handbrause, Seifenhalter, Vorhang<\/li><li>1 St. Keramik-Waschbecken, mit Kalt- und Warmwasserhahn, Spiegel, Handtuchhalter<\/li><li>1 St. Keramik-WC mit \u00a0Sp\u00fclkasten, Toilettenpapierhalter<\/li><li>2 St. Kleiderhaken<\/li><li>1 St. Warmwasserspeicher 80 L<\/li><li>1 St. Entl\u00fcftungsventilator mit Kapazit\u00e4t von 80 m<sup>3<\/sup>\/h<\/li><li>2 St. Lichtschalter<\/li><li>1 St. 2 x 18 Watt Neon-Deckenbeleuchtung<\/li><li>1 St. 1 x 18 Watt Spiegelbeleuchtung<\/li><li>3 St. 230 V Steckdosen<\/li><li>1 St. 0,5 kW elektrischer Heizk\u00f6rper<\/li><\/ul><p><strong><span class=\"left_box_title\">Ausstattung des Schlafraums:<\/span><\/strong><\/p><ul class=\"left_box_desc\"><li>1 St. PVC-Fenster: 885 x 1.345 mm, Dreh\/Kippbeschlag, isoliert, mit Rollladen<\/li><li>1 St. Klimaanlage<\/li><li>1 St. Rauchmelder<\/li><li>1 St. Lichtschalter<\/li><li>1 St. 2 x 36 Watt Neon-Deckenbeleuchtung<\/li><li>5 St. 230 V Steckdosen<\/li><li>1 St. TV-Anschluss<\/li><li>1 St. 2 kW Elektroheizk\u00f6rper<\/li><\/ul><p><strong><span class=\"left_box_title\">Isolierung:<\/span><\/strong><\/p><ul class=\"left_box_desc\"><li>Boden: 100 mm \u2013 Mineralwolle<\/li><li>Boden: 100 mm \u2013 Mineralwolle<\/li><li>Boden: 100 mm \u2013 Mineralwolle<\/li><\/ul><p><strong><span class=\"left_box_title\">Elektro-Ausstattung:<\/span><\/strong><\/p><ul class=\"left_box_desc\"><li>1 St. 400 V \/ 5-poliger 3 x 32 A versenkter CEE-Au\u00dfenanschluss \u2013 anreihbar<\/li><li>1 St. Verteilerkasten mit RCD und LS-Schalter<\/li><\/ul><p><strong>Sonstiges:<\/strong><\/p><ul><li>Von der Standardausf\u00fchrung abweichende Abmessungen und Ausf\u00fchrungen erh\u00e4ltlich<\/li><li>Sonstige Standardfarben ohne Aufpreis: RAL 7035 lichtgrau, RAL 9002 grauwei\u00df, RAL 9010 reinwei\u00df, RAL 5010 enzianblau. Alle anderen RAL-Farben gegen Aufpreis erh\u00e4ltlich<\/li><\/ul>    <\/div>\n<\/div>\n<!-- \/module text -->        <\/div>\n                        <\/div>\n        <\/div>\n        <\/div>\n<!--\/themify_builder_content-->\n<p>&nbsp;<\/p>","protected":false},"excerpt":{"rendered":"<p>MB40 \u201c40\u00b4 B\u00fcrocontainer\u201d Ausf\u00fchrung: Einfache Installierung\u00a0 B\u00fcro, K\u00fcche, Badezimmer, Schlafraum in einem Container 40\u2019 HC ISO Masse, mit CSC-Plakette \u2013 auch f\u00fcr Seetransport geeignet Stabile Stahlkonstruktion, auch unter extremen Umst\u00e4nden verwendbar W\u00e4nde: au\u00dfen: profiliertes Stahlblech innen: Flachstahlblech Ausgezeichnet isoliert In Wand eingebaute Au\u00dfen-Split-Klimaanlage Komfortable Innengestaltung 2 St. Au\u00dfent\u00fcren: 820 x 2.040 mm, dar\u00fcber 1 x [&hellip;]<\/p>\n","protected":false},"author":3,"featured_media":0,"parent":6117,"menu_order":0,"comment_status":"closed","ping_status":"closed","template":"","meta":{"_seopress_robots_primary_cat":"","_seopress_titles_title":"","_seopress_titles_desc":"","_seopress_robots_index":"","footnotes":""},"class_list":["post-6168","page","type-page","status-publish","hentry","has-post-title","has-post-date","has-post-category","has-post-tag","has-post-comment","has-post-author",""],"_links":{"self":[{"href":"https:\/\/mobilbox.hu\/de\/wp-json\/wp\/v2\/pages\/6168","targetHints":{"allow":["GET"]}}],"collection":[{"href":"https:\/\/mobilbox.hu\/de\/wp-json\/wp\/v2\/pages"}],"about":[{"href":"https:\/\/mobilbox.hu\/de\/wp-json\/wp\/v2\/types\/page"}],"author":[{"embeddable":true,"href":"https:\/\/mobilbox.hu\/de\/wp-json\/wp\/v2\/users\/3"}],"replies":[{"embeddable":true,"href":"https:\/\/mobilbox.hu\/de\/wp-json\/wp\/v2\/comments?post=6168"}],"version-history":[{"count":0,"href":"https:\/\/mobilbox.hu\/de\/wp-json\/wp\/v2\/pages\/6168\/revisions"}],"up":[{"embeddable":true,"href":"https:\/\/mobilbox.hu\/de\/wp-json\/wp\/v2\/pages\/6117"}],"wp:attachment":[{"href":"https:\/\/mobilbox.hu\/de\/wp-json\/wp\/v2\/media?parent=6168"}],"curies":[{"name":"wp","href":"https:\/\/api.w.org\/{rel}","templated":true}]}}