{"id":6169,"date":"2019-04-26T08:50:49","date_gmt":"2019-04-26T08:50:49","guid":{"rendered":"https:\/\/mobilbox.hu\/de\/?page_id=6169"},"modified":"2020-03-01T09:17:34","modified_gmt":"2020-03-01T09:17:34","slug":"mw-20","status":"publish","type":"page","link":"https:\/\/mobilbox.hu\/de\/containertypen\/mw-20\/","title":{"rendered":"MW 20"},"content":{"rendered":"<!--themify_builder_content-->\n<div id=\"themify_builder_content-6169\" data-postid=\"6169\" class=\"themify_builder_content themify_builder_content-6169 themify_builder tf_clear\">\n                    <div  data-lazy=\"1\" class=\"module_row themify_builder_row tb_62ddd0c tb_first tf_w\">\n                        <div class=\"row_inner col_align_top tb_col_count_1 tf_box tf_rel\">\n                        <div  data-lazy=\"1\" class=\"module_column tb-column col-full tb_174d4a6 first\">\n                    <!-- module gallery -->\n<div  class=\"module gallery module-gallery tb_94e34f1 layout-grid  \" data-lazy=\"1\">\n    <div class=\"module-gallery-grid\" style=\"--gald:2;--galt:2;--galm:2\">\n            <dl class=\"gallery-item\">\n            <dt class=\"gallery-icon\">\n            <a data-title=\"\" title=\"\" href=\"https:\/\/mobilbox.hu\/de\/wp-content\/uploads\/2018\/06\/wynajem-kontenerow-sanitarnych-mw20.jpg\" data-rel=\"tb_94e34f1\" class=\"themify_lightbox\"><img loading=\"lazy\" decoding=\"async\" width=\"482\" height=\"362\" src=\"https:\/\/mobilbox.hu\/de\/wp-content\/uploads\/2018\/06\/wynajem-kontenerow-sanitarnych-mw20.jpg\" class=\"wp-post-image wp-image-680\" title=\"wynajem-kontenerow-sanitarnych-mw20\" alt=\"wynajem-kontenerow-sanitarnych-mw20\" srcset=\"https:\/\/mobilbox.hu\/de\/wp-content\/uploads\/2018\/06\/wynajem-kontenerow-sanitarnych-mw20.jpg 482w, https:\/\/mobilbox.hu\/de\/wp-content\/uploads\/2018\/06\/wynajem-kontenerow-sanitarnych-mw20-300x225.jpg 300w\" sizes=\"auto, (max-width: 482px) 100vw, 482px\" \/><\/a>            <\/dt>\n                    <\/dl>\n            <dl class=\"gallery-item\">\n            <dt class=\"gallery-icon\">\n            <a data-title=\"\" title=\"\" href=\"https:\/\/mobilbox.hu\/de\/wp-content\/uploads\/2018\/06\/wynajem-kontenerow-sanitarnych-mw20-2-e1540457936619.jpg\" data-rel=\"tb_94e34f1\" class=\"themify_lightbox\"><img loading=\"lazy\" decoding=\"async\" width=\"482\" height=\"362\" src=\"https:\/\/mobilbox.hu\/de\/wp-content\/uploads\/2018\/06\/wynajem-kontenerow-sanitarnych-mw20-2-e1540457936619.jpg\" class=\"wp-post-image wp-image-1148\" title=\"wynajem-kontenerow-sanitarnych-mw20-2\" alt=\"wynajem-kontenerow-sanitarnych-mw20-2\" srcset=\"https:\/\/mobilbox.hu\/de\/wp-content\/uploads\/2018\/06\/wynajem-kontenerow-sanitarnych-mw20-2-e1540457936619.jpg 482w, https:\/\/mobilbox.hu\/de\/wp-content\/uploads\/2018\/06\/wynajem-kontenerow-sanitarnych-mw20-2-e1540457936619-300x225.jpg 300w\" sizes=\"auto, (max-width: 482px) 100vw, 482px\" \/><\/a>            <\/dt>\n                    <\/dl>\n    <\/div>\n<\/div>\n<!-- \/module gallery --><!-- module text -->\n<div  class=\"module module-text tb_6a86923  repeat \" data-lazy=\"1\">\n        <div  class=\"tb_text_wrap\">\n        <hr \/><h3><span class=\"left_box_title\">MW20 \u201c20\u00b4 Herren WC-Container\u201d<\/span><\/h3><div class=\"tv_desc\"><p><span class=\"left_box_title\"><strong>Grundausstattung:<\/strong><br \/><\/span><\/p><ul class=\"left_box_desc\"><li>1 St. Au\u00dfent\u00fcr: 875 x 2.000 mm<\/li><li>4 St. wei\u00dfe PVC-Kippfenster: 674 x 574 mm, isoliert, mit Milchglas<\/li><li>6 St. WC-Kabinen, T\u00fcren mit WC-Schloss<\/li><li>6 St. Kermanik-WC mit Sp\u00fclkasten, Toilettenpapierhalter<\/li><li>2 St. Acryl-Doppelwaschbecken mit Kaltwasserhahn, Spiegel, PVC-Regal, Seifenhalter und Handtuchhalter<\/li><li>2 St. Urinale<\/li><li>2 St. Schamw\u00e4nde<\/li><\/ul><p><span class=\"left_box_title\"><strong>Elektro-Ausstattung:<\/strong><br \/>\u00a0<\/span><\/p><ul class=\"left_box_desc\"><li>1 St. 400 V \/ 5-poliger 3 x 32 A CEE-Aussenanschluss \u2013 anreihbar<\/li><li>1 St. Verteilerkasten mit RCD und LS-Schalter<\/li><li>2 St. 1 x 36 Watt Neon-Deckenbeleuchtung<\/li><li>2 St. 1 x 36 Watt Neon-Deckenbeleuchtung<\/li><li>2 St. 230 V Steckdosen<\/li><li>1 St. 2 kW Elektroheizk\u00f6rper<\/li><\/ul><\/div>    <\/div>\n<\/div>\n<!-- \/module text -->        <\/div>\n                        <\/div>\n        <\/div>\n        <\/div>\n<!--\/themify_builder_content-->\n<p>&nbsp;<\/p>","protected":false},"excerpt":{"rendered":"<p>MW20 \u201c20\u00b4 Herren WC-Container\u201d Grundausstattung: 1 St. Au\u00dfent\u00fcr: 875 x 2.000 mm 4 St. wei\u00dfe PVC-Kippfenster: 674 x 574 mm, isoliert, mit Milchglas 6 St. WC-Kabinen, T\u00fcren mit WC-Schloss 6 St. Kermanik-WC mit Sp\u00fclkasten, Toilettenpapierhalter 2 St. Acryl-Doppelwaschbecken mit Kaltwasserhahn, Spiegel, PVC-Regal, Seifenhalter und Handtuchhalter 2 St. Urinale 2 St. Schamw\u00e4nde Elektro-Ausstattung:\u00a0 1 St. 400 [&hellip;]<\/p>\n","protected":false},"author":3,"featured_media":0,"parent":6117,"menu_order":0,"comment_status":"closed","ping_status":"closed","template":"","meta":{"_seopress_robots_primary_cat":"","_seopress_titles_title":"","_seopress_titles_desc":"","_seopress_robots_index":"","footnotes":""},"class_list":["post-6169","page","type-page","status-publish","hentry","has-post-title","has-post-date","has-post-category","has-post-tag","has-post-comment","has-post-author",""],"_links":{"self":[{"href":"https:\/\/mobilbox.hu\/de\/wp-json\/wp\/v2\/pages\/6169","targetHints":{"allow":["GET"]}}],"collection":[{"href":"https:\/\/mobilbox.hu\/de\/wp-json\/wp\/v2\/pages"}],"about":[{"href":"https:\/\/mobilbox.hu\/de\/wp-json\/wp\/v2\/types\/page"}],"author":[{"embeddable":true,"href":"https:\/\/mobilbox.hu\/de\/wp-json\/wp\/v2\/users\/3"}],"replies":[{"embeddable":true,"href":"https:\/\/mobilbox.hu\/de\/wp-json\/wp\/v2\/comments?post=6169"}],"version-history":[{"count":0,"href":"https:\/\/mobilbox.hu\/de\/wp-json\/wp\/v2\/pages\/6169\/revisions"}],"up":[{"embeddable":true,"href":"https:\/\/mobilbox.hu\/de\/wp-json\/wp\/v2\/pages\/6117"}],"wp:attachment":[{"href":"https:\/\/mobilbox.hu\/de\/wp-json\/wp\/v2\/media?parent=6169"}],"curies":[{"name":"wp","href":"https:\/\/api.w.org\/{rel}","templated":true}]}}