{"id":6186,"date":"2019-04-26T09:10:29","date_gmt":"2019-04-26T09:10:29","guid":{"rendered":"https:\/\/mobilbox.hu\/de\/?page_id=6186"},"modified":"2020-03-03T18:53:30","modified_gmt":"2020-03-03T18:53:30","slug":"mz-20","status":"publish","type":"page","link":"https:\/\/mobilbox.hu\/de\/containertypen\/mz-20\/","title":{"rendered":"MZ 20"},"content":{"rendered":"<!--themify_builder_content-->\n<div id=\"themify_builder_content-6186\" data-postid=\"6186\" class=\"themify_builder_content themify_builder_content-6186 themify_builder tf_clear\">\n                    <div  data-lazy=\"1\" class=\"module_row themify_builder_row tb_62ddd0c tb_first tf_w\">\n                        <div class=\"row_inner col_align_top tb_col_count_1 tf_box tf_rel\">\n                        <div  data-lazy=\"1\" class=\"module_column tb-column col-full tb_174d4a6 first\">\n                    <!-- module gallery -->\n<div  class=\"module gallery module-gallery tb_94e34f1 layout-grid  \" data-lazy=\"1\">\n    <div class=\"module-gallery-grid\" style=\"--gald:2;--galt:2;--galm:2\">\n            <dl class=\"gallery-item\">\n            <dt class=\"gallery-icon\">\n            <a data-title=\"\" title=\"\" href=\"https:\/\/mobilbox.hu\/de\/wp-content\/uploads\/2018\/06\/wynajem-kontenerow-sanitarnych-mz20-1.jpg\" data-rel=\"tb_94e34f1\" class=\"themify_lightbox\"><img loading=\"lazy\" decoding=\"async\" width=\"482\" height=\"362\" src=\"https:\/\/mobilbox.hu\/de\/wp-content\/uploads\/2018\/06\/wynajem-kontenerow-sanitarnych-mz20-1.jpg\" class=\"wp-post-image wp-image-1157\" title=\"wynajem-kontenerow-sanitarnych-mz20-1\" alt=\"wynajem-kontenerow-sanitarnych-mz20-1\" srcset=\"https:\/\/mobilbox.hu\/de\/wp-content\/uploads\/2018\/06\/wynajem-kontenerow-sanitarnych-mz20-1.jpg 482w, https:\/\/mobilbox.hu\/de\/wp-content\/uploads\/2018\/06\/wynajem-kontenerow-sanitarnych-mz20-1-300x225.jpg 300w\" sizes=\"auto, (max-width: 482px) 100vw, 482px\" \/><\/a>            <\/dt>\n                    <\/dl>\n            <dl class=\"gallery-item\">\n            <dt class=\"gallery-icon\">\n            <a data-title=\"\" title=\"\" href=\"https:\/\/mobilbox.hu\/de\/wp-content\/uploads\/2018\/06\/wynajem-kontenerow-sanitarnych-mz20-2.jpg\" data-rel=\"tb_94e34f1\" class=\"themify_lightbox\"><img loading=\"lazy\" decoding=\"async\" width=\"482\" height=\"362\" src=\"https:\/\/mobilbox.hu\/de\/wp-content\/uploads\/2018\/06\/wynajem-kontenerow-sanitarnych-mz20-2.jpg\" class=\"wp-post-image wp-image-1158\" title=\"wynajem-kontenerow-sanitarnych-mz20-2\" alt=\"wynajem-kontenerow-sanitarnych-mz20-2\" srcset=\"https:\/\/mobilbox.hu\/de\/wp-content\/uploads\/2018\/06\/wynajem-kontenerow-sanitarnych-mz20-2.jpg 482w, https:\/\/mobilbox.hu\/de\/wp-content\/uploads\/2018\/06\/wynajem-kontenerow-sanitarnych-mz20-2-300x225.jpg 300w\" sizes=\"auto, (max-width: 482px) 100vw, 482px\" \/><\/a>            <\/dt>\n                    <\/dl>\n    <\/div>\n<\/div>\n<!-- \/module gallery --><!-- module text -->\n<div  class=\"module module-text tb_6a86923  repeat \" data-lazy=\"1\">\n        <div  class=\"tb_text_wrap\">\n        <hr \/><h3 class=\"tv_desc\"><span class=\"left_box_title\">MZ20 \u201c20\u00b4Duschcontainer\u201d<\/span><\/h3><div class=\"tv_desc\"><p><span class=\"left_box_title\"><strong>Grundausstattung:<\/strong><br \/><\/span><\/p><ul class=\"left_box_desc\"><li>1 St. Au\u00dfent\u00fcr: 875 x 2.000 mm<\/li><li>2 St. wei\u00dfe PVC-Kippfenster: 674 x 574 mm, isoliert, mit Milchglas<\/li><li>2 St. Acryl-Doppelwaschbecken mit Kalt- und Warmwasserhahn, Spiegel, PVC-Regal, Seifenhalter<\/li><li>6 St. Acryl-Duschkabinen mit Kalt- und Warmwasserhahn, Handbrause, Vorhang<\/li><li>2 St. Bodengully<\/li><\/ul><p><span class=\"left_box_title\"><strong>Elektro-Ausstattung:<\/strong><br \/><\/span><\/p><ul class=\"left_box_desc\"><li>1 St. 400 V \/ 5-poliger 3 x 32 A CEE-Au\u00dfenanschlu\u00df \u2013 anreihbar<\/li><li>1 St. Verteilerkasten mit RCD und LS-Schalter<\/li><li>2 St. 1 x 36 Watt Neon-Deckenbeleuchtung<\/li><li>1 St. Lichtschalter<\/li><li>4 St. 230 V Steckdosen<\/li><li>1 St. 2 kW Elektroheizk\u00f6rper<\/li><li>1 St. Warmwasserspeicher 300 L<\/li><\/ul><\/div>    <\/div>\n<\/div>\n<!-- \/module text -->        <\/div>\n                        <\/div>\n        <\/div>\n        <\/div>\n<!--\/themify_builder_content-->\n<p>&nbsp;<\/p>","protected":false},"excerpt":{"rendered":"<p>MZ20 \u201c20\u00b4Duschcontainer\u201d Grundausstattung: 1 St. Au\u00dfent\u00fcr: 875 x 2.000 mm 2 St. wei\u00dfe PVC-Kippfenster: 674 x 574 mm, isoliert, mit Milchglas 2 St. Acryl-Doppelwaschbecken mit Kalt- und Warmwasserhahn, Spiegel, PVC-Regal, Seifenhalter 6 St. Acryl-Duschkabinen mit Kalt- und Warmwasserhahn, Handbrause, Vorhang 2 St. Bodengully Elektro-Ausstattung: 1 St. 400 V \/ 5-poliger 3 x 32 A CEE-Au\u00dfenanschlu\u00df [&hellip;]<\/p>\n","protected":false},"author":3,"featured_media":0,"parent":6117,"menu_order":0,"comment_status":"closed","ping_status":"closed","template":"","meta":{"_seopress_robots_primary_cat":"","_seopress_titles_title":"","_seopress_titles_desc":"","_seopress_robots_index":"","footnotes":""},"class_list":["post-6186","page","type-page","status-publish","hentry","has-post-title","has-post-date","has-post-category","has-post-tag","has-post-comment","has-post-author",""],"_links":{"self":[{"href":"https:\/\/mobilbox.hu\/de\/wp-json\/wp\/v2\/pages\/6186","targetHints":{"allow":["GET"]}}],"collection":[{"href":"https:\/\/mobilbox.hu\/de\/wp-json\/wp\/v2\/pages"}],"about":[{"href":"https:\/\/mobilbox.hu\/de\/wp-json\/wp\/v2\/types\/page"}],"author":[{"embeddable":true,"href":"https:\/\/mobilbox.hu\/de\/wp-json\/wp\/v2\/users\/3"}],"replies":[{"embeddable":true,"href":"https:\/\/mobilbox.hu\/de\/wp-json\/wp\/v2\/comments?post=6186"}],"version-history":[{"count":0,"href":"https:\/\/mobilbox.hu\/de\/wp-json\/wp\/v2\/pages\/6186\/revisions"}],"up":[{"embeddable":true,"href":"https:\/\/mobilbox.hu\/de\/wp-json\/wp\/v2\/pages\/6117"}],"wp:attachment":[{"href":"https:\/\/mobilbox.hu\/de\/wp-json\/wp\/v2\/media?parent=6186"}],"curies":[{"name":"wp","href":"https:\/\/api.w.org\/{rel}","templated":true}]}}