{"id":6188,"date":"2019-04-26T09:14:02","date_gmt":"2019-04-26T09:14:02","guid":{"rendered":"https:\/\/mobilbox.hu\/de\/?page_id=6188"},"modified":"2020-02-26T20:29:58","modified_gmt":"2020-02-26T20:29:58","slug":"mw-10","status":"publish","type":"page","link":"https:\/\/mobilbox.hu\/de\/containertypen\/mw-10\/","title":{"rendered":"MW 10"},"content":{"rendered":"<!--themify_builder_content-->\n<div id=\"themify_builder_content-6188\" data-postid=\"6188\" class=\"themify_builder_content themify_builder_content-6188 themify_builder tf_clear\">\n                    <div  data-lazy=\"1\" class=\"module_row themify_builder_row tb_62ddd0c tb_first tf_w\">\n                        <div class=\"row_inner col_align_top tb_col_count_1 tf_box tf_rel\">\n                        <div  data-lazy=\"1\" class=\"module_column tb-column col-full tb_174d4a6 first\">\n                    <!-- module gallery -->\n<div  class=\"module gallery module-gallery tb_94e34f1 layout-grid  \" data-lazy=\"1\">\n    <div class=\"module-gallery-grid\" style=\"--gald:2;--galt:2;--galm:2\">\n            <dl class=\"gallery-item\">\n            <dt class=\"gallery-icon\">\n            <a data-title=\"\" title=\"\" href=\"https:\/\/mobilbox.hu\/de\/wp-content\/uploads\/2018\/06\/wynajem-kontenerow-sanitarnych-mw10-1.jpg\" data-rel=\"tb_94e34f1\" class=\"themify_lightbox\"><img loading=\"lazy\" decoding=\"async\" width=\"482\" height=\"362\" src=\"https:\/\/mobilbox.hu\/de\/wp-content\/uploads\/2018\/06\/wynajem-kontenerow-sanitarnych-mw10-1.jpg\" class=\"wp-post-image wp-image-1165\" title=\"wynajem-kontenerow-sanitarnych-mw10-1\" alt=\"wynajem-kontenerow-sanitarnych-mw10-1\" srcset=\"https:\/\/mobilbox.hu\/de\/wp-content\/uploads\/2018\/06\/wynajem-kontenerow-sanitarnych-mw10-1.jpg 482w, https:\/\/mobilbox.hu\/de\/wp-content\/uploads\/2018\/06\/wynajem-kontenerow-sanitarnych-mw10-1-300x225.jpg 300w\" sizes=\"auto, (max-width: 482px) 100vw, 482px\" \/><\/a>            <\/dt>\n                    <\/dl>\n            <dl class=\"gallery-item\">\n            <dt class=\"gallery-icon\">\n            <a data-title=\"\" title=\"\" href=\"https:\/\/mobilbox.hu\/de\/wp-content\/uploads\/2018\/06\/wynajem-kontenerow-sanitarnych-mw10-2.jpg\" data-rel=\"tb_94e34f1\" class=\"themify_lightbox\"><img loading=\"lazy\" decoding=\"async\" width=\"482\" height=\"362\" src=\"https:\/\/mobilbox.hu\/de\/wp-content\/uploads\/2018\/06\/wynajem-kontenerow-sanitarnych-mw10-2.jpg\" class=\"wp-post-image wp-image-1166\" title=\"wynajem-kontenerow-sanitarnych-mw10-2\" alt=\"wynajem-kontenerow-sanitarnych-mw10-2\" srcset=\"https:\/\/mobilbox.hu\/de\/wp-content\/uploads\/2018\/06\/wynajem-kontenerow-sanitarnych-mw10-2.jpg 482w, https:\/\/mobilbox.hu\/de\/wp-content\/uploads\/2018\/06\/wynajem-kontenerow-sanitarnych-mw10-2-300x225.jpg 300w\" sizes=\"auto, (max-width: 482px) 100vw, 482px\" \/><\/a>            <\/dt>\n                    <\/dl>\n    <\/div>\n<\/div>\n<!-- \/module gallery --><!-- module text -->\n<div  class=\"module module-text tb_6a86923  repeat \" data-lazy=\"1\">\n        <div  class=\"tb_text_wrap\">\n        <hr \/><h3 class=\"tv_desc\"><span class=\"left_box_title\">MW10 \u201c10\u00b42-Kabinen (Duo) WC-Container\u201d<\/span><\/h3><p class=\"tv_desc\"><span class=\"left_box_title\"><strong>Grundausstattung:<\/strong><br \/><\/span><\/p><div class=\"tv_desc\"><ul class=\"left_box_desc\"><li>2 St. Au\u00dfent\u00fcren: 875 x 2.000 mm, verglast<\/li><li>2 St. wei\u00dfe PVC-Kippfenster: 674 x 574 mm, isoliert, mit Milchglas<\/li><li>2 St. WC-Kabinen, T\u00fcren mit WC-Schloss<\/li><li>2 St. Keramik-WC mit Sp\u00fclkasten, Toilettenpapierhalter<\/li><li>2 St. Keramik-Waschbecken mit Kaltwasserhahn, Spiegel, PVC-Regal, Handtuchhalter<\/li><li>1 St. Pissoir<\/li><li>1 St. Schamwand<\/li><\/ul><p><span class=\"left_box_title\"><strong>Elektro-Ausstattung:<\/strong><br \/><\/span><\/p><ul class=\"left_box_desc\"><li>1 St. 400 V \/ 5-poliger 3 x 32 A CEE-Au\u00dfenanschlu\u00df \u2013 anreihbar<\/li><li>1 St. Verteilerkasten mit RCD und LS-Schalter<\/li><li>2 St. 1 x 36 Watt Neon-Deckenbeleuchtung<\/li><li>2 St. Lichtschalter<\/li><li>2 St. 230 V Steckdosen<\/li><li>2 St. 0,5 kW Elektroheizk\u00f6rper<\/li><\/ul><\/div>    <\/div>\n<\/div>\n<!-- \/module text -->        <\/div>\n                        <\/div>\n        <\/div>\n        <\/div>\n<!--\/themify_builder_content-->\n<p>&nbsp;<\/p>","protected":false},"excerpt":{"rendered":"<p>MW10 \u201c10\u00b42-Kabinen (Duo) WC-Container\u201d Grundausstattung: 2 St. Au\u00dfent\u00fcren: 875 x 2.000 mm, verglast 2 St. wei\u00dfe PVC-Kippfenster: 674 x 574 mm, isoliert, mit Milchglas 2 St. WC-Kabinen, T\u00fcren mit WC-Schloss 2 St. Keramik-WC mit Sp\u00fclkasten, Toilettenpapierhalter 2 St. Keramik-Waschbecken mit Kaltwasserhahn, Spiegel, PVC-Regal, Handtuchhalter 1 St. Pissoir 1 St. Schamwand Elektro-Ausstattung: 1 St. 400 V [&hellip;]<\/p>\n","protected":false},"author":3,"featured_media":0,"parent":6117,"menu_order":0,"comment_status":"closed","ping_status":"closed","template":"","meta":{"_seopress_robots_primary_cat":"","_seopress_titles_title":"","_seopress_titles_desc":"","_seopress_robots_index":"","footnotes":""},"class_list":["post-6188","page","type-page","status-publish","hentry","has-post-title","has-post-date","has-post-category","has-post-tag","has-post-comment","has-post-author",""],"_links":{"self":[{"href":"https:\/\/mobilbox.hu\/de\/wp-json\/wp\/v2\/pages\/6188","targetHints":{"allow":["GET"]}}],"collection":[{"href":"https:\/\/mobilbox.hu\/de\/wp-json\/wp\/v2\/pages"}],"about":[{"href":"https:\/\/mobilbox.hu\/de\/wp-json\/wp\/v2\/types\/page"}],"author":[{"embeddable":true,"href":"https:\/\/mobilbox.hu\/de\/wp-json\/wp\/v2\/users\/3"}],"replies":[{"embeddable":true,"href":"https:\/\/mobilbox.hu\/de\/wp-json\/wp\/v2\/comments?post=6188"}],"version-history":[{"count":0,"href":"https:\/\/mobilbox.hu\/de\/wp-json\/wp\/v2\/pages\/6188\/revisions"}],"up":[{"embeddable":true,"href":"https:\/\/mobilbox.hu\/de\/wp-json\/wp\/v2\/pages\/6117"}],"wp:attachment":[{"href":"https:\/\/mobilbox.hu\/de\/wp-json\/wp\/v2\/media?parent=6188"}],"curies":[{"name":"wp","href":"https:\/\/api.w.org\/{rel}","templated":true}]}}