{"id":6189,"date":"2019-04-26T09:16:11","date_gmt":"2019-04-26T09:16:11","guid":{"rendered":"https:\/\/mobilbox.hu\/de\/?page_id=6189"},"modified":"2020-02-27T22:42:02","modified_gmt":"2020-02-27T22:42:02","slug":"ms-10","status":"publish","type":"page","link":"https:\/\/mobilbox.hu\/de\/containertypen\/ms-10\/","title":{"rendered":"MS 10"},"content":{"rendered":"<!--themify_builder_content-->\n<div id=\"themify_builder_content-6189\" data-postid=\"6189\" class=\"themify_builder_content themify_builder_content-6189 themify_builder tf_clear\">\n                    <div  data-lazy=\"1\" class=\"module_row themify_builder_row tb_62ddd0c tb_first tf_w\">\n                        <div class=\"row_inner col_align_top tb_col_count_1 tf_box tf_rel\">\n                        <div  data-lazy=\"1\" class=\"module_column tb-column col-full tb_174d4a6 first\">\n                    <!-- module gallery -->\n<div  class=\"module gallery module-gallery tb_94e34f1 layout-grid  \" data-lazy=\"1\">\n    <div class=\"module-gallery-grid\" style=\"--gald:2;--galt:2;--galm:2\">\n            <dl class=\"gallery-item\">\n            <dt class=\"gallery-icon\">\n            <img loading=\"lazy\" decoding=\"async\" width=\"482\" height=\"362\" src=\"https:\/\/mobilbox.hu\/de\/wp-content\/uploads\/2018\/06\/wynajem-kontenerow-sanitarnych-ms10-1.jpg\" class=\"wp-post-image wp-image-1163\" title=\"wynajem-kontenerow-sanitarnych-ms10-1\" alt=\"wynajem-kontenerow-sanitarnych-ms10-1\" srcset=\"https:\/\/mobilbox.hu\/de\/wp-content\/uploads\/2018\/06\/wynajem-kontenerow-sanitarnych-ms10-1.jpg 482w, https:\/\/mobilbox.hu\/de\/wp-content\/uploads\/2018\/06\/wynajem-kontenerow-sanitarnych-ms10-1-300x225.jpg 300w\" sizes=\"auto, (max-width: 482px) 100vw, 482px\" \/>            <\/dt>\n                    <\/dl>\n            <dl class=\"gallery-item\">\n            <dt class=\"gallery-icon\">\n            <img loading=\"lazy\" decoding=\"async\" width=\"482\" height=\"362\" src=\"https:\/\/mobilbox.hu\/de\/wp-content\/uploads\/2018\/06\/wynajem-kontenerow-sanitarnych-ms10-2.jpg\" class=\"wp-post-image wp-image-1164\" title=\"wynajem-kontenerow-sanitarnych-ms10-2\" alt=\"wynajem-kontenerow-sanitarnych-ms10-2\" srcset=\"https:\/\/mobilbox.hu\/de\/wp-content\/uploads\/2018\/06\/wynajem-kontenerow-sanitarnych-ms10-2.jpg 482w, https:\/\/mobilbox.hu\/de\/wp-content\/uploads\/2018\/06\/wynajem-kontenerow-sanitarnych-ms10-2-300x225.jpg 300w\" sizes=\"auto, (max-width: 482px) 100vw, 482px\" \/>            <\/dt>\n                    <\/dl>\n    <\/div>\n<\/div>\n<!-- \/module gallery --><!-- module text -->\n<div  class=\"module module-text tb_6a86923  repeat \" data-lazy=\"1\">\n        <div  class=\"tb_text_wrap\">\n        <hr \/><h3 class=\"tv_desc\"><span class=\"left_box_title\">MS10\u00a0kombinierter Dusch- und WC-Container<\/span><\/h3><div class=\"tv_desc\"><p><span class=\"left_box_title\"><strong>Grundausstattung:<\/strong>\u00a0<br \/><\/span><\/p><ul class=\"left_box_desc\"><li>1 St. Au\u00dfent\u00fcr: 875 x 2.000 mm<\/li><li>1 St. wei\u00dfes PVC-Kippfenster: 674 x 574 mm, isoliert, mit Milchglas<\/li><li>1 St. Innent\u00fcr: 875 x 2.000 mm<\/li><li>1 St. WC-Kabine, T\u00fcr mit WC-Schloss<\/li><li>1 St. Keramik-WC mit Sp\u00fclkasten, Toilettenpapierhalter<\/li><li>2 St. Keramik-Waschbecken mit Kaltwasserhahn, Spiegel, PVC-Regal, Handtuchhalter<\/li><li>1 St. Urinal<\/li><li>1 St. Schamwand<\/li><li>1 St. Acryl-Duschkabine mit Kalt- und Warmwasserhahn, Handbrause, Vorhang<\/li><li>1 St. Bodengully<\/li><\/ul><p><span class=\"left_box_title\"><strong>Elektro-Ausstattung:<\/strong><br \/><\/span><\/p><ul class=\"left_box_desc\"><li>1 St. 400 V \/ 5-poliger 3 x 32 A CEE-Au\u00dfenanschlu\u00df \u2013 anreihbar<\/li><li>1 St. Verteilerkasten mit RCD und LS-Schalter<\/li><li>2 St. 1 x 36 Watt Neon-Deckenbeleuchtung<\/li><li>2 St. Lichtschalter<\/li><li>3 St. 230 V Steckdosen<\/li><li>2 St. 0,5 kW Elektroheizk\u00f6rper<\/li><li>1 St. Warmwasserspeicher 80 L<\/li><li>1 St. Entl\u00fcftungsventilator mit Kapazit\u00e4t von 100 m<sup>3<\/sup>\u00a0\/ h<\/li><\/ul><\/div>    <\/div>\n<\/div>\n<!-- \/module text -->        <\/div>\n                        <\/div>\n        <\/div>\n        <\/div>\n<!--\/themify_builder_content-->\n<p>&nbsp;<\/p>","protected":false},"excerpt":{"rendered":"<p>MS10\u00a0kombinierter Dusch- und WC-Container Grundausstattung:\u00a0 1 St. Au\u00dfent\u00fcr: 875 x 2.000 mm 1 St. wei\u00dfes PVC-Kippfenster: 674 x 574 mm, isoliert, mit Milchglas 1 St. Innent\u00fcr: 875 x 2.000 mm 1 St. WC-Kabine, T\u00fcr mit WC-Schloss 1 St. Keramik-WC mit Sp\u00fclkasten, Toilettenpapierhalter 2 St. Keramik-Waschbecken mit Kaltwasserhahn, Spiegel, PVC-Regal, Handtuchhalter 1 St. Urinal 1 St. [&hellip;]<\/p>\n","protected":false},"author":3,"featured_media":0,"parent":6117,"menu_order":0,"comment_status":"closed","ping_status":"closed","template":"","meta":{"_seopress_robots_primary_cat":"","_seopress_titles_title":"","_seopress_titles_desc":"","_seopress_robots_index":"","footnotes":""},"class_list":["post-6189","page","type-page","status-publish","hentry","has-post-title","has-post-date","has-post-category","has-post-tag","has-post-comment","has-post-author",""],"_links":{"self":[{"href":"https:\/\/mobilbox.hu\/de\/wp-json\/wp\/v2\/pages\/6189","targetHints":{"allow":["GET"]}}],"collection":[{"href":"https:\/\/mobilbox.hu\/de\/wp-json\/wp\/v2\/pages"}],"about":[{"href":"https:\/\/mobilbox.hu\/de\/wp-json\/wp\/v2\/types\/page"}],"author":[{"embeddable":true,"href":"https:\/\/mobilbox.hu\/de\/wp-json\/wp\/v2\/users\/3"}],"replies":[{"embeddable":true,"href":"https:\/\/mobilbox.hu\/de\/wp-json\/wp\/v2\/comments?post=6189"}],"version-history":[{"count":0,"href":"https:\/\/mobilbox.hu\/de\/wp-json\/wp\/v2\/pages\/6189\/revisions"}],"up":[{"embeddable":true,"href":"https:\/\/mobilbox.hu\/de\/wp-json\/wp\/v2\/pages\/6117"}],"wp:attachment":[{"href":"https:\/\/mobilbox.hu\/de\/wp-json\/wp\/v2\/media?parent=6189"}],"curies":[{"name":"wp","href":"https:\/\/api.w.org\/{rel}","templated":true}]}}