{"id":6190,"date":"2019-04-26T09:49:31","date_gmt":"2019-04-26T09:49:31","guid":{"rendered":"https:\/\/mobilbox.hu\/de\/?page_id=6190"},"modified":"2020-02-26T11:05:37","modified_gmt":"2020-02-26T11:05:37","slug":"mt-10","status":"publish","type":"page","link":"https:\/\/mobilbox.hu\/de\/containertypen\/mt-10\/","title":{"rendered":"MT 10"},"content":{"rendered":"<p>&nbsp;<\/p>\n<!--themify_builder_content-->\n<div id=\"themify_builder_content-6190\" data-postid=\"6190\" class=\"themify_builder_content themify_builder_content-6190 themify_builder tf_clear\">\n                    <div  data-lazy=\"1\" class=\"module_row themify_builder_row tb_62ddd0c tb_first tf_w\">\n                        <div class=\"row_inner col_align_top tb_col_count_1 tf_box tf_rel\">\n                        <div  data-lazy=\"1\" class=\"module_column tb-column col-full tb_174d4a6 first\">\n                    <!-- module gallery -->\n<div  class=\"module gallery module-gallery tb_94e34f1 layout-grid  \" data-lazy=\"1\">\n    <div class=\"module-gallery-grid\" style=\"--gald:3;--galt:3;--galm:3\">\n            <dl class=\"gallery-item\">\n            <dt class=\"gallery-icon\">\n            <img loading=\"lazy\" decoding=\"async\" width=\"482\" height=\"362\" src=\"https:\/\/mobilbox.hu\/de\/wp-content\/uploads\/2018\/06\/wynajem-kontenerow-sanitarnych-mt10-1.jpg\" class=\"wp-post-image wp-image-1167\" title=\"wynajem-kontenerow-sanitarnych-mt10-1\" alt=\"wynajem-kontenerow-sanitarnych-mt10-1\" srcset=\"https:\/\/mobilbox.hu\/de\/wp-content\/uploads\/2018\/06\/wynajem-kontenerow-sanitarnych-mt10-1.jpg 482w, https:\/\/mobilbox.hu\/de\/wp-content\/uploads\/2018\/06\/wynajem-kontenerow-sanitarnych-mt10-1-300x225.jpg 300w\" sizes=\"auto, (max-width: 482px) 100vw, 482px\" \/>            <\/dt>\n                    <\/dl>\n            <dl class=\"gallery-item\">\n            <dt class=\"gallery-icon\">\n            <img loading=\"lazy\" decoding=\"async\" width=\"482\" height=\"239\" src=\"https:\/\/mobilbox.hu\/de\/wp-content\/uploads\/2018\/06\/wynajem-kontenerow-sanitarnych-mt10-3.jpg\" class=\"wp-post-image wp-image-1169\" title=\"wynajem-kontenerow-sanitarnych-mt10-3\" alt=\"wynajem-kontenerow-sanitarnych-mt10-3\" srcset=\"https:\/\/mobilbox.hu\/de\/wp-content\/uploads\/2018\/06\/wynajem-kontenerow-sanitarnych-mt10-3.jpg 482w, https:\/\/mobilbox.hu\/de\/wp-content\/uploads\/2018\/06\/wynajem-kontenerow-sanitarnych-mt10-3-300x149.jpg 300w\" sizes=\"auto, (max-width: 482px) 100vw, 482px\" \/>            <\/dt>\n                    <\/dl>\n            <dl class=\"gallery-item\">\n            <dt class=\"gallery-icon\">\n            <img loading=\"lazy\" decoding=\"async\" width=\"482\" height=\"362\" src=\"https:\/\/mobilbox.hu\/de\/wp-content\/uploads\/2018\/06\/wynajem-kontenerow-sanitarnych-mt10-2.jpg\" class=\"wp-post-image wp-image-1168\" title=\"wynajem-kontenerow-sanitarnych-mt10-2\" alt=\"wynajem-kontenerow-sanitarnych-mt10-2\" srcset=\"https:\/\/mobilbox.hu\/de\/wp-content\/uploads\/2018\/06\/wynajem-kontenerow-sanitarnych-mt10-2.jpg 482w, https:\/\/mobilbox.hu\/de\/wp-content\/uploads\/2018\/06\/wynajem-kontenerow-sanitarnych-mt10-2-300x225.jpg 300w\" sizes=\"auto, (max-width: 482px) 100vw, 482px\" \/>            <\/dt>\n                    <\/dl>\n    <\/div>\n<\/div>\n<!-- \/module gallery --><!-- module text -->\n<div  class=\"module module-text tb_6a86923  repeat \" data-lazy=\"1\">\n        <div  class=\"tb_text_wrap\">\n        <hr \/><h3 class=\"tv_desc\"><span class=\"left_box_title\">MT10 \u201c10\u00b4Abwassertank\u201d<\/span><\/h3><ul><li class=\"tv_desc\">Geeignet f\u00fcr die Verwendung in unkanalisierten Gebieten<\/li><li class=\"tv_desc\">Optimal bei Massenveranstaltungen, beim Beginn von Greenfield-Investitionen<\/li><li class=\"tv_desc\">Umweltfreundliche, kultivierte L\u00f6sung<\/li><li class=\"tv_desc\">Einfache Installierung<\/li><li class=\"tv_desc\">Geschlossenes Entleersystem<\/li><\/ul><p><span class=\"left_box_desc\"><br \/>Mit der Anwendung des Abwassertankes k\u00f6nnen die WC- und Duschcontainer auch in unkanalisierten Gebieten vollwertig und kultiviert eingesetzt werden. Die Grundfl\u00e4che ist identisch mit der des 10\u2019 Sanit\u00e4r Containers und der Abwasseranschluss-Stutzen passt optimal zum Auslass des Sanit\u00e4rcontainers. Dadurch ist eine rasche und einfache Aufstellung gesichert. Nutzinhalt: 5 m<sup>3<\/sup>. Der F\u00fcllstand wird durch einen F\u00fcllstandsanzeiger angezeigt. Eine an die Tankh\u00f6he angepasste Treppe ist ebenfalls erh\u00e4ltlich. Die Entleerung kann \u2013 dank dem standardisierten Entleerungsstutzen \u2013 mit einem Absaugfahrzeug in geschlossenem System verrichtet werden.<\/span><\/p>    <\/div>\n<\/div>\n<!-- \/module text -->        <\/div>\n                        <\/div>\n        <\/div>\n        <\/div>\n<!--\/themify_builder_content-->\n<p>&nbsp;<\/p>","protected":false},"excerpt":{"rendered":"<p>&nbsp; MT10 \u201c10\u00b4Abwassertank\u201d Geeignet f\u00fcr die Verwendung in unkanalisierten Gebieten Optimal bei Massenveranstaltungen, beim Beginn von Greenfield-Investitionen Umweltfreundliche, kultivierte L\u00f6sung Einfache Installierung Geschlossenes Entleersystem Mit der Anwendung des Abwassertankes k\u00f6nnen die WC- und Duschcontainer auch in unkanalisierten Gebieten vollwertig und kultiviert eingesetzt werden. Die Grundfl\u00e4che ist identisch mit der des 10\u2019 Sanit\u00e4r Containers und der [&hellip;]<\/p>\n","protected":false},"author":3,"featured_media":0,"parent":6117,"menu_order":0,"comment_status":"closed","ping_status":"closed","template":"","meta":{"_seopress_robots_primary_cat":"","_seopress_titles_title":"","_seopress_titles_desc":"","_seopress_robots_index":"","footnotes":""},"class_list":["post-6190","page","type-page","status-publish","hentry","has-post-title","has-post-date","has-post-category","has-post-tag","has-post-comment","has-post-author",""],"_links":{"self":[{"href":"https:\/\/mobilbox.hu\/de\/wp-json\/wp\/v2\/pages\/6190","targetHints":{"allow":["GET"]}}],"collection":[{"href":"https:\/\/mobilbox.hu\/de\/wp-json\/wp\/v2\/pages"}],"about":[{"href":"https:\/\/mobilbox.hu\/de\/wp-json\/wp\/v2\/types\/page"}],"author":[{"embeddable":true,"href":"https:\/\/mobilbox.hu\/de\/wp-json\/wp\/v2\/users\/3"}],"replies":[{"embeddable":true,"href":"https:\/\/mobilbox.hu\/de\/wp-json\/wp\/v2\/comments?post=6190"}],"version-history":[{"count":0,"href":"https:\/\/mobilbox.hu\/de\/wp-json\/wp\/v2\/pages\/6190\/revisions"}],"up":[{"embeddable":true,"href":"https:\/\/mobilbox.hu\/de\/wp-json\/wp\/v2\/pages\/6117"}],"wp:attachment":[{"href":"https:\/\/mobilbox.hu\/de\/wp-json\/wp\/v2\/media?parent=6190"}],"curies":[{"name":"wp","href":"https:\/\/api.w.org\/{rel}","templated":true}]}}