{"id":6208,"date":"2019-04-26T09:54:02","date_gmt":"2019-04-26T09:54:02","guid":{"rendered":"https:\/\/mobilbox.hu\/de\/?page_id=6208"},"modified":"2020-02-26T13:17:29","modified_gmt":"2020-02-26T13:17:29","slug":"mvt-20","status":"publish","type":"page","link":"https:\/\/mobilbox.hu\/de\/containertypen\/mvt-20\/","title":{"rendered":"MVT 20"},"content":{"rendered":"<!--themify_builder_content-->\n<div id=\"themify_builder_content-6208\" data-postid=\"6208\" class=\"themify_builder_content themify_builder_content-6208 themify_builder tf_clear\">\n                    <div  data-lazy=\"1\" class=\"module_row themify_builder_row tb_62ddd0c tb_first tf_w\">\n                        <div class=\"row_inner col_align_top tb_col_count_1 tf_box tf_rel\">\n                        <div  data-lazy=\"1\" class=\"module_column tb-column col-full tb_174d4a6 first\">\n                    <!-- module gallery -->\n<div  class=\"module gallery module-gallery tb_94e34f1 layout-grid  \" data-lazy=\"1\">\n    <div class=\"module-gallery-grid\" style=\"--gald:2;--galt:2;--galm:2\">\n            <dl class=\"gallery-item\">\n            <dt class=\"gallery-icon\">\n            <img loading=\"lazy\" decoding=\"async\" width=\"482\" height=\"362\" src=\"https:\/\/mobilbox.hu\/de\/wp-content\/uploads\/2018\/06\/wynajem-kontenerow-sanitarnych-mvt20-1.jpg\" class=\"wp-post-image wp-image-1173\" title=\"wynajem-kontenerow-sanitarnych-mvt20-1\" alt=\"wynajem-kontenerow-sanitarnych-mvt20-1\" srcset=\"https:\/\/mobilbox.hu\/de\/wp-content\/uploads\/2018\/06\/wynajem-kontenerow-sanitarnych-mvt20-1.jpg 482w, https:\/\/mobilbox.hu\/de\/wp-content\/uploads\/2018\/06\/wynajem-kontenerow-sanitarnych-mvt20-1-300x225.jpg 300w\" sizes=\"auto, (max-width: 482px) 100vw, 482px\" \/>            <\/dt>\n                    <\/dl>\n            <dl class=\"gallery-item\">\n            <dt class=\"gallery-icon\">\n            <img loading=\"lazy\" decoding=\"async\" width=\"482\" height=\"362\" src=\"https:\/\/mobilbox.hu\/de\/wp-content\/uploads\/2018\/06\/wynajem-kontenerow-sanitarnych-mvt20-2.jpg\" class=\"wp-post-image wp-image-1174\" title=\"wynajem-kontenerow-sanitarnych-mvt20-2\" alt=\"wynajem-kontenerow-sanitarnych-mvt20-2\" srcset=\"https:\/\/mobilbox.hu\/de\/wp-content\/uploads\/2018\/06\/wynajem-kontenerow-sanitarnych-mvt20-2.jpg 482w, https:\/\/mobilbox.hu\/de\/wp-content\/uploads\/2018\/06\/wynajem-kontenerow-sanitarnych-mvt20-2-300x225.jpg 300w\" sizes=\"auto, (max-width: 482px) 100vw, 482px\" \/>            <\/dt>\n                    <\/dl>\n    <\/div>\n<\/div>\n<!-- \/module gallery --><!-- module text -->\n<div  class=\"module module-text tb_6a86923  repeat \" data-lazy=\"1\">\n        <div  class=\"tb_text_wrap\">\n        <hr \/><h3 class=\"tv_desc\"><span class=\"left_box_title\">MVT20 \u201c20\u00b4 Nutzwasser- und Abwassertank\u201d<\/span><\/h3><ul><li>Geeignet f\u00fcr Verwendung in unkanalisierten Gebieten<\/li><li>F\u00fcr Verwendung im Gebieten ohne Zugang zu Leitungswasser und Kanal<\/li><li>Optimal bei Massenveranstaltungen, beim Beginn von Greenfield-Investitionen<\/li><li>Umweltfreundliche, kultivierte L\u00f6sung<\/li><li>Einfache Installierung<\/li><li>Geschlossenes Entleersystem<\/li><\/ul><p class=\"left_box_desc\">Mit der Anwendung des Abwassertankes k\u00f6nnen Sanit\u00e4r und WC-Container auch in unkanalisierten Gebieten vollwertig und kultiviert eingesetzt werden. Die Grundfl\u00e4che ist identisch mit der eines 20\u2019 Sanit\u00e4rcontainers\u00a0 und der Abwasseranschluss-Stutzen passt optimal zum Auslass eines Sanit\u00e4rcontainers. Dadurch ist eine rasche und einfache Aufstellung gesichert. Nutzinhalt: 4 m<sup>3<\/sup>\u00a0Nutzwasser (optional: Innenw\u00e4nde mit Lebensmittelindustrie-tauglicher Farbe gestrichen), 6 m<sup>3<\/sup>\u00a0Abwasser. Das Nutzwasser wird mit einer 1,1 kW Pumpe getrieben. Der F\u00fcllstand wird durch einen F\u00fcllstandsanzeiger angezeigt. Eine Treppe angepasst an die Tankh\u00f6he ist ebenfalls erh\u00e4ltlich. Die Entleerung kann \u2013 dank dem standardisierten Entleerungsstutzens \u2013 mit dem Absaugfahrzeug in geschlossenem System verrichtet werden.<\/p>    <\/div>\n<\/div>\n<!-- \/module text -->        <\/div>\n                        <\/div>\n        <\/div>\n        <\/div>\n<!--\/themify_builder_content-->\n<p>&nbsp;<\/p>","protected":false},"excerpt":{"rendered":"<p>MVT20 \u201c20\u00b4 Nutzwasser- und Abwassertank\u201d Geeignet f\u00fcr Verwendung in unkanalisierten Gebieten F\u00fcr Verwendung im Gebieten ohne Zugang zu Leitungswasser und Kanal Optimal bei Massenveranstaltungen, beim Beginn von Greenfield-Investitionen Umweltfreundliche, kultivierte L\u00f6sung Einfache Installierung Geschlossenes Entleersystem Mit der Anwendung des Abwassertankes k\u00f6nnen Sanit\u00e4r und WC-Container auch in unkanalisierten Gebieten vollwertig und kultiviert eingesetzt werden. Die Grundfl\u00e4che [&hellip;]<\/p>\n","protected":false},"author":3,"featured_media":0,"parent":6117,"menu_order":0,"comment_status":"closed","ping_status":"closed","template":"","meta":{"_seopress_robots_primary_cat":"","_seopress_titles_title":"","_seopress_titles_desc":"","_seopress_robots_index":"","footnotes":""},"class_list":["post-6208","page","type-page","status-publish","hentry","has-post-title","has-post-date","has-post-category","has-post-tag","has-post-comment","has-post-author",""],"_links":{"self":[{"href":"https:\/\/mobilbox.hu\/de\/wp-json\/wp\/v2\/pages\/6208","targetHints":{"allow":["GET"]}}],"collection":[{"href":"https:\/\/mobilbox.hu\/de\/wp-json\/wp\/v2\/pages"}],"about":[{"href":"https:\/\/mobilbox.hu\/de\/wp-json\/wp\/v2\/types\/page"}],"author":[{"embeddable":true,"href":"https:\/\/mobilbox.hu\/de\/wp-json\/wp\/v2\/users\/3"}],"replies":[{"embeddable":true,"href":"https:\/\/mobilbox.hu\/de\/wp-json\/wp\/v2\/comments?post=6208"}],"version-history":[{"count":0,"href":"https:\/\/mobilbox.hu\/de\/wp-json\/wp\/v2\/pages\/6208\/revisions"}],"up":[{"embeddable":true,"href":"https:\/\/mobilbox.hu\/de\/wp-json\/wp\/v2\/pages\/6117"}],"wp:attachment":[{"href":"https:\/\/mobilbox.hu\/de\/wp-json\/wp\/v2\/media?parent=6208"}],"curies":[{"name":"wp","href":"https:\/\/api.w.org\/{rel}","templated":true}]}}