{"id":6209,"date":"2019-04-26T09:56:41","date_gmt":"2019-04-26T09:56:41","guid":{"rendered":"https:\/\/mobilbox.hu\/de\/?page_id=6209"},"modified":"2020-02-26T22:30:24","modified_gmt":"2020-02-26T22:30:24","slug":"mx-20","status":"publish","type":"page","link":"https:\/\/mobilbox.hu\/de\/containertypen\/mx-20\/","title":{"rendered":"MX 20"},"content":{"rendered":"<!--themify_builder_content-->\n<div id=\"themify_builder_content-6209\" data-postid=\"6209\" class=\"themify_builder_content themify_builder_content-6209 themify_builder tf_clear\">\n                    <div  data-lazy=\"1\" class=\"module_row themify_builder_row tb_62ddd0c tb_first tf_w\">\n                        <div class=\"row_inner col_align_top tb_col_count_1 tf_box tf_rel\">\n                        <div  data-lazy=\"1\" class=\"module_column tb-column col-full tb_174d4a6 first\">\n                    <!-- module gallery -->\n<div  class=\"module gallery module-gallery tb_94e34f1 layout-grid  \" data-lazy=\"1\">\n    <div class=\"module-gallery-grid\" style=\"--gald:2;--galt:2;--galm:2\">\n            <dl class=\"gallery-item\">\n            <dt class=\"gallery-icon\">\n            <img loading=\"lazy\" decoding=\"async\" width=\"482\" height=\"362\" src=\"https:\/\/mobilbox.hu\/de\/wp-content\/uploads\/2019\/04\/wynajem-kontenerow-magazynowych-plan-mx20-1.jpg\" class=\"wp-post-image wp-image-4262\" title=\"wynajem-kontenerow-magazynowych-plan-mx20-1\" alt=\"wynajem-kontenerow-magazynowych-plan-mx20-1\" srcset=\"https:\/\/mobilbox.hu\/de\/wp-content\/uploads\/2019\/04\/wynajem-kontenerow-magazynowych-plan-mx20-1.jpg 482w, https:\/\/mobilbox.hu\/de\/wp-content\/uploads\/2019\/04\/wynajem-kontenerow-magazynowych-plan-mx20-1-300x225.jpg 300w\" sizes=\"auto, (max-width: 482px) 100vw, 482px\" \/>            <\/dt>\n                    <\/dl>\n            <dl class=\"gallery-item\">\n            <dt class=\"gallery-icon\">\n            <img loading=\"lazy\" decoding=\"async\" width=\"482\" height=\"315\" src=\"https:\/\/mobilbox.hu\/de\/wp-content\/uploads\/2018\/06\/kontenery-stransportowe-projekt-mx20-2.jpg\" class=\"wp-post-image wp-image-1353\" title=\"kontenery-stransportowe-projekt-mx20-2\" alt=\"kontenery-stransportowe-projekt-mx20-2\" srcset=\"https:\/\/mobilbox.hu\/de\/wp-content\/uploads\/2018\/06\/kontenery-stransportowe-projekt-mx20-2.jpg 482w, https:\/\/mobilbox.hu\/de\/wp-content\/uploads\/2018\/06\/kontenery-stransportowe-projekt-mx20-2-300x196.jpg 300w\" sizes=\"auto, (max-width: 482px) 100vw, 482px\" \/>            <\/dt>\n                    <\/dl>\n    <\/div>\n<\/div>\n<!-- \/module gallery --><!-- module text -->\n<div  class=\"module module-text tb_6a86923  repeat \" data-lazy=\"1\">\n        <div  class=\"tb_text_wrap\">\n        <hr \/><h2><span class=\"left_box_title\">MX20 \u201c20\u00b4 Lager- \/ Seecontainer\u201d<\/span><\/h2><ul class=\"left_box_desc\"><li>Container nach ISO-Standard<\/li><li>einsetzbar f\u00fcr Lagerung und Transport<\/li><li>wind- und wasserdicht<\/li><li>Boden: H\u00f6he: 170 mm (\u00b1 5 mm, gemessen bis zur inneren Bodenh\u00f6he)<\/li><li>Doppelfl\u00fcgelt\u00fcr mit von au\u00dfen verriegelbaren Stangenschl\u00f6ssern<\/li><li>massives Stahlger\u00fcst<\/li><li>mit Staplertaschen<\/li><li>Lagerkapazit\u00e4t:\u00a033 m<sup>3<\/sup>\u00a0\/ 20\u2032<\/li><li>G\u00fcltige CSC-Plakette (bei Bedarf)<\/li><\/ul>    <\/div>\n<\/div>\n<!-- \/module text -->        <\/div>\n                        <\/div>\n        <\/div>\n        <\/div>\n<!--\/themify_builder_content-->\n<p>&nbsp;<\/p>","protected":false},"excerpt":{"rendered":"<p>MX20 \u201c20\u00b4 Lager- \/ Seecontainer\u201d Container nach ISO-Standard einsetzbar f\u00fcr Lagerung und Transport wind- und wasserdicht Boden: H\u00f6he: 170 mm (\u00b1 5 mm, gemessen bis zur inneren Bodenh\u00f6he) Doppelfl\u00fcgelt\u00fcr mit von au\u00dfen verriegelbaren Stangenschl\u00f6ssern massives Stahlger\u00fcst mit Staplertaschen Lagerkapazit\u00e4t:\u00a033 m3\u00a0\/ 20\u2032 G\u00fcltige CSC-Plakette (bei Bedarf) &nbsp;<\/p>\n","protected":false},"author":3,"featured_media":0,"parent":6117,"menu_order":0,"comment_status":"closed","ping_status":"closed","template":"","meta":{"_seopress_robots_primary_cat":"","_seopress_titles_title":"","_seopress_titles_desc":"","_seopress_robots_index":"","footnotes":""},"class_list":["post-6209","page","type-page","status-publish","hentry","has-post-title","has-post-date","has-post-category","has-post-tag","has-post-comment","has-post-author",""],"_links":{"self":[{"href":"https:\/\/mobilbox.hu\/de\/wp-json\/wp\/v2\/pages\/6209","targetHints":{"allow":["GET"]}}],"collection":[{"href":"https:\/\/mobilbox.hu\/de\/wp-json\/wp\/v2\/pages"}],"about":[{"href":"https:\/\/mobilbox.hu\/de\/wp-json\/wp\/v2\/types\/page"}],"author":[{"embeddable":true,"href":"https:\/\/mobilbox.hu\/de\/wp-json\/wp\/v2\/users\/3"}],"replies":[{"embeddable":true,"href":"https:\/\/mobilbox.hu\/de\/wp-json\/wp\/v2\/comments?post=6209"}],"version-history":[{"count":0,"href":"https:\/\/mobilbox.hu\/de\/wp-json\/wp\/v2\/pages\/6209\/revisions"}],"up":[{"embeddable":true,"href":"https:\/\/mobilbox.hu\/de\/wp-json\/wp\/v2\/pages\/6117"}],"wp:attachment":[{"href":"https:\/\/mobilbox.hu\/de\/wp-json\/wp\/v2\/media?parent=6209"}],"curies":[{"name":"wp","href":"https:\/\/api.w.org\/{rel}","templated":true}]}}