{"id":6210,"date":"2019-04-26T10:04:51","date_gmt":"2019-04-26T10:04:51","guid":{"rendered":"https:\/\/mobilbox.hu\/de\/?page_id=6210"},"modified":"2020-02-26T11:44:01","modified_gmt":"2020-02-26T11:44:01","slug":"mx-20-e","status":"publish","type":"page","link":"https:\/\/mobilbox.hu\/de\/containertypen\/mx-20-e\/","title":{"rendered":"MX 20 E"},"content":{"rendered":"<!--themify_builder_content-->\n<div id=\"themify_builder_content-6210\" data-postid=\"6210\" class=\"themify_builder_content themify_builder_content-6210 themify_builder tf_clear\">\n                    <div  data-lazy=\"1\" class=\"module_row themify_builder_row tb_62ddd0c tb_first tf_w\">\n                        <div class=\"row_inner col_align_top tb_col_count_1 tf_box tf_rel\">\n                        <div  data-lazy=\"1\" class=\"module_column tb-column col-full tb_174d4a6 first\">\n                    <!-- module gallery -->\n<div  class=\"module gallery module-gallery tb_94e34f1 layout-grid  \" data-lazy=\"1\">\n    <div class=\"module-gallery-grid\" style=\"--gald:2;--galt:2;--galm:2\">\n            <dl class=\"gallery-item\">\n            <dt class=\"gallery-icon\">\n            <img loading=\"lazy\" decoding=\"async\" width=\"482\" height=\"362\" src=\"https:\/\/mobilbox.hu\/de\/wp-content\/uploads\/2018\/06\/kontenery-magazynowe-projekt-mx20e-1.jpg\" class=\"wp-post-image wp-image-1331\" title=\"kontenery-magazynowe-projekt-mx20e-1\" alt=\"kontenery-magazynowe-projekt-mx20e-1\" srcset=\"https:\/\/mobilbox.hu\/de\/wp-content\/uploads\/2018\/06\/kontenery-magazynowe-projekt-mx20e-1.jpg 482w, https:\/\/mobilbox.hu\/de\/wp-content\/uploads\/2018\/06\/kontenery-magazynowe-projekt-mx20e-1-300x225.jpg 300w\" sizes=\"auto, (max-width: 482px) 100vw, 482px\" \/>            <\/dt>\n                    <\/dl>\n            <dl class=\"gallery-item\">\n            <dt class=\"gallery-icon\">\n            <img loading=\"lazy\" decoding=\"async\" width=\"482\" height=\"315\" src=\"https:\/\/mobilbox.hu\/de\/wp-content\/uploads\/2018\/06\/kontenery-magazynowe-projekt-mx20e-2.jpg\" class=\"wp-post-image wp-image-1332\" title=\"kontenery-magazynowe-projekt-mx20e-2\" alt=\"kontenery-magazynowe-projekt-mx20e-2\" srcset=\"https:\/\/mobilbox.hu\/de\/wp-content\/uploads\/2018\/06\/kontenery-magazynowe-projekt-mx20e-2.jpg 482w, https:\/\/mobilbox.hu\/de\/wp-content\/uploads\/2018\/06\/kontenery-magazynowe-projekt-mx20e-2-300x196.jpg 300w\" sizes=\"auto, (max-width: 482px) 100vw, 482px\" \/>            <\/dt>\n                    <\/dl>\n    <\/div>\n<\/div>\n<!-- \/module gallery --><!-- module text -->\n<div  class=\"module module-text tb_6a86923  repeat \" data-lazy=\"1\">\n        <div  class=\"tb_text_wrap\">\n        <hr \/><h2><span class=\"left_box_title\">MX20 E \u201c20\u00b4 Lagercontainer mit Elektro-Ausstattung\u201d<\/span><\/h2><ul><li>einsetzbar f\u00fcr Lagerung und Transport<\/li><li>wind- und wasserdicht<\/li><li>Boden: H\u00f6he: 170 mm (\u00b1 5 mm, gemessen bis zur inneren Bodenh\u00f6he)<\/li><li>Doppelfl\u00fcgelt\u00fcr mit von au\u00dfen verriegelbaren Stangenschl\u00f6ssern<\/li><li>massives Stahlger\u00fcst<\/li><li>mit Staplertaschen<\/li><li>Lagerkapazit\u00e4t:33 m<sup>3\u00a0<\/sup>\/ 20\u2032<\/li><\/ul><p><strong><span class=\"left_box_desc\">Elektro-Ausstattung:<br \/><\/span><\/strong><\/p><ul class=\"left_box_desc\"><li>1 St. 400 V \/ 5-poliger 3 x 32 A CEE-Au\u00dfenanschluss<\/li><li>1\u00a0St. Verteilerkasten mit RCD und LS-Schalter<\/li><li>2\u00a0St. Ovalleuchten mit Schutzgitter je 60 W<\/li><li>1\u00a0St. Lichtschalter<\/li><li>1\u00a0St. 230 V Steckdose<\/li><\/ul>    <\/div>\n<\/div>\n<!-- \/module text -->        <\/div>\n                        <\/div>\n        <\/div>\n        <\/div>\n<!--\/themify_builder_content-->\n<p>&nbsp;<\/p>","protected":false},"excerpt":{"rendered":"<p>MX20 E \u201c20\u00b4 Lagercontainer mit Elektro-Ausstattung\u201d einsetzbar f\u00fcr Lagerung und Transport wind- und wasserdicht Boden: H\u00f6he: 170 mm (\u00b1 5 mm, gemessen bis zur inneren Bodenh\u00f6he) Doppelfl\u00fcgelt\u00fcr mit von au\u00dfen verriegelbaren Stangenschl\u00f6ssern massives Stahlger\u00fcst mit Staplertaschen Lagerkapazit\u00e4t:33 m3\u00a0\/ 20\u2032 Elektro-Ausstattung: 1 St. 400 V \/ 5-poliger 3 x 32 A CEE-Au\u00dfenanschluss 1\u00a0St. Verteilerkasten mit RCD [&hellip;]<\/p>\n","protected":false},"author":3,"featured_media":0,"parent":6117,"menu_order":0,"comment_status":"closed","ping_status":"closed","template":"","meta":{"_seopress_robots_primary_cat":"","_seopress_titles_title":"","_seopress_titles_desc":"","_seopress_robots_index":"","footnotes":""},"class_list":["post-6210","page","type-page","status-publish","hentry","has-post-title","has-post-date","has-post-category","has-post-tag","has-post-comment","has-post-author",""],"_links":{"self":[{"href":"https:\/\/mobilbox.hu\/de\/wp-json\/wp\/v2\/pages\/6210","targetHints":{"allow":["GET"]}}],"collection":[{"href":"https:\/\/mobilbox.hu\/de\/wp-json\/wp\/v2\/pages"}],"about":[{"href":"https:\/\/mobilbox.hu\/de\/wp-json\/wp\/v2\/types\/page"}],"author":[{"embeddable":true,"href":"https:\/\/mobilbox.hu\/de\/wp-json\/wp\/v2\/users\/3"}],"replies":[{"embeddable":true,"href":"https:\/\/mobilbox.hu\/de\/wp-json\/wp\/v2\/comments?post=6210"}],"version-history":[{"count":0,"href":"https:\/\/mobilbox.hu\/de\/wp-json\/wp\/v2\/pages\/6210\/revisions"}],"up":[{"embeddable":true,"href":"https:\/\/mobilbox.hu\/de\/wp-json\/wp\/v2\/pages\/6117"}],"wp:attachment":[{"href":"https:\/\/mobilbox.hu\/de\/wp-json\/wp\/v2\/media?parent=6210"}],"curies":[{"name":"wp","href":"https:\/\/api.w.org\/{rel}","templated":true}]}}