{"id":6213,"date":"2019-04-26T10:10:30","date_gmt":"2019-04-26T10:10:30","guid":{"rendered":"https:\/\/mobilbox.hu\/de\/?page_id=6213"},"modified":"2020-02-27T17:48:03","modified_gmt":"2020-02-27T17:48:03","slug":"mx-40","status":"publish","type":"page","link":"https:\/\/mobilbox.hu\/de\/containertypen\/mx-40\/","title":{"rendered":"MX 40"},"content":{"rendered":"<!--themify_builder_content-->\n<div id=\"themify_builder_content-6213\" data-postid=\"6213\" class=\"themify_builder_content themify_builder_content-6213 themify_builder tf_clear\">\n                    <div  data-lazy=\"1\" class=\"module_row themify_builder_row tb_62ddd0c tb_first tf_w\">\n                        <div class=\"row_inner col_align_top tb_col_count_1 tf_box tf_rel\">\n                        <div  data-lazy=\"1\" class=\"module_column tb-column col-full tb_174d4a6 first\">\n                    <!-- module gallery -->\n<div  class=\"module gallery module-gallery tb_94e34f1 layout-grid  \" data-lazy=\"1\">\n    <div class=\"module-gallery-grid\" style=\"--gald:2;--galt:2;--galm:2\">\n            <dl class=\"gallery-item\">\n            <dt class=\"gallery-icon\">\n            <img loading=\"lazy\" decoding=\"async\" width=\"482\" height=\"362\" src=\"https:\/\/mobilbox.hu\/de\/wp-content\/uploads\/2018\/06\/kontenery-stransportowe-projekt-mx40-1.jpg\" class=\"wp-post-image wp-image-1354\" title=\"kontenery-stransportowe-projekt-mx40-1\" alt=\"kontenery-stransportowe-projekt-mx40-1\" srcset=\"https:\/\/mobilbox.hu\/de\/wp-content\/uploads\/2018\/06\/kontenery-stransportowe-projekt-mx40-1.jpg 482w, https:\/\/mobilbox.hu\/de\/wp-content\/uploads\/2018\/06\/kontenery-stransportowe-projekt-mx40-1-300x225.jpg 300w\" sizes=\"auto, (max-width: 482px) 100vw, 482px\" \/>            <\/dt>\n                    <\/dl>\n            <dl class=\"gallery-item\">\n            <dt class=\"gallery-icon\">\n            <img loading=\"lazy\" decoding=\"async\" width=\"482\" height=\"228\" src=\"https:\/\/mobilbox.hu\/de\/wp-content\/uploads\/2018\/06\/kontenery-stransportowe-projekt-mx40-2.jpg\" class=\"wp-post-image wp-image-1355\" title=\"kontenery-stransportowe-projekt-mx40-2\" alt=\"kontenery-stransportowe-projekt-mx40-2\" srcset=\"https:\/\/mobilbox.hu\/de\/wp-content\/uploads\/2018\/06\/kontenery-stransportowe-projekt-mx40-2.jpg 482w, https:\/\/mobilbox.hu\/de\/wp-content\/uploads\/2018\/06\/kontenery-stransportowe-projekt-mx40-2-300x142.jpg 300w\" sizes=\"auto, (max-width: 482px) 100vw, 482px\" \/>            <\/dt>\n                    <\/dl>\n    <\/div>\n<\/div>\n<!-- \/module gallery --><!-- module text -->\n<div  class=\"module module-text tb_6a86923  repeat \" data-lazy=\"1\">\n        <div  class=\"tb_text_wrap\">\n        <hr \/><h2><span class=\"left_box_title\">MX40 Lager- \/ Seecontainer nach ISO Standard<\/span><\/h2><p><span class=\"left_box_title\">\u00a0<\/span><\/p><ul class=\"left_box_desc\"><li>Container nach ISO-Standard<\/li><li>Einsetzbar f\u00fcr Lagerung und Transport<\/li><li>Wind- und wasserdicht<\/li><li>Boden: H\u00f6he: 170 mm (\u00b1 5 mm, gemessen bis zur inneren Bodenh\u00f6he)<\/li><li>T\u00fcr: Doppelfl\u00fcgelt\u00fcr mit von aussen verriegelbaren Stangenschl\u00f6ssern<\/li><li>Massives Stahlger\u00fcst<\/li><li>Lagerkapazit\u00e4t: 68 m<sup>3<\/sup>\u00a0\/ 40\u2032<\/li><li>G\u00fcltige CSC-Plakette (bei Bedarf)<\/li><\/ul>    <\/div>\n<\/div>\n<!-- \/module text -->        <\/div>\n                        <\/div>\n        <\/div>\n        <\/div>\n<!--\/themify_builder_content-->\n<p>&nbsp;<\/p>","protected":false},"excerpt":{"rendered":"<p>MX40 Lager- \/ Seecontainer nach ISO Standard \u00a0 Container nach ISO-Standard Einsetzbar f\u00fcr Lagerung und Transport Wind- und wasserdicht Boden: H\u00f6he: 170 mm (\u00b1 5 mm, gemessen bis zur inneren Bodenh\u00f6he) T\u00fcr: Doppelfl\u00fcgelt\u00fcr mit von aussen verriegelbaren Stangenschl\u00f6ssern Massives Stahlger\u00fcst Lagerkapazit\u00e4t: 68 m3\u00a0\/ 40\u2032 G\u00fcltige CSC-Plakette (bei Bedarf) &nbsp;<\/p>\n","protected":false},"author":3,"featured_media":0,"parent":6117,"menu_order":0,"comment_status":"closed","ping_status":"closed","template":"","meta":{"_seopress_robots_primary_cat":"","_seopress_titles_title":"","_seopress_titles_desc":"","_seopress_robots_index":"","footnotes":""},"class_list":["post-6213","page","type-page","status-publish","hentry","has-post-title","has-post-date","has-post-category","has-post-tag","has-post-comment","has-post-author",""],"_links":{"self":[{"href":"https:\/\/mobilbox.hu\/de\/wp-json\/wp\/v2\/pages\/6213","targetHints":{"allow":["GET"]}}],"collection":[{"href":"https:\/\/mobilbox.hu\/de\/wp-json\/wp\/v2\/pages"}],"about":[{"href":"https:\/\/mobilbox.hu\/de\/wp-json\/wp\/v2\/types\/page"}],"author":[{"embeddable":true,"href":"https:\/\/mobilbox.hu\/de\/wp-json\/wp\/v2\/users\/3"}],"replies":[{"embeddable":true,"href":"https:\/\/mobilbox.hu\/de\/wp-json\/wp\/v2\/comments?post=6213"}],"version-history":[{"count":0,"href":"https:\/\/mobilbox.hu\/de\/wp-json\/wp\/v2\/pages\/6213\/revisions"}],"up":[{"embeddable":true,"href":"https:\/\/mobilbox.hu\/de\/wp-json\/wp\/v2\/pages\/6117"}],"wp:attachment":[{"href":"https:\/\/mobilbox.hu\/de\/wp-json\/wp\/v2\/media?parent=6213"}],"curies":[{"name":"wp","href":"https:\/\/api.w.org\/{rel}","templated":true}]}}