{"id":6226,"date":"2019-04-26T10:29:56","date_gmt":"2019-04-26T10:29:56","guid":{"rendered":"https:\/\/mobilbox.hu\/de\/?page_id=6226"},"modified":"2020-03-03T18:51:31","modified_gmt":"2020-03-03T18:51:31","slug":"mi-20","status":"publish","type":"page","link":"https:\/\/mobilbox.hu\/de\/containertypen\/mi-20\/","title":{"rendered":"MI 20"},"content":{"rendered":"<!--themify_builder_content-->\n<div id=\"themify_builder_content-6226\" data-postid=\"6226\" class=\"themify_builder_content themify_builder_content-6226 themify_builder tf_clear\">\n                    <div  data-lazy=\"1\" class=\"module_row themify_builder_row tb_62ddd0c tb_first tf_w\">\n                        <div class=\"row_inner col_align_top tb_col_count_1 tf_box tf_rel\">\n                        <div  data-lazy=\"1\" class=\"module_column tb-column col-full tb_174d4a6 first\">\n                    <!-- module gallery -->\n<div  class=\"module gallery module-gallery tb_94e34f1 layout-grid  \" data-lazy=\"1\">\n    <div class=\"module-gallery-grid\" style=\"--gald:2;--galt:2;--galm:2\">\n            <dl class=\"gallery-item\">\n            <dt class=\"gallery-icon\">\n            <img loading=\"lazy\" decoding=\"async\" width=\"482\" height=\"362\" src=\"https:\/\/mobilbox.hu\/de\/wp-content\/uploads\/2018\/06\/kontenery-magazynowe-projekt-mi20-1.jpg\" class=\"wp-post-image wp-image-1339\" title=\"kontenery-magazynowe-projekt-mi20-1\" alt=\"kontenery-magazynowe-projekt-mi20-1\" srcset=\"https:\/\/mobilbox.hu\/de\/wp-content\/uploads\/2018\/06\/kontenery-magazynowe-projekt-mi20-1.jpg 482w, https:\/\/mobilbox.hu\/de\/wp-content\/uploads\/2018\/06\/kontenery-magazynowe-projekt-mi20-1-300x225.jpg 300w\" sizes=\"auto, (max-width: 482px) 100vw, 482px\" \/>            <\/dt>\n                    <\/dl>\n            <dl class=\"gallery-item\">\n            <dt class=\"gallery-icon\">\n            <img loading=\"lazy\" decoding=\"async\" width=\"461\" height=\"362\" src=\"https:\/\/mobilbox.hu\/de\/wp-content\/uploads\/2018\/06\/kontenery-magazynowe-projekt-mi20-2.jpg\" class=\"wp-post-image wp-image-1340\" title=\"kontenery-magazynowe-projekt-mi20-2\" alt=\"kontenery-magazynowe-projekt-mi20-2\" srcset=\"https:\/\/mobilbox.hu\/de\/wp-content\/uploads\/2018\/06\/kontenery-magazynowe-projekt-mi20-2.jpg 461w, https:\/\/mobilbox.hu\/de\/wp-content\/uploads\/2018\/06\/kontenery-magazynowe-projekt-mi20-2-300x236.jpg 300w\" sizes=\"auto, (max-width: 461px) 100vw, 461px\" \/>            <\/dt>\n                    <\/dl>\n    <\/div>\n<\/div>\n<!-- \/module gallery --><!-- module text -->\n<div  class=\"module module-text tb_6a86923  repeat \" data-lazy=\"1\">\n        <div  class=\"tb_text_wrap\">\n        <hr \/><h2><span class=\"left_box_title\">MI20\u00a0Dokumentenarchivierungscontainer<\/span><span class=\"left_box_title left_box_desc\"><br \/><\/span><\/h2><ul class=\"left_box_desc\"><li>ideale L\u00f6sung f\u00fcr Lagerung von Archivdokumenten von Firmen, \u00f6ffentlichen Instituten<\/li><li>1 St. Au\u00dfent\u00fcr: 875 x 2.000 mm<\/li><li>isolierte Decke, PVC Bodenbeschichtung<\/li><li>30 cm tiefe, befestigte Stahlregale<\/li><li>Innenbeleuchtung zwischen den Regalen mit Neonr\u00f6hren<\/li><li>4 St. Entl\u00fcftungs\u00f6ffnungen mit Nagetierschutz<\/li><li>Kleiner Lesetisch mit Beleuchtung<\/li><\/ul><p><span class=\"left_box_title\"><strong>Elektro-Ausstattung:\u00a0<\/strong><br \/><\/span><span class=\"left_box_desc\"><br \/><\/span><\/p><ul class=\"left_box_desc\"><li>1 St. 400 V \/ 5-poliger 3 x 32 A CEE-Au\u00dfenanschluss<\/li><li>1 St. Verteilerkasten mit RCD und LS-Schalter<\/li><li>2 St. 2 x 36 Watt Neon-Deckenbeleuchtung<\/li><li>1 St. Leselampe<\/li><li>1 St. Lichtschalter<\/li><li>1 St. 230 V Steckdose<\/li><\/ul>    <\/div>\n<\/div>\n<!-- \/module text -->        <\/div>\n                        <\/div>\n        <\/div>\n        <\/div>\n<!--\/themify_builder_content-->","protected":false},"excerpt":{"rendered":"<p>MI20\u00a0Dokumentenarchivierungscontainer ideale L\u00f6sung f\u00fcr Lagerung von Archivdokumenten von Firmen, \u00f6ffentlichen Instituten 1 St. Au\u00dfent\u00fcr: 875 x 2.000 mm isolierte Decke, PVC Bodenbeschichtung 30 cm tiefe, befestigte Stahlregale Innenbeleuchtung zwischen den Regalen mit Neonr\u00f6hren 4 St. Entl\u00fcftungs\u00f6ffnungen mit Nagetierschutz Kleiner Lesetisch mit Beleuchtung Elektro-Ausstattung:\u00a0 1 St. 400 V \/ 5-poliger 3 x 32 A CEE-Au\u00dfenanschluss 1 [&hellip;]<\/p>\n","protected":false},"author":3,"featured_media":0,"parent":6117,"menu_order":0,"comment_status":"closed","ping_status":"closed","template":"","meta":{"_seopress_robots_primary_cat":"","_seopress_titles_title":"","_seopress_titles_desc":"","_seopress_robots_index":"","footnotes":""},"class_list":["post-6226","page","type-page","status-publish","hentry","has-post-title","has-post-date","has-post-category","has-post-tag","has-post-comment","has-post-author",""],"_links":{"self":[{"href":"https:\/\/mobilbox.hu\/de\/wp-json\/wp\/v2\/pages\/6226","targetHints":{"allow":["GET"]}}],"collection":[{"href":"https:\/\/mobilbox.hu\/de\/wp-json\/wp\/v2\/pages"}],"about":[{"href":"https:\/\/mobilbox.hu\/de\/wp-json\/wp\/v2\/types\/page"}],"author":[{"embeddable":true,"href":"https:\/\/mobilbox.hu\/de\/wp-json\/wp\/v2\/users\/3"}],"replies":[{"embeddable":true,"href":"https:\/\/mobilbox.hu\/de\/wp-json\/wp\/v2\/comments?post=6226"}],"version-history":[{"count":0,"href":"https:\/\/mobilbox.hu\/de\/wp-json\/wp\/v2\/pages\/6226\/revisions"}],"up":[{"embeddable":true,"href":"https:\/\/mobilbox.hu\/de\/wp-json\/wp\/v2\/pages\/6117"}],"wp:attachment":[{"href":"https:\/\/mobilbox.hu\/de\/wp-json\/wp\/v2\/media?parent=6226"}],"curies":[{"name":"wp","href":"https:\/\/api.w.org\/{rel}","templated":true}]}}