{"id":6228,"date":"2019-04-26T10:33:31","date_gmt":"2019-04-26T10:33:31","guid":{"rendered":"https:\/\/mobilbox.hu\/de\/?page_id=6228"},"modified":"2020-02-29T00:07:05","modified_gmt":"2020-02-29T00:07:05","slug":"mk-20","status":"publish","type":"page","link":"https:\/\/mobilbox.hu\/de\/containertypen\/mk-20\/","title":{"rendered":"MK 20"},"content":{"rendered":"<!--themify_builder_content-->\n<div id=\"themify_builder_content-6228\" data-postid=\"6228\" class=\"themify_builder_content themify_builder_content-6228 themify_builder tf_clear\">\n                    <div  data-lazy=\"1\" class=\"module_row themify_builder_row tb_62ddd0c tb_first tf_w\">\n                        <div class=\"row_inner col_align_top tb_col_count_1 tf_box tf_rel\">\n                        <div  data-lazy=\"1\" class=\"module_column tb-column col-full tb_174d4a6 first\">\n                    <!-- module gallery -->\n<div  class=\"module gallery module-gallery tb_94e34f1 layout-grid  \" data-lazy=\"1\">\n    <div class=\"module-gallery-grid\" style=\"--gald:2;--galt:2;--galm:2\">\n            <dl class=\"gallery-item\">\n            <dt class=\"gallery-icon\">\n            <img loading=\"lazy\" decoding=\"async\" width=\"482\" height=\"362\" src=\"https:\/\/mobilbox.hu\/de\/wp-content\/uploads\/2018\/06\/kontenery-magazynowe-projekt-mk20-1.jpg\" class=\"wp-post-image wp-image-1343\" title=\"kontenery-magazynowe-projekt-mk20-1\" alt=\"kontenery-magazynowe-projekt-mk20-1\" srcset=\"https:\/\/mobilbox.hu\/de\/wp-content\/uploads\/2018\/06\/kontenery-magazynowe-projekt-mk20-1.jpg 482w, https:\/\/mobilbox.hu\/de\/wp-content\/uploads\/2018\/06\/kontenery-magazynowe-projekt-mk20-1-300x225.jpg 300w\" sizes=\"auto, (max-width: 482px) 100vw, 482px\" \/>            <\/dt>\n                    <\/dl>\n            <dl class=\"gallery-item\">\n            <dt class=\"gallery-icon\">\n            <img loading=\"lazy\" decoding=\"async\" width=\"482\" height=\"297\" src=\"https:\/\/mobilbox.hu\/de\/wp-content\/uploads\/2018\/06\/kontenery-magazynowe-projekt-mk20-2.jpg\" class=\"wp-post-image wp-image-1344\" title=\"kontenery-magazynowe-projekt-mk20-2\" alt=\"kontenery-magazynowe-projekt-mk20-2\" srcset=\"https:\/\/mobilbox.hu\/de\/wp-content\/uploads\/2018\/06\/kontenery-magazynowe-projekt-mk20-2.jpg 482w, https:\/\/mobilbox.hu\/de\/wp-content\/uploads\/2018\/06\/kontenery-magazynowe-projekt-mk20-2-300x185.jpg 300w\" sizes=\"auto, (max-width: 482px) 100vw, 482px\" \/>            <\/dt>\n                    <\/dl>\n    <\/div>\n<\/div>\n<!-- \/module gallery --><!-- module text -->\n<div  class=\"module module-text tb_6a86923  repeat \" data-lazy=\"1\">\n        <div  class=\"tb_text_wrap\">\n        <hr \/><h2 class=\"tv_desc\"><span class=\"left_box_title\">MK20 \u201c20\u00b4 Umweltschutz-Container\u201d<\/span><\/h2><div class=\"tv_desc\"><p><span class=\"left_box_desc\">Bei der Gestaltung des f\u00fcr die tempor\u00e4re Lagerung von Verpackungen mit fl\u00fcssigem Gefahrgut bzw. Abfall dienenden Containers haben wir die maximale Sicherheitsvorkehrungen getroffen. Der Container ist geschlossen, mit Vollwand, an einem Ende mit zweifl\u00fcgeliger, nach au\u00dfen aufgehender T\u00fcr. In der Bodenkonstruktion wurde ein \u201cSchadenrettungsgef\u00e4\u00df\u201d integriert, aus welchem eventuell sammelnde Fl\u00fcssigkeiten an der Kurzseite des Containers durch das 1\u201d Auslaufrohr mit Gewindeanschluss abgelassen werden kann. An den beiden L\u00e4ngsseiten des Containers befinden sich je zwei 300 x 300 mm gro\u00dfe L\u00fcftungsgitter. Die Konstruktion f\u00fcr die Abdeckung des Schadenrettungsgef\u00e4\u00dfes wurde aus verzinktem Stahl angefertigt. So k\u00f6nnen bei Einhaltung der Vorschriften, die w\u00e4hrend der provisorischen Lagerung eventuell auslaufenden, gef\u00e4hrlichen Abf\u00e4lle keine Umweltverschmutzung verursachen.<\/span><\/p><p><strong>Normen und Verordnungen f\u00fcr die Gestaltung:<\/strong>\u00a0<\/p><p><span class=\"left_box_desc\">\u2013 \u00fcber chemische Sicherheit: Gesetz Nr. XXV\/2000 Slg., Verordnung 44\/2000. (XII. 27.) E\u00fcM\u00a0<\/span><br \/><span class=\"left_box_desc\">\u2013 \u00fcber Abf\u00e4lle: Gesetz Nr. XLIII\/2000 Slg., Regierungsverordnung Nr. 98\/2001. [VI. 15]\u00a0<\/span><br \/><span class=\"left_box_desc\">\u2013 \u00fcber Unf\u00e4lle mit gef\u00e4hrlichen Stoffen: Gesetz LXXIV\/1999\u00a0<\/span><br \/><span class=\"left_box_desc\">\u2013 \u00fcber Brandschutz: Gesetz XXXI\/1996, BM-Verordnung 2\/2002 [l.23], BM-Verordnung\u00a0<br \/>\u00a0\u00a0\u00a0 \u00a035\/1996. [XII. 29]\u00a0<\/span><br \/><span class=\"left_box_desc\">\u2013\u00a0\u00fcber internationalen Strassentransport von Gefahrg\u00fctern: MSZ 9936 ungarische Norm<\/span><\/p><\/div>    <\/div>\n<\/div>\n<!-- \/module text -->        <\/div>\n                        <\/div>\n        <\/div>\n        <\/div>\n<!--\/themify_builder_content-->\n<p>&nbsp;<\/p>","protected":false},"excerpt":{"rendered":"<p>MK20 \u201c20\u00b4 Umweltschutz-Container\u201d Bei der Gestaltung des f\u00fcr die tempor\u00e4re Lagerung von Verpackungen mit fl\u00fcssigem Gefahrgut bzw. Abfall dienenden Containers haben wir die maximale Sicherheitsvorkehrungen getroffen. Der Container ist geschlossen, mit Vollwand, an einem Ende mit zweifl\u00fcgeliger, nach au\u00dfen aufgehender T\u00fcr. In der Bodenkonstruktion wurde ein \u201cSchadenrettungsgef\u00e4\u00df\u201d integriert, aus welchem eventuell sammelnde Fl\u00fcssigkeiten an der [&hellip;]<\/p>\n","protected":false},"author":3,"featured_media":0,"parent":6117,"menu_order":0,"comment_status":"closed","ping_status":"closed","template":"","meta":{"_seopress_robots_primary_cat":"","_seopress_titles_title":"","_seopress_titles_desc":"","_seopress_robots_index":"","footnotes":""},"class_list":["post-6228","page","type-page","status-publish","hentry","has-post-title","has-post-date","has-post-category","has-post-tag","has-post-comment","has-post-author",""],"_links":{"self":[{"href":"https:\/\/mobilbox.hu\/de\/wp-json\/wp\/v2\/pages\/6228","targetHints":{"allow":["GET"]}}],"collection":[{"href":"https:\/\/mobilbox.hu\/de\/wp-json\/wp\/v2\/pages"}],"about":[{"href":"https:\/\/mobilbox.hu\/de\/wp-json\/wp\/v2\/types\/page"}],"author":[{"embeddable":true,"href":"https:\/\/mobilbox.hu\/de\/wp-json\/wp\/v2\/users\/3"}],"replies":[{"embeddable":true,"href":"https:\/\/mobilbox.hu\/de\/wp-json\/wp\/v2\/comments?post=6228"}],"version-history":[{"count":0,"href":"https:\/\/mobilbox.hu\/de\/wp-json\/wp\/v2\/pages\/6228\/revisions"}],"up":[{"embeddable":true,"href":"https:\/\/mobilbox.hu\/de\/wp-json\/wp\/v2\/pages\/6117"}],"wp:attachment":[{"href":"https:\/\/mobilbox.hu\/de\/wp-json\/wp\/v2\/media?parent=6228"}],"curies":[{"name":"wp","href":"https:\/\/api.w.org\/{rel}","templated":true}]}}