{"id":6229,"date":"2019-04-26T10:35:39","date_gmt":"2019-04-26T10:35:39","guid":{"rendered":"https:\/\/mobilbox.hu\/de\/?page_id=6229"},"modified":"2020-02-26T11:05:28","modified_gmt":"2020-02-26T11:05:28","slug":"mo-20","status":"publish","type":"page","link":"https:\/\/mobilbox.hu\/de\/containertypen\/mo-20\/","title":{"rendered":"MO 20"},"content":{"rendered":"<!--themify_builder_content-->\n<div id=\"themify_builder_content-6229\" data-postid=\"6229\" class=\"themify_builder_content themify_builder_content-6229 themify_builder tf_clear\">\n                    <div  data-lazy=\"1\" class=\"module_row themify_builder_row tb_62ddd0c tb_first tf_w\">\n                        <div class=\"row_inner col_align_top tb_col_count_1 tf_box tf_rel\">\n                        <div  data-lazy=\"1\" class=\"module_column tb-column col-full tb_174d4a6 first\">\n                    <!-- module gallery -->\n<div  class=\"module gallery module-gallery tb_94e34f1 layout-grid  \" data-lazy=\"1\">\n    <div class=\"module-gallery-grid\" style=\"--gald:3;--galt:3;--galm:3\">\n            <dl class=\"gallery-item\">\n            <dt class=\"gallery-icon\">\n            <img loading=\"lazy\" decoding=\"async\" width=\"482\" height=\"362\" src=\"https:\/\/mobilbox.hu\/de\/wp-content\/uploads\/2018\/06\/kontenery-magazynowe-projekt-mo20-1.jpg\" class=\"wp-post-image wp-image-1345\" title=\"kontenery-magazynowe-projekt-mo20-1\" alt=\"kontenery-magazynowe-projekt-mo20-1\" srcset=\"https:\/\/mobilbox.hu\/de\/wp-content\/uploads\/2018\/06\/kontenery-magazynowe-projekt-mo20-1.jpg 482w, https:\/\/mobilbox.hu\/de\/wp-content\/uploads\/2018\/06\/kontenery-magazynowe-projekt-mo20-1-300x225.jpg 300w\" sizes=\"auto, (max-width: 482px) 100vw, 482px\" \/>            <\/dt>\n                    <\/dl>\n            <dl class=\"gallery-item\">\n            <dt class=\"gallery-icon\">\n            <img loading=\"lazy\" decoding=\"async\" width=\"482\" height=\"253\" src=\"https:\/\/mobilbox.hu\/de\/wp-content\/uploads\/2018\/06\/wynajem-kontenerow-wielofunkcyjnych-mo20-3.jpg\" class=\"wp-post-image wp-image-1198\" title=\"wynajem-kontenerow-wielofunkcyjnych-mo20-3\" alt=\"wynajem-kontenerow-wielofunkcyjnych-mo20-3\" srcset=\"https:\/\/mobilbox.hu\/de\/wp-content\/uploads\/2018\/06\/wynajem-kontenerow-wielofunkcyjnych-mo20-3.jpg 482w, https:\/\/mobilbox.hu\/de\/wp-content\/uploads\/2018\/06\/wynajem-kontenerow-wielofunkcyjnych-mo20-3-300x157.jpg 300w\" sizes=\"auto, (max-width: 482px) 100vw, 482px\" \/>            <\/dt>\n                    <\/dl>\n            <dl class=\"gallery-item\">\n            <dt class=\"gallery-icon\">\n            <img loading=\"lazy\" decoding=\"async\" width=\"482\" height=\"291\" src=\"https:\/\/mobilbox.hu\/de\/wp-content\/uploads\/2018\/06\/wynajem-kontenerow-wielofunkcyjnych-mo20-2.jpg\" class=\"wp-post-image wp-image-1197\" title=\"wynajem-kontenerow-wielofunkcyjnych-mo20-2\" alt=\"wynajem-kontenerow-wielofunkcyjnych-mo20-2\" srcset=\"https:\/\/mobilbox.hu\/de\/wp-content\/uploads\/2018\/06\/wynajem-kontenerow-wielofunkcyjnych-mo20-2.jpg 482w, https:\/\/mobilbox.hu\/de\/wp-content\/uploads\/2018\/06\/wynajem-kontenerow-wielofunkcyjnych-mo20-2-300x181.jpg 300w\" sizes=\"auto, (max-width: 482px) 100vw, 482px\" \/>            <\/dt>\n                    <\/dl>\n    <\/div>\n<\/div>\n<!-- \/module gallery --><!-- module text -->\n<div  class=\"module module-text tb_6a86923  repeat \" data-lazy=\"1\">\n        <div  class=\"tb_text_wrap\">\n        <hr \/><h2 class=\"tv_desc\"><span class=\"left_box_title\">MO20 \u201c20\u00b4geteilter B\u00fcro- \/ Lagercontainer\u201d<\/span>\u00a0<\/h2><div class=\"tv_desc\"><ul class=\"left_box_desc\"><li>B\u00fcro \/ Lager Doppelfunktion<\/li><li>Ideal f\u00fcr kleinere Arbeitsgruppen als Umkleideraum und als Serviceraum \/ Werkstatt<\/li><li>Ideale Baustelleneinrichtung f\u00fcr Montage-, Maler- und Wartungsgesellschaften<\/li><\/ul><p><strong class=\"left_box_desc\">Ausstattung des Lagerbereichs:<\/strong><\/p><ul class=\"left_box_desc\"><li>Doppelfl\u00fcgelt\u00fcr mit von au\u00dfen verriegelbaren Stangenschl\u00f6sser<\/li><li>3 St. 500 x 2.350 mm eingebaute Stahlregale<\/li><li>Werkzeughalter an der Wand<\/li><\/ul><p><strong><span class=\"left_box_desc\">Ausstattung des B\u00fcro-Umkleidebereichs:<\/span><\/strong><\/p><ul><li>1 St. Au\u00dfent\u00fcr: 875 x 2.000 mm<\/li><li>1 St. wei\u00dfes PVC-Fenster: 900 x 1.200 mm, Dreh\/Kippbeschlag, isoliert, mit Au\u00dfengitter<\/li><\/ul><p><strong><span class=\"left_box_title\">Elektro-Ausstattung:<\/span><\/strong><\/p><ul class=\"left_box_desc\"><li>1 St. 400 V \/ 5-poliger 3 x 32 A CEE-Au\u00dfenanschluss<\/li><li>1 St. Verteilerkasten mit RCD und LS-Schalter<\/li><\/ul><p><strong><span class=\"left_box_desc\">Lagerbereich:<\/span><\/strong><\/p><ul class=\"left_box_desc\"><li>1 St. Ovalleuchten mit Schutzgitter je 60 W<\/li><li>1 St. Lichtschalter<\/li><li>1 St. 230 V Steckdose<\/li><\/ul><p><strong><span class=\"left_box_desc\">B\u00fcrobereich:<\/span><\/strong><\/p><ul class=\"left_box_desc\"><li>1 St. 2 x 36 Watt Neon-Deckenbeleuchtung<\/li><li>1 St. Lichtschalter<\/li><li>1 St. 230 V Steckdose<\/li><\/ul><\/div>    <\/div>\n<\/div>\n<!-- \/module text -->        <\/div>\n                        <\/div>\n        <\/div>\n        <\/div>\n<!--\/themify_builder_content-->\n<p>&nbsp;<\/p>","protected":false},"excerpt":{"rendered":"<p>MO20 \u201c20\u00b4geteilter B\u00fcro- \/ Lagercontainer\u201d\u00a0 B\u00fcro \/ Lager Doppelfunktion Ideal f\u00fcr kleinere Arbeitsgruppen als Umkleideraum und als Serviceraum \/ Werkstatt Ideale Baustelleneinrichtung f\u00fcr Montage-, Maler- und Wartungsgesellschaften Ausstattung des Lagerbereichs: Doppelfl\u00fcgelt\u00fcr mit von au\u00dfen verriegelbaren Stangenschl\u00f6sser 3 St. 500 x 2.350 mm eingebaute Stahlregale Werkzeughalter an der Wand Ausstattung des B\u00fcro-Umkleidebereichs: 1 St. Au\u00dfent\u00fcr: 875 [&hellip;]<\/p>\n","protected":false},"author":3,"featured_media":0,"parent":6117,"menu_order":0,"comment_status":"closed","ping_status":"closed","template":"","meta":{"_seopress_robots_primary_cat":"","_seopress_titles_title":"","_seopress_titles_desc":"","_seopress_robots_index":"","footnotes":""},"class_list":["post-6229","page","type-page","status-publish","hentry","has-post-title","has-post-date","has-post-category","has-post-tag","has-post-comment","has-post-author",""],"_links":{"self":[{"href":"https:\/\/mobilbox.hu\/de\/wp-json\/wp\/v2\/pages\/6229","targetHints":{"allow":["GET"]}}],"collection":[{"href":"https:\/\/mobilbox.hu\/de\/wp-json\/wp\/v2\/pages"}],"about":[{"href":"https:\/\/mobilbox.hu\/de\/wp-json\/wp\/v2\/types\/page"}],"author":[{"embeddable":true,"href":"https:\/\/mobilbox.hu\/de\/wp-json\/wp\/v2\/users\/3"}],"replies":[{"embeddable":true,"href":"https:\/\/mobilbox.hu\/de\/wp-json\/wp\/v2\/comments?post=6229"}],"version-history":[{"count":0,"href":"https:\/\/mobilbox.hu\/de\/wp-json\/wp\/v2\/pages\/6229\/revisions"}],"up":[{"embeddable":true,"href":"https:\/\/mobilbox.hu\/de\/wp-json\/wp\/v2\/pages\/6117"}],"wp:attachment":[{"href":"https:\/\/mobilbox.hu\/de\/wp-json\/wp\/v2\/media?parent=6229"}],"curies":[{"name":"wp","href":"https:\/\/api.w.org\/{rel}","templated":true}]}}