{"id":6231,"date":"2019-04-26T10:41:17","date_gmt":"2019-04-26T10:41:17","guid":{"rendered":"https:\/\/mobilbox.hu\/de\/?page_id=6231"},"modified":"2020-02-27T22:07:46","modified_gmt":"2020-02-27T22:07:46","slug":"mr-40","status":"publish","type":"page","link":"https:\/\/mobilbox.hu\/de\/containertypen\/mr-40\/","title":{"rendered":"MR 40"},"content":{"rendered":"<!--themify_builder_content-->\n<div id=\"themify_builder_content-6231\" data-postid=\"6231\" class=\"themify_builder_content themify_builder_content-6231 themify_builder tf_clear\">\n                    <div  data-lazy=\"1\" class=\"module_row themify_builder_row tb_62ddd0c tb_first tf_w\">\n                        <div class=\"row_inner col_align_top tb_col_count_1 tf_box tf_rel\">\n                        <div  data-lazy=\"1\" class=\"module_column tb-column col-full tb_174d4a6 first\">\n                    <!-- module gallery -->\n<div  class=\"module gallery module-gallery tb_94e34f1 layout-grid  \" data-lazy=\"1\">\n    <div class=\"module-gallery-grid\" style=\"--gald:2;--galt:2;--galm:2\">\n            <dl class=\"gallery-item\">\n            <dt class=\"gallery-icon\">\n            <img loading=\"lazy\" decoding=\"async\" width=\"482\" height=\"362\" src=\"https:\/\/mobilbox.hu\/de\/wp-content\/uploads\/2018\/06\/kontenery-ch\u0142odnicze-plan-mr40-1.jpg\" class=\"wp-post-image wp-image-1424\" title=\"kontenery ch\u0142odnicze-plan-mr40-1\" alt=\"kontenery ch\u0142odnicze-plan-mr40-1\" srcset=\"https:\/\/mobilbox.hu\/de\/wp-content\/uploads\/2018\/06\/kontenery-ch\u0142odnicze-plan-mr40-1.jpg 482w, https:\/\/mobilbox.hu\/de\/wp-content\/uploads\/2018\/06\/kontenery-ch\u0142odnicze-plan-mr40-1-300x225.jpg 300w\" sizes=\"auto, (max-width: 482px) 100vw, 482px\" \/>            <\/dt>\n                    <\/dl>\n            <dl class=\"gallery-item\">\n            <dt class=\"gallery-icon\">\n            <img loading=\"lazy\" decoding=\"async\" width=\"482\" height=\"301\" src=\"https:\/\/mobilbox.hu\/de\/wp-content\/uploads\/2018\/06\/kontenery-ch\u0142odnicze-plan-mr40-2.jpg\" class=\"wp-post-image wp-image-1425\" title=\"kontenery ch\u0142odnicze-plan-mr40-2\" alt=\"kontenery ch\u0142odnicze-plan-mr40-2\" srcset=\"https:\/\/mobilbox.hu\/de\/wp-content\/uploads\/2018\/06\/kontenery-ch\u0142odnicze-plan-mr40-2.jpg 482w, https:\/\/mobilbox.hu\/de\/wp-content\/uploads\/2018\/06\/kontenery-ch\u0142odnicze-plan-mr40-2-300x187.jpg 300w\" sizes=\"auto, (max-width: 482px) 100vw, 482px\" \/>            <\/dt>\n                    <\/dl>\n    <\/div>\n<\/div>\n<!-- \/module gallery --><!-- module text -->\n<div  class=\"module module-text tb_6a86923  repeat \" data-lazy=\"1\">\n        <div  class=\"tb_text_wrap\">\n        <hr \/><h2 class=\"tv_desc\"><span class=\"left_box_title\">MR40 \u201c40\u00b4K\u00fchlcontainer\u201d<\/span><\/h2><div class=\"tv_desc\"><p><strong><span class=\"left_box_desc\">Technische Daten:<\/span><span class=\"left_box_title left_box_desc\"><br \/>\u00a0<\/span><\/strong><\/p><ul class=\"left_box_desc\"><li>geeignet f\u00fcr die Lagerung von frischen oder gefrorenen Paletteng\u00fctern<\/li><li>h\u00e4lt die Temperatur automatisch zwischen -25,0 \u00b0C und +25,0 \u00b0C<\/li><li>energiesparende Daikin Aggregate<\/li><li>digitale Datenspeicherung<\/li><li>1 St. 230 V Anschluss f\u00fcr die Beleuchtung<\/li><li>1 St. 400 V Anschluss f\u00fcr die Aggregate<\/li><li>bei maximaler Leistung ben\u00f6tigte Stromst\u00e4rke: 3 x 32 Ampere<\/li><li>maximaler Gesamtverbrauch: 13,5 kW<\/li><li>Innenraumbeleuchtung<\/li><li>Panikt\u00fcr<\/li><li>K\u00e4ltevorhang aus Plastiklamellen<\/li><li>bewegbare Rampe<\/li><li>maximale Ladekapazit\u00e4t: 25.830 kg (40\u2019)<\/li><\/ul><\/div>    <\/div>\n<\/div>\n<!-- \/module text -->        <\/div>\n                        <\/div>\n        <\/div>\n        <\/div>\n<!--\/themify_builder_content-->\n<p>&nbsp;<\/p>","protected":false},"excerpt":{"rendered":"<p>MR40 \u201c40\u00b4K\u00fchlcontainer\u201d Technische Daten:\u00a0 geeignet f\u00fcr die Lagerung von frischen oder gefrorenen Paletteng\u00fctern h\u00e4lt die Temperatur automatisch zwischen -25,0 \u00b0C und +25,0 \u00b0C energiesparende Daikin Aggregate digitale Datenspeicherung 1 St. 230 V Anschluss f\u00fcr die Beleuchtung 1 St. 400 V Anschluss f\u00fcr die Aggregate bei maximaler Leistung ben\u00f6tigte Stromst\u00e4rke: 3 x 32 Ampere maximaler Gesamtverbrauch: [&hellip;]<\/p>\n","protected":false},"author":3,"featured_media":0,"parent":6117,"menu_order":0,"comment_status":"closed","ping_status":"closed","template":"","meta":{"_seopress_robots_primary_cat":"","_seopress_titles_title":"","_seopress_titles_desc":"","_seopress_robots_index":"","footnotes":""},"class_list":["post-6231","page","type-page","status-publish","hentry","has-post-title","has-post-date","has-post-category","has-post-tag","has-post-comment","has-post-author",""],"_links":{"self":[{"href":"https:\/\/mobilbox.hu\/de\/wp-json\/wp\/v2\/pages\/6231","targetHints":{"allow":["GET"]}}],"collection":[{"href":"https:\/\/mobilbox.hu\/de\/wp-json\/wp\/v2\/pages"}],"about":[{"href":"https:\/\/mobilbox.hu\/de\/wp-json\/wp\/v2\/types\/page"}],"author":[{"embeddable":true,"href":"https:\/\/mobilbox.hu\/de\/wp-json\/wp\/v2\/users\/3"}],"replies":[{"embeddable":true,"href":"https:\/\/mobilbox.hu\/de\/wp-json\/wp\/v2\/comments?post=6231"}],"version-history":[{"count":0,"href":"https:\/\/mobilbox.hu\/de\/wp-json\/wp\/v2\/pages\/6231\/revisions"}],"up":[{"embeddable":true,"href":"https:\/\/mobilbox.hu\/de\/wp-json\/wp\/v2\/pages\/6117"}],"wp:attachment":[{"href":"https:\/\/mobilbox.hu\/de\/wp-json\/wp\/v2\/media?parent=6231"}],"curies":[{"name":"wp","href":"https:\/\/api.w.org\/{rel}","templated":true}]}}