{"id":6621,"date":"2019-06-17T13:51:36","date_gmt":"2019-06-17T13:51:36","guid":{"rendered":"https:\/\/mobilbox.hu\/de\/?page_id=6621"},"modified":"2023-11-21T14:33:34","modified_gmt":"2023-11-21T14:33:34","slug":"schraubverschlusplomben-fur-container-2","status":"publish","type":"page","link":"https:\/\/mobilbox.hu\/de\/plomben\/metallplomben\/schraubverschlusplomben-fur-container-2\/","title":{"rendered":"Dupla biztons\u00e1gi kont\u00e9nerz\u00e1r"},"content":{"rendered":"<!--themify_builder_content-->\n<div id=\"themify_builder_content-6621\" data-postid=\"6621\" class=\"themify_builder_content themify_builder_content-6621 themify_builder tf_clear\">\n                    <div  data-lazy=\"1\" class=\"module_row themify_builder_row tb_esdf287 tb_first tf_w\">\n                        <div class=\"row_inner col_align_top tb_col_count_2 tf_box tf_rel\">\n                        <div  data-lazy=\"1\" class=\"module_column tb-column col4-2 tb_jh84289 first\">\n                    <!-- module text -->\n<div  class=\"module module-text tb_39km289  repeat \" data-lazy=\"1\">\n        <div  class=\"tb_text_wrap\">\n        <p><strong>Le\u00edr\u00e1s:<\/strong><\/p><ul><li>Sodronyz\u00e1r \u00e9s biztons\u00e1gi\u00a0kont\u00e9nerz\u00e1r egyben<\/li><li>F\u0171zze \u00e1t az ac\u00e9l sodronyt a v\u00e9dend\u0151 fel\u00fcleten, majd h\u00fazza meg a z\u00e1rtesten kereszt\u00fcl. A maxim\u00e1lis v\u00e9delem el\u00e9r\u00e9s\u00e9hez \u00e9rdemes min\u00e9l szorosabbra h\u00fazni a k\u00e1belt. Ezut\u00e1n r\u00f6gz\u00edtse a biztons\u00e1gi kont\u00e9nerz\u00e1rral.<\/li><li>Elt\u00e1vol\u00edt\u00e1s: v\u00e1g\u00f3szersz\u00e1mmal\u00a0\u00a0\u00a0\u00a0\u00a0\u00a0\u00a0\u00a0\u00a0\u00a0\u00a0\u00a0\u00a0\u00a0\u00a0\u00a0\u00a0\u00a0\u00a0\u00a0\u00a0\u00a0\u00a0\u00a0\u00a0\u00a0\u00a0\u00a0\u00a0\u00a0\u00a0\u00a0\u00a0\u00a0\u00a0\u00a0\u00a0\u00a0\u00a0\u00a0<\/li><\/ul><p><a href=\\\"http:\/\/www.mobilbix.hu\/downloads\/Dupla%20kont%C3%A9nerz%C3%A1r%20haszn%C3%A1lata.pdf\\\">Haszn\u00e1lati \u00fatmutat\u00f3 let\u00f6lt\u00e9s<\/a><strong><br \/><br \/>Felhaszn\u00e1l\u00e1si ter\u00fclet:<\/strong><br \/><br \/>ISO kont\u00e9nerekre, kont\u00e9neres teheraut\u00f3kra, vagonokra<br \/><br \/><\/p><p><strong>Sz\u00ednv\u00e1laszt\u00e9k \u00e9s m\u00e9retek:<\/strong><\/p><ul><li>Sz\u00e9les sz\u00ednsk\u00e1la<\/li><li>M\u00e9retek:<ul><li>K\u00e1bel: 5 x 1.930 mm (a hossz\u00fas\u00e1g \u00e1ll\u00edthat\u00f3)<\/li><li>T\u00fcske \u00e1tm\u00e9r\u0151: 8 mm<\/li><\/ul><\/li><li>Szak\u00edt\u00f3szil\u00e1rds\u00e1g: 15 kN<\/li><\/ul><p><strong>Sorsz\u00e1moz\u00e1s \u00e9s egy\u00e9ni jel\u00f6l\u00e9s:<\/strong><\/p><ul><li>Szekvent\u00e1lt sz\u00e1moz\u00e1si lehet\u0151s\u00e9g\u00a0\u00a0<\/li><li>Vonalk\u00f3dos jel\u00f6l\u00e9si lehet\u0151s\u00e9g<\/li><li>Log\u00f3 egyedi ig\u00e9ny szerint<\/li><\/ul><p><strong>Anyagmin\u0151s\u00e9g:<\/strong><\/p><ul><li>Z\u00e1rtest: festett alum\u00ednium\u00a0<\/li><li>K\u00e1bel: 5 mm-es ac\u00e9lsodrony<\/li><li>Biztons\u00e1gi kont\u00e9nerz\u00e1r: horganyzott ac\u00e9l ABS bevonattal<\/li><\/ul><p><strong>Tan\u00fas\u00edtv\u00e1nyok:<\/strong><\/p><ul><li>ISO\/PAS 17712 HSS (high security seal)<\/li><li>ISO 9001:2000<\/li><li>C-TPAT \u2013nek megfelel<\/li><\/ul><p><strong>Csomagol\u00e1s:<\/strong><\/p><ul><li>Kartononk\u00e9nt 50 db z\u00e1r k\u00fcl\u00f6n csomagolva<\/li><li>Karton m\u00e9retek: 53 x 23 x 19 cm<\/li><li>Karton s\u00faly: 15 kg<\/li><\/ul>    <\/div>\n<\/div>\n<!-- \/module text -->        <\/div>\n                    <div  data-lazy=\"1\" class=\"module_column tb-column col4-2 tb_1jvz290 last\">\n                    <div  class=\"module themify_builder_slider_wrap tf_clearfix module-slider tb_fuv4290  slider-default  \" data-lazy=\"1\">\n        <div class=\"themify_builder_slider tf_carousel tf_swiper-container tf_rel tf_overflow\" data-lazy=\"1\"        data-visible=\"1\"\n        data-tab-visible=\"\"\n        data-mob-visible=\"0\"\n        data-scroll=\"1\"\n                            data-auto=\"2000\"\n            data-controller=\"0\"\n            data-pause_hover=\"1\"\n                data-speed=\"normal\"\n        data-wrapvar=\"1\"\n        data-slider_nav=\"1\"\n        data-pager=\"1\"\n        data-effect=\"scroll\" \n        data-height=\"auto\"\n        data-css_url=\"https:\/\/mobilbox.hu\/de\/wp-content\/themes\/themify-ultra\/themify\/themify-builder\/css\/modules\/sliders\/carousel,https:\/\/mobilbox.hu\/de\/wp-content\/themes\/themify-ultra\/themify\/themify-builder\/css\/modules\/sliders\/slider\"\n                    >\n        <div class=\"tf_swiper-wrapper tf_lazy tf_rel tf_w tf_h tf_textc\">\n                         <div class=\"tf_swiper-slide\">            <div class=\"slide-inner-wrap\">\n                                    <div class=\"tf_rel tf_lazy slide-image\">\n                                                                            <img decoding=\"async\" src=\"https:\/\/mobilbox.hu\/de\/wp-content\/uploads\/2019\/06\/dupla-biztonsagi-kontenerzar1-350x250.jpg\" width=\"350\" height=\"250\" class=\"wp-post-image wp-image-6622\" title=\"dupla-biztonsagi-kontenerzar1\" alt=\"dupla-biztonsagi-kontenerzar1\">                                            <\/div>\n                \n                            <\/div>\n        <\/div>                     <div class=\"tf_swiper-slide\" style=\"content-visibility:hidden\">            <div class=\"slide-inner-wrap\">\n                                    <div class=\"tf_rel tf_lazy slide-image\">\n                                                                            <img decoding=\"async\" src=\"https:\/\/mobilbox.hu\/de\/wp-content\/uploads\/2019\/06\/dupla-biztons\u00e1gi-kontenerzar2-350x250.jpg\" width=\"350\" height=\"250\" class=\"wp-post-image wp-image-6623\" title=\"dupla-biztons\u00e1gi-kontenerzar2\" alt=\"dupla-biztons\u00e1gi-kontenerzar2\">                                            <\/div>\n                \n                            <\/div>\n        <\/div>                     <div class=\"tf_swiper-slide\" style=\"content-visibility:hidden\">            <div class=\"slide-inner-wrap\">\n                                    <div class=\"tf_rel tf_lazy slide-image\">\n                                                                            <img decoding=\"async\" src=\"https:\/\/mobilbox.hu\/de\/wp-content\/uploads\/2019\/06\/dupla-biztonsagi-kontenerzar3-350x250.jpg\" width=\"350\" height=\"250\" class=\"wp-post-image wp-image-6624\" title=\"dupla-biztonsagi-kontenerzar3\" alt=\"dupla-biztonsagi-kontenerzar3\">                                            <\/div>\n                \n                            <\/div>\n        <\/div>                     <div class=\"tf_swiper-slide\" style=\"content-visibility:hidden\">            <div class=\"slide-inner-wrap\">\n                                    <div class=\"tf_rel tf_lazy slide-image\">\n                                                                            <img decoding=\"async\" src=\"https:\/\/mobilbox.hu\/de\/wp-content\/uploads\/2019\/06\/dupla-biztonsagi-kontenerzar4-350x250.jpg\" width=\"350\" height=\"250\" class=\"wp-post-image wp-image-6625\" title=\"dupla-biztonsagi-kontenerzar4\" alt=\"dupla-biztonsagi-kontenerzar4\">                                            <\/div>\n                \n                            <\/div>\n        <\/div>                     <div class=\"tf_swiper-slide\" style=\"content-visibility:hidden\">            <div class=\"slide-inner-wrap\">\n                                    <div class=\"tf_rel tf_lazy slide-image\">\n                                                                            <img decoding=\"async\" src=\"https:\/\/mobilbox.hu\/de\/wp-content\/uploads\/2019\/06\/dupla-biztonsagi-kontenerzar6-350x250.png\" width=\"350\" height=\"250\" class=\"wp-post-image wp-image-6626\" title=\"dupla-biztonsagi-kontenerzar6\" alt=\"dupla-biztonsagi-kontenerzar6\">                                            <\/div>\n                \n                            <\/div>\n        <\/div>            <\/div>\n    <\/div>\n<\/div>\n        <\/div>\n                        <\/div>\n        <\/div>\n        <\/div>\n<!--\/themify_builder_content-->","protected":false},"excerpt":{"rendered":"<p>Le\u00edr\u00e1s: Sodronyz\u00e1r \u00e9s biztons\u00e1gi\u00a0kont\u00e9nerz\u00e1r egyben F\u0171zze \u00e1t az ac\u00e9l sodronyt a v\u00e9dend\u0151 fel\u00fcleten, majd h\u00fazza meg a z\u00e1rtesten kereszt\u00fcl. A maxim\u00e1lis v\u00e9delem el\u00e9r\u00e9s\u00e9hez \u00e9rdemes min\u00e9l szorosabbra h\u00fazni a k\u00e1belt. Ezut\u00e1n r\u00f6gz\u00edtse a biztons\u00e1gi kont\u00e9nerz\u00e1rral. Elt\u00e1vol\u00edt\u00e1s: v\u00e1g\u00f3szersz\u00e1mmal\u00a0\u00a0\u00a0\u00a0\u00a0\u00a0\u00a0\u00a0\u00a0\u00a0\u00a0\u00a0\u00a0\u00a0\u00a0\u00a0\u00a0\u00a0\u00a0\u00a0\u00a0\u00a0\u00a0\u00a0\u00a0\u00a0\u00a0\u00a0\u00a0\u00a0\u00a0\u00a0\u00a0\u00a0\u00a0\u00a0\u00a0\u00a0\u00a0\u00a0 Haszn\u00e1lati \u00fatmutat\u00f3 let\u00f6lt\u00e9s Felhaszn\u00e1l\u00e1si ter\u00fclet: ISO kont\u00e9nerekre, kont\u00e9neres teheraut\u00f3kra, vagonokra Sz\u00ednv\u00e1laszt\u00e9k \u00e9s m\u00e9retek: Sz\u00e9les sz\u00ednsk\u00e1la M\u00e9retek: K\u00e1bel: 5 x [&hellip;]<\/p>\n","protected":false},"author":3,"featured_media":0,"parent":1660,"menu_order":0,"comment_status":"closed","ping_status":"closed","template":"","meta":{"_seopress_robots_primary_cat":"","_seopress_titles_title":"","_seopress_titles_desc":"","_seopress_robots_index":"","footnotes":""},"class_list":["post-6621","page","type-page","status-publish","hentry","has-post-title","has-post-date","has-post-category","has-post-tag","has-post-comment","has-post-author",""],"_links":{"self":[{"href":"https:\/\/mobilbox.hu\/de\/wp-json\/wp\/v2\/pages\/6621","targetHints":{"allow":["GET"]}}],"collection":[{"href":"https:\/\/mobilbox.hu\/de\/wp-json\/wp\/v2\/pages"}],"about":[{"href":"https:\/\/mobilbox.hu\/de\/wp-json\/wp\/v2\/types\/page"}],"author":[{"embeddable":true,"href":"https:\/\/mobilbox.hu\/de\/wp-json\/wp\/v2\/users\/3"}],"replies":[{"embeddable":true,"href":"https:\/\/mobilbox.hu\/de\/wp-json\/wp\/v2\/comments?post=6621"}],"version-history":[{"count":1,"href":"https:\/\/mobilbox.hu\/de\/wp-json\/wp\/v2\/pages\/6621\/revisions"}],"predecessor-version":[{"id":7023,"href":"https:\/\/mobilbox.hu\/de\/wp-json\/wp\/v2\/pages\/6621\/revisions\/7023"}],"up":[{"embeddable":true,"href":"https:\/\/mobilbox.hu\/de\/wp-json\/wp\/v2\/pages\/1660"}],"wp:attachment":[{"href":"https:\/\/mobilbox.hu\/de\/wp-json\/wp\/v2\/media?parent=6621"}],"curies":[{"name":"wp","href":"https:\/\/api.w.org\/{rel}","templated":true}]}}