{"id":6688,"date":"2020-02-07T10:31:15","date_gmt":"2020-02-07T10:31:15","guid":{"rendered":"https:\/\/mobilbox.hu\/de\/?page_id=6688"},"modified":"2023-11-21T14:33:34","modified_gmt":"2023-11-21T14:33:34","slug":"storage-container-parts","status":"publish","type":"page","link":"https:\/\/mobilbox.hu\/de\/zubehor\/storage-container-parts\/","title":{"rendered":"Lagerbeh\u00e4lter Teile"},"content":{"rendered":"<!--themify_builder_content-->\n<div id=\"themify_builder_content-6688\" data-postid=\"6688\" class=\"themify_builder_content themify_builder_content-6688 themify_builder tf_clear\">\n                    <div  data-lazy=\"1\" class=\"module_row themify_builder_row tb_dno271 tb_first tf_w\">\n                        <div class=\"row_inner col_align_top tb_col_count_4 tf_box tf_rel\">\n                        <div  data-lazy=\"1\" class=\"module_column tb-column col4-1 tb_rqnl72 first\">\n                    <!-- module image -->\n<div  class=\"module module-image tb_2abu72 image-center bordered  tf_mw\" data-lazy=\"1\">\n        <div class=\"image-wrap tf_rel tf_mw\">\n            <a href=\"https:\/\/mobilbox.hu\/de\/zubehor\/rygle-kontenera-iso-2\/\">\n                   <img loading=\"lazy\" decoding=\"async\" src=\"https:\/\/mobilbox.hu\/de\/wp-content\/uploads\/2020\/02\/zubehor-8-300x225.jpg\" width=\"300\" height=\"225\" class=\"wp-post-image wp-image-6709\" title=\"R\u00fadz\u00e1r\" alt=\"R\u00fadz\u00e1r\">        <\/a>\n    \n        <\/div>\n    <!-- \/image-wrap -->\n    \n        <div class=\"image-content\">\n                    <h3 class=\"image-title\">\n                                    <a href=\"https:\/\/mobilbox.hu\/de\/zubehor\/rygle-kontenera-iso-2\/\">\n                        R\u00fadz\u00e1r                    <\/a>\n                            <\/h3>\n                    <\/div>\n    <!-- \/image-content -->\n        <\/div>\n<!-- \/module image --><!-- module image -->\n<div  class=\"module module-image tb_ge9972 image-center bordered  tf_mw\" data-lazy=\"1\">\n        <div class=\"image-wrap tf_rel tf_mw\">\n            <img loading=\"lazy\" decoding=\"async\" src=\"https:\/\/mobilbox.hu\/de\/wp-content\/uploads\/2020\/02\/zubehor-9-300x225.jpg\" width=\"300\" height=\"225\" class=\"wp-post-image wp-image-6710\" title=\"Szell\u0151z\u0151ny\u00edl\u00e1s takar\u00f3elem\" alt=\"Szell\u0151z\u0151ny\u00edl\u00e1s takar\u00f3elem\">    \n        <\/div>\n    <!-- \/image-wrap -->\n    \n        <div class=\"image-content\">\n                    <h3 class=\"image-title\">\n                                    Szell\u0151z\u0151ny\u00edl\u00e1s takar\u00f3elem                            <\/h3>\n                    <\/div>\n    <!-- \/image-content -->\n        <\/div>\n<!-- \/module image --><!-- module image -->\n<div  class=\"module module-image tb_37xl73 image-center bordered  tf_mw\" data-lazy=\"1\">\n        <div class=\"image-wrap tf_rel tf_mw\">\n            <img loading=\"lazy\" decoding=\"async\" src=\"https:\/\/mobilbox.hu\/de\/wp-content\/uploads\/2020\/02\/zubehor-0-300x225.png\" width=\"300\" height=\"225\" class=\"wp-post-image wp-image-6701\" title=\"Tengeri Twist Lock\" alt=\"Tengeri Twist Lock\">    \n        <\/div>\n    <!-- \/image-wrap -->\n    \n        <div class=\"image-content\">\n                    <h3 class=\"image-title\">\n                                    Tengeri Twist Lock                            <\/h3>\n                    <\/div>\n    <!-- \/image-content -->\n        <\/div>\n<!-- \/module image -->        <\/div>\n                    <div  data-lazy=\"1\" class=\"module_column tb-column col4-1 tb_2bqi73\">\n                    <!-- module image -->\n<div  class=\"module module-image tb_sfkh73 image-center bordered  tf_mw\" data-lazy=\"1\">\n        <div class=\"image-wrap tf_rel tf_mw\">\n            <a href=\"https:\/\/mobilbox.hu\/de\/zubehor\/naroze-kontenera-iso-2\/\">\n                   <img loading=\"lazy\" decoding=\"async\" src=\"https:\/\/mobilbox.hu\/de\/wp-content\/uploads\/2020\/02\/zubehor-3-300x225.jpg\" width=\"300\" height=\"225\" class=\"wp-post-image wp-image-6704\" title=\"ISO standard casting\" alt=\"ISO standard casting\">        <\/a>\n    \n        <\/div>\n    <!-- \/image-wrap -->\n    \n        <div class=\"image-content\">\n                    <h3 class=\"image-title\">\n                                    <a href=\"https:\/\/mobilbox.hu\/de\/zubehor\/naroze-kontenera-iso-2\/\">\n                        ISO standard casting                    <\/a>\n                            <\/h3>\n                    <\/div>\n    <!-- \/image-content -->\n        <\/div>\n<!-- \/module image --><!-- module image -->\n<div  class=\"module module-image tb_rjwm73 image-center bordered  tf_mw\" data-lazy=\"1\">\n        <div class=\"image-wrap tf_rel tf_mw\">\n            <img loading=\"lazy\" decoding=\"async\" src=\"https:\/\/mobilbox.hu\/de\/wp-content\/uploads\/2020\/02\/zubehor-5-300x225.jpg\" width=\"300\" height=\"225\" class=\"wp-post-image wp-image-6706\" title=\"Kont\u00e9ner ajt\u00f3 zsan\u00e9r\" alt=\"Kont\u00e9ner ajt\u00f3 zsan\u00e9r\">    \n        <\/div>\n    <!-- \/image-wrap -->\n    \n        <div class=\"image-content\">\n                    <h3 class=\"image-title\">\n                                    Kont\u00e9ner ajt\u00f3 zsan\u00e9r                            <\/h3>\n                    <\/div>\n    <!-- \/image-content -->\n        <\/div>\n<!-- \/module image --><!-- module image -->\n<div  class=\"module module-image tb_h8qp74 image-center bordered  tf_mw\" data-lazy=\"1\">\n        <div class=\"image-wrap tf_rel tf_mw\">\n            <img loading=\"lazy\" decoding=\"async\" src=\"https:\/\/mobilbox.hu\/de\/wp-content\/uploads\/2020\/02\/zubehor-11-300x225.jpg\" width=\"300\" height=\"225\" class=\"wp-post-image wp-image-6711\" title=\"Twist Lock\" alt=\"Twist Lock\">    \n        <\/div>\n    <!-- \/image-wrap -->\n    \n        <div class=\"image-content\">\n                    <h3 class=\"image-title\">\n                                    Twist Lock                            <\/h3>\n                    <\/div>\n    <!-- \/image-content -->\n        <\/div>\n<!-- \/module image -->        <\/div>\n                    <div  data-lazy=\"1\" class=\"module_column tb-column col4-1 tb_tsb374\">\n                    <!-- module image -->\n<div  class=\"module module-image tb_g2o874 image-center bordered  tf_mw\" data-lazy=\"1\">\n        <div class=\"image-wrap tf_rel tf_mw\">\n            <a href=\"https:\/\/mobilbox.hu\/de\/zubehor\/uszczelka-do-drzwi\/\">\n                   <img loading=\"lazy\" decoding=\"async\" src=\"https:\/\/mobilbox.hu\/de\/wp-content\/uploads\/2020\/02\/zubehor-2-300x225.jpg\" width=\"300\" height=\"225\" class=\"wp-post-image wp-image-6703\" title=\"Door sealing rubber\" alt=\"Door sealing rubber\">        <\/a>\n    \n        <\/div>\n    <!-- \/image-wrap -->\n    \n        <div class=\"image-content\">\n                    <h3 class=\"image-title\">\n                                    <a href=\"https:\/\/mobilbox.hu\/de\/zubehor\/uszczelka-do-drzwi\/\">\n                        Door sealing rubber                    <\/a>\n                            <\/h3>\n                    <\/div>\n    <!-- \/image-content -->\n        <\/div>\n<!-- \/module image --><!-- module image -->\n<div  class=\"module module-image tb_126p74 image-center bordered  tf_mw\" data-lazy=\"1\">\n        <div class=\"image-wrap tf_rel tf_mw\">\n            <img loading=\"lazy\" decoding=\"async\" src=\"https:\/\/mobilbox.hu\/de\/wp-content\/uploads\/2020\/02\/zubehor-7-300x225.jpg\" width=\"300\" height=\"225\" class=\"wp-post-image wp-image-6708\" title=\"R\u00e9tegelt padl\u00f3lap\" alt=\"R\u00e9tegelt padl\u00f3lap\">    \n        <\/div>\n    <!-- \/image-wrap -->\n    \n        <div class=\"image-content\">\n                    <h3 class=\"image-title\">\n                                    R\u00e9tegelt padl\u00f3lap                            <\/h3>\n                    <\/div>\n    <!-- \/image-content -->\n        <\/div>\n<!-- \/module image --><!-- module image -->\n<div  class=\"module module-image tb_l82975 image-center bordered  tf_mw\" data-lazy=\"1\">\n        <div class=\"image-wrap tf_rel tf_mw\">\n            <img loading=\"lazy\" decoding=\"async\" src=\"https:\/\/mobilbox.hu\/de\/wp-content\/uploads\/2020\/02\/zubehor-12-300x225.jpg\" width=\"300\" height=\"225\" class=\"wp-post-image wp-image-6712\" title=\"Twist Lock h\u00e1z\" alt=\"Twist Lock h\u00e1z\">    \n        <\/div>\n    <!-- \/image-wrap -->\n    \n        <div class=\"image-content\">\n                    <h3 class=\"image-title\">\n                                    Twist Lock h\u00e1z                            <\/h3>\n                    <\/div>\n    <!-- \/image-content -->\n        <\/div>\n<!-- \/module image -->        <\/div>\n                    <div  data-lazy=\"1\" class=\"module_column tb-column col4-1 tb_b2wh75 last\">\n                    <!-- module image -->\n<div  class=\"module module-image tb_q5vp75 image-center bordered  tf_mw\" data-lazy=\"1\">\n        <div class=\"image-wrap tf_rel tf_mw\">\n            <img loading=\"lazy\" decoding=\"async\" src=\"https:\/\/mobilbox.hu\/de\/wp-content\/uploads\/2020\/02\/zubehor-6-300x225.jpg\" width=\"300\" height=\"225\" class=\"wp-post-image wp-image-6707\" title=\"Lock box\" alt=\"Lock box\">    \n        <\/div>\n    <!-- \/image-wrap -->\n    \n        <div class=\"image-content\">\n                    <h3 class=\"image-title\">\n                                    Lock box                            <\/h3>\n                    <\/div>\n    <!-- \/image-content -->\n        <\/div>\n<!-- \/module image --><!-- module image -->\n<div  class=\"module module-image tb_286175 image-center bordered  tf_mw\" data-lazy=\"1\">\n        <div class=\"image-wrap tf_rel tf_mw\">\n            <img loading=\"lazy\" decoding=\"async\" src=\"https:\/\/mobilbox.hu\/de\/wp-content\/uploads\/2020\/02\/zubehor-4-300x225.jpg\" width=\"300\" height=\"225\" class=\"wp-post-image wp-image-6705\" title=\"Als\u00f3 \u00f6sszeh\u00faz\u00f3 csavar\" alt=\"Als\u00f3 \u00f6sszeh\u00faz\u00f3 csavar\">    \n        <\/div>\n    <!-- \/image-wrap -->\n    \n        <div class=\"image-content\">\n                    <h3 class=\"image-title\">\n                                    Als\u00f3 \u00f6sszeh\u00faz\u00f3 csavar                            <\/h3>\n                    <\/div>\n    <!-- \/image-content -->\n        <\/div>\n<!-- \/module image -->        <\/div>\n                        <\/div>\n        <\/div>\n        <\/div>\n<!--\/themify_builder_content-->","protected":false},"excerpt":{"rendered":"<p>R\u00fadz\u00e1r Szell\u0151z\u0151ny\u00edl\u00e1s takar\u00f3elem Tengeri Twist Lock ISO standard casting Kont\u00e9ner ajt\u00f3 zsan\u00e9r Twist Lock Door sealing rubber R\u00e9tegelt padl\u00f3lap Twist Lock h\u00e1z Lock box Als\u00f3 \u00f6sszeh\u00faz\u00f3 csavar<\/p>\n","protected":false},"author":3,"featured_media":0,"parent":22,"menu_order":0,"comment_status":"closed","ping_status":"closed","template":"","meta":{"_seopress_robots_primary_cat":"","_seopress_titles_title":"","_seopress_titles_desc":"","_seopress_robots_index":"","footnotes":""},"class_list":["post-6688","page","type-page","status-publish","hentry","has-post-title","has-post-date","has-post-category","has-post-tag","has-post-comment","has-post-author",""],"_links":{"self":[{"href":"https:\/\/mobilbox.hu\/de\/wp-json\/wp\/v2\/pages\/6688","targetHints":{"allow":["GET"]}}],"collection":[{"href":"https:\/\/mobilbox.hu\/de\/wp-json\/wp\/v2\/pages"}],"about":[{"href":"https:\/\/mobilbox.hu\/de\/wp-json\/wp\/v2\/types\/page"}],"author":[{"embeddable":true,"href":"https:\/\/mobilbox.hu\/de\/wp-json\/wp\/v2\/users\/3"}],"replies":[{"embeddable":true,"href":"https:\/\/mobilbox.hu\/de\/wp-json\/wp\/v2\/comments?post=6688"}],"version-history":[{"count":1,"href":"https:\/\/mobilbox.hu\/de\/wp-json\/wp\/v2\/pages\/6688\/revisions"}],"predecessor-version":[{"id":7024,"href":"https:\/\/mobilbox.hu\/de\/wp-json\/wp\/v2\/pages\/6688\/revisions\/7024"}],"up":[{"embeddable":true,"href":"https:\/\/mobilbox.hu\/de\/wp-json\/wp\/v2\/pages\/22"}],"wp:attachment":[{"href":"https:\/\/mobilbox.hu\/de\/wp-json\/wp\/v2\/media?parent=6688"}],"curies":[{"name":"wp","href":"https:\/\/api.w.org\/{rel}","templated":true}]}}