{"id":6691,"date":"2020-02-07T10:32:24","date_gmt":"2020-02-07T10:32:24","guid":{"rendered":"https:\/\/mobilbox.hu\/de\/?page_id=6691"},"modified":"2020-02-07T10:51:45","modified_gmt":"2020-02-07T10:51:45","slug":"office-container-parts","status":"publish","type":"page","link":"https:\/\/mobilbox.hu\/de\/zubehor\/office-container-parts\/","title":{"rendered":"B\u00fcrocontainerteile"},"content":{"rendered":"<!--themify_builder_content-->\n<div id=\"themify_builder_content-6691\" data-postid=\"6691\" class=\"themify_builder_content themify_builder_content-6691 themify_builder tf_clear\">\n    <\/div>\n<!--\/themify_builder_content-->","protected":false},"excerpt":{"rendered":"<p>Materia\u0142 Odlewy naro\u017ca kontenerowe wytwarzane s\u0105 ze specjalnego stopu, zachowuj\u0105 one swoje parametry nawet w temperaturze eksploatacji -40\u00b0C. Mo\u017cliwo\u015b\u0107 zastosowania Odlew naro\u017ca\u00a0 mo\u017cna zamontowa\u0107 \u00a0do ka\u017cdego kontenera spe\u0142niaj\u0105cego normy ISO\/ABS. Norma Odlewy s\u0105 produkowane i testowane zgodnie z norm\u0105 ISO 1161 i specyfikacjami ABS (American Bureau of Shipping) specifik\u00e1ci\u00f3i.<\/p>\n","protected":false},"author":3,"featured_media":0,"parent":22,"menu_order":0,"comment_status":"closed","ping_status":"closed","template":"","meta":{"_seopress_robots_primary_cat":"","_seopress_titles_title":"","_seopress_titles_desc":"","_seopress_robots_index":"","footnotes":""},"class_list":["post-6691","page","type-page","status-publish","hentry","has-post-title","has-post-date","has-post-category","has-post-tag","has-post-comment","has-post-author",""],"_links":{"self":[{"href":"https:\/\/mobilbox.hu\/de\/wp-json\/wp\/v2\/pages\/6691","targetHints":{"allow":["GET"]}}],"collection":[{"href":"https:\/\/mobilbox.hu\/de\/wp-json\/wp\/v2\/pages"}],"about":[{"href":"https:\/\/mobilbox.hu\/de\/wp-json\/wp\/v2\/types\/page"}],"author":[{"embeddable":true,"href":"https:\/\/mobilbox.hu\/de\/wp-json\/wp\/v2\/users\/3"}],"replies":[{"embeddable":true,"href":"https:\/\/mobilbox.hu\/de\/wp-json\/wp\/v2\/comments?post=6691"}],"version-history":[{"count":0,"href":"https:\/\/mobilbox.hu\/de\/wp-json\/wp\/v2\/pages\/6691\/revisions"}],"up":[{"embeddable":true,"href":"https:\/\/mobilbox.hu\/de\/wp-json\/wp\/v2\/pages\/22"}],"wp:attachment":[{"href":"https:\/\/mobilbox.hu\/de\/wp-json\/wp\/v2\/media?parent=6691"}],"curies":[{"name":"wp","href":"https:\/\/api.w.org\/{rel}","templated":true}]}}