{"id":7131,"date":"2024-02-01T11:44:30","date_gmt":"2024-02-01T11:44:30","guid":{"rendered":"https:\/\/mobilbox.hu\/de\/?page_id=7131"},"modified":"2024-02-02T13:08:51","modified_gmt":"2024-02-02T13:08:51","slug":"schadensregulierungsleistung-anmeldung","status":"publish","type":"page","link":"https:\/\/mobilbox.hu\/de\/schadensregulierungsleistung-anmeldung\/","title":{"rendered":"SCHADENSREGULIERUNGSLEISTUNG ANMELDUNG"},"content":{"rendered":"<!--themify_builder_content-->\n<div id=\"themify_builder_content-7131\" data-postid=\"7131\" class=\"themify_builder_content themify_builder_content-7131 themify_builder tf_clear\">\n                    <div  data-css_id=\"5cnp635\" data-lazy=\"1\" class=\"module_row themify_builder_row fullwidth tb_5cnp635 tb_first tf_w\">\n                        <div class=\"row_inner col_align_top tb_col_count_1 tf_box tf_rel\">\n                        <div  data-lazy=\"1\" class=\"module_column tb-column col-full tb_jht1635 first\">\n                    <!-- module image -->\n<div  class=\"module module-image tb_o9vn636 image-center   tf_mw\" data-lazy=\"1\">\n        <div class=\"image-wrap tf_rel tf_mw\">\n            <img decoding=\"async\" src=\"https:\/\/mobilbox.hu\/wp-content\/uploads\/2022\/11\/Logo-01_szlogen-1.jpg\" width=\"200\" title=\"SCHADENSREGULIERUNGSLEISTUNG ANMELDUNG\" alt=\"SCHADENSREGULIERUNGSLEISTUNG ANMELDUNG\">    \n        <\/div>\n    <!-- \/image-wrap -->\n    \n        <\/div>\n<!-- \/module image --><!-- module text -->\n<div  class=\"module module-text tb_pd0b636   \" data-lazy=\"1\">\n        <div  class=\"tb_text_wrap\">\n        <p><strong>SCHADENSREGULIERUNGSLEISTUNG ANMELDUNG<\/strong><\/p>    <\/div>\n<\/div>\n<!-- \/module text -->        <\/div>\n                        <\/div>\n        <\/div>\n                        <div  data-css_id=\"j9gn174\" data-lazy=\"1\" class=\"module_row themify_builder_row fullwidth tb_j9gn174 tf_w\">\n                        <div class=\"row_inner col_align_top tb_col_count_3 tf_box tf_rel\">\n                        <div  data-lazy=\"1\" class=\"module_column tb-column col4-1 tb_x1he175 first\">\n                            <\/div>\n                    <div  data-lazy=\"1\" class=\"module_column tb-column col4-2 tb_4pz3175\">\n                    <!-- module plain text -->\n<div  class=\"module module-plain-text tb_b14q51 \" data-lazy=\"1\">\n        <div class=\"tb_text_wrap\">\n    \t<div class=\"wpforms-container wpforms-container-full\" id=\"wpforms-7137\"><form id=\"wpforms-form-7137\" class=\"wpforms-validate wpforms-form wpforms-ajax-form\" data-formid=\"7137\" method=\"post\" enctype=\"multipart\/form-data\" action=\"\/de\/wp-json\/wp\/v2\/pages\/7131?wpforms_form_id=7137\" data-token=\"3e7ee6bfff632ae9ccc7a14312bb152b\" data-token-time=\"1776952132\"><noscript class=\"wpforms-error-noscript\">Please enable JavaScript in your browser to complete this form.<\/noscript><div class=\"wpforms-field-container\"><div id=\"wpforms-7137-field_20-container\" class=\"wpforms-field wpforms-field-content\" data-field-id=\"20\"><div id=\"wpforms-7137-field_20\" class=\"wpforms-field-medium wpforms-field-row\"><p><strong>Mieter Angaben<\/strong><\/p>\n<div class=\"wpforms-field-content-display-frontend-clear\"><\/div><\/div><\/div><div id=\"wpforms-7137-field_21-container\" class=\"wpforms-field wpforms-field-text\" data-field-id=\"21\"><label class=\"wpforms-field-label\" for=\"wpforms-7137-field_21\">Name:<\/label><input type=\"text\" id=\"wpforms-7137-field_21\" class=\"wpforms-field-large\" name=\"wpforms[fields][21]\" ><\/div><div id=\"wpforms-7137-field_22-container\" class=\"wpforms-field wpforms-field-text\" data-field-id=\"22\"><label class=\"wpforms-field-label\" for=\"wpforms-7137-field_22\">Adresse :<\/label><input type=\"text\" id=\"wpforms-7137-field_22\" class=\"wpforms-field-large\" name=\"wpforms[fields][22]\" ><\/div><div id=\"wpforms-7137-field_36-container\" class=\"wpforms-field wpforms-field-layout\" data-field-id=\"36\"><div class=\"wpforms-field-layout-columns wpforms-field-layout-preset-50-50\"><div class=\"wpforms-layout-column wpforms-layout-column-50\" ><div id=\"wpforms-7137-field_23-container\" class=\"wpforms-field wpforms-field-phone\" data-field-id=\"23\"><label class=\"wpforms-field-label\" for=\"wpforms-7137-field_23\">Telefon:<\/label><input type=\"tel\" id=\"wpforms-7137-field_23\" class=\"wpforms-field-large\" data-rule-int-phone-field=\"true\" name=\"wpforms[fields][23]\" aria-label=\"Telefon:\" ><\/div><\/div><div class=\"wpforms-layout-column wpforms-layout-column-50\" ><div id=\"wpforms-7137-field_24-container\" class=\"wpforms-field wpforms-field-email\" data-field-id=\"24\"><label class=\"wpforms-field-label\" for=\"wpforms-7137-field_24\">E-mail : <span class=\"wpforms-required-label\">*<\/span><\/label><input type=\"email\" id=\"wpforms-7137-field_24\" class=\"wpforms-field-medium wpforms-field-required\" name=\"wpforms[fields][24]\" spellcheck=\"false\" required><\/div><\/div><\/div><\/div><div id=\"wpforms-7137-field_41-container\" class=\"wpforms-field wpforms-field-html\" data-field-id=\"41\"><div id=\"wpforms-7137-field_41\"><!DOCTYPE html>\r\n<html>\r\n<head>\r\n    <title>Divider Example<\/title>\r\n    <style>\r\n        \/* Stylizacja divadera *\/\r\n        hr {\r\n            border: 2px solid #333; \/* Grubo\u015b\u0107 i kolor linii *\/\r\n            margin: 20px 0; \/* Marginesy na g\u00f3rze i na dole *\/\r\n        }\r\n    <\/style>\r\n<\/head>\r\n<body>\r\n  \r\n    \r\n    <hr \/> <!-- To jest divider (linia rozdzielaj\u0105ca) -->\r\n\r\n<\/body>\r\n<\/html><\/div><\/div><div id=\"wpforms-7137-field_33-container\" class=\"wpforms-field wpforms-field-content\" data-field-id=\"33\"><div id=\"wpforms-7137-field_33\" class=\"wpforms-field-medium wpforms-field-row\"><p><strong>Mietcontainerdaten<\/strong><\/p>\n<div class=\"wpforms-field-content-display-frontend-clear\"><\/div><\/div><\/div><div id=\"wpforms-7137-field_42-container\" class=\"wpforms-field wpforms-field-layout\" data-field-id=\"42\"><div class=\"wpforms-field-layout-columns wpforms-field-layout-preset-50-50\"><div class=\"wpforms-layout-column wpforms-layout-column-50\" ><div id=\"wpforms-7137-field_34-container\" class=\"wpforms-field wpforms-field-number\" data-field-id=\"34\"><label class=\"wpforms-field-label\" for=\"wpforms-7137-field_34\">Identifikationsnummer:<\/label><input type=\"number\" id=\"wpforms-7137-field_34\" class=\"wpforms-field-medium\" name=\"wpforms[fields][34]\" step=\"any\" ><\/div><\/div><div class=\"wpforms-layout-column wpforms-layout-column-50\" ><div id=\"wpforms-7137-field_35-container\" class=\"wpforms-field wpforms-field-text\" data-field-id=\"35\"><label class=\"wpforms-field-label\" for=\"wpforms-7137-field_35\">Mietvertragsnummer:<\/label><input type=\"text\" id=\"wpforms-7137-field_35\" class=\"wpforms-field-medium\" name=\"wpforms[fields][35]\" ><\/div><\/div><\/div><\/div><div id=\"wpforms-7137-field_39-container\" class=\"wpforms-field wpforms-field-html\" data-field-id=\"39\"><div id=\"wpforms-7137-field_39\"><!DOCTYPE html>\r\n<html>\r\n<head>\r\n    <title>Divider Example<\/title>\r\n    <style>\r\n        \/* Stylizacja divadera *\/\r\n        hr {\r\n            border: 2px solid #333; \/* Grubo\u015b\u0107 i kolor linii *\/\r\n            margin: 20px 0; \/* Marginesy na g\u00f3rze i na dole *\/\r\n        }\r\n    <\/style>\r\n<\/head>\r\n<body>\r\n  \r\n    \r\n    <hr \/> <!-- To jest divider (linia rozdzielaj\u0105ca) -->\r\n\r\n<\/body>\r\n<\/html><\/div><\/div><div id=\"wpforms-7137-field_17-container\" class=\"wpforms-field wpforms-field-layout\" data-field-id=\"17\"><div class=\"wpforms-field-layout-columns wpforms-field-layout-preset-50-50\"><div class=\"wpforms-layout-column wpforms-layout-column-50\" ><div id=\"wpforms-7137-field_12-container\" class=\"wpforms-field wpforms-field-date-time\" data-field-id=\"12\"><label class=\"wpforms-field-label\" for=\"wpforms-7137-field_12\">Datum des Schadensereignisses:<\/label><div class=\"wpforms-datepicker-wrap\"><input type=\"text\" id=\"wpforms-7137-field_12\" class=\"wpforms-field-date-time-date wpforms-datepicker wpforms-field-medium\" data-date-format=\"m\/d\/Y\" data-disable-past-dates=\"0\" data-input=\"true\" name=\"wpforms[fields][12][date]\" ><a title=\"Clear Date\" data-clear role=\"button\" tabindex=\"0\" class=\"wpforms-datepicker-clear\" aria-label=\"Clear Date\" style=\"display:none;\"><\/a><\/div><\/div><\/div><div class=\"wpforms-layout-column wpforms-layout-column-50\" ><div id=\"wpforms-7137-field_13-container\" class=\"wpforms-field wpforms-field-text\" data-field-id=\"13\"><label class=\"wpforms-field-label\" for=\"wpforms-7137-field_13\">Ort des Schadensereignisses:<\/label><input type=\"text\" id=\"wpforms-7137-field_13\" class=\"wpforms-field-medium\" name=\"wpforms[fields][13]\" ><\/div><\/div><\/div><\/div><div id=\"wpforms-7137-field_14-container\" class=\"wpforms-field wpforms-field-textarea\" data-field-id=\"14\"><label class=\"wpforms-field-label\" for=\"wpforms-7137-field_14\">Kurze Beschreibung des Schadensereignisses, Ursache f\u00fcr dessen Eintritt:<\/label><textarea id=\"wpforms-7137-field_14\" class=\"wpforms-field-medium\" name=\"wpforms[fields][14]\" ><\/textarea><\/div><div id=\"wpforms-7137-field_19-container\" class=\"wpforms-field wpforms-field-content\" data-field-id=\"19\"><div id=\"wpforms-7137-field_19\" class=\"wpforms-field-medium wpforms-field-row\"><p>Kopien der dem Anspruch beigef\u00fcgten Dokumente:<\/p>\n<div class=\"wpforms-field-content-display-frontend-clear\"><\/div><\/div><\/div><div id=\"wpforms-7137-field_1-container\" class=\"wpforms-field wpforms-field-checkbox wpforms-list-2-columns\" data-field-id=\"1\"><label class=\"wpforms-field-label wpforms-label-hide\">K\u00e1rbejelent\u00e9shez csatolt iratm\u00e1solatok:<\/label><ul id=\"wpforms-7137-field_1\"><li class=\"choice-1 depth-1\"><input type=\"checkbox\" id=\"wpforms-7137-field_1_1\" name=\"wpforms[fields][1][]\" value=\"Leasingvertrag\"  ><label class=\"wpforms-field-label-inline\" for=\"wpforms-7137-field_1_1\">Leasingvertrag<\/label><\/li><li class=\"choice-2 depth-1\"><input type=\"checkbox\" id=\"wpforms-7137-field_1_2\" name=\"wpforms[fields][1][]\" value=\"\u00dcbergabeprotokoll\"  ><label class=\"wpforms-field-label-inline\" for=\"wpforms-7137-field_1_2\">\u00dcbergabeprotokoll<\/label><\/li><li class=\"choice-3 depth-1\"><input type=\"checkbox\" id=\"wpforms-7137-field_1_3\" name=\"wpforms[fields][1][]\" value=\"Rechnungskopie\"  ><label class=\"wpforms-field-label-inline\" for=\"wpforms-7137-field_1_3\">Rechnungskopie<\/label><\/li><li class=\"choice-4 depth-1\"><input type=\"checkbox\" id=\"wpforms-7137-field_1_4\" name=\"wpforms[fields][1][]\" value=\"Anklage\"  ><label class=\"wpforms-field-label-inline\" for=\"wpforms-7137-field_1_4\">Anklage<\/label><\/li><li class=\"choice-6 depth-1\"><input type=\"checkbox\" id=\"wpforms-7137-field_1_6\" name=\"wpforms[fields][1][]\" value=\"Polizeientscheidung (sp\u00e4ter)\"  ><label class=\"wpforms-field-label-inline\" for=\"wpforms-7137-field_1_6\">Polizeientscheidung (sp\u00e4ter)<\/label><\/li><li class=\"choice-5 depth-1\"><input type=\"checkbox\" id=\"wpforms-7137-field_1_5\" name=\"wpforms[fields][1][]\" value=\"Polizeientscheidung (sp\u00e4ter)\"  ><label class=\"wpforms-field-label-inline\" for=\"wpforms-7137-field_1_5\">Polizeientscheidung (sp\u00e4ter)<\/label><\/li><\/ul><\/div><div id=\"wpforms-7137-field_15-container\" class=\"wpforms-field wpforms-field-content\" data-field-id=\"15\"><div id=\"wpforms-7137-field_15\" class=\"wpforms-field-medium wpforms-field-row\"><p><strong>Dokument hochladen<\/strong><\/p>\n<div class=\"wpforms-field-content-display-frontend-clear\"><\/div><\/div><\/div><div id=\"wpforms-7137-field_16-container\" class=\"wpforms-field wpforms-field-file-upload\" data-field-id=\"16\"><div\n\t\tclass=\"wpforms-uploader \"\n\t\tdata-field-id=\"16\"\n\t\tdata-form-id=\"7137\"\n\t\tdata-input-name=\"wpforms_7137_16\"\n\t\tdata-extensions=\"jpg,jpeg,jpe,gif,png,bmp,tiff,tif,webp,avif,ico,heic,heif,heics,heifs,asf,asx,wmv,wmx,wm,avi,divx,mov,qt,mpeg,mpg,mpe,mp4,m4v,ogv,webm,mkv,3gp,3gpp,3g2,3gp2,txt,asc,c,cc,h,srt,csv,tsv,ics,rtx,css,vtt,mp3,m4a,m4b,aac,ra,ram,wav,x-wav,ogg,oga,flac,mid,midi,wma,wax,mka,rtf,pdf,class,tar,zip,gz,gzip,rar,7z,psd,xcf,doc,pot,pps,ppt,wri,xla,xls,xlt,xlw,mpp,docx,docm,dotx,dotm,xlsx,xlsm,xlsb,xltx,xltm,xlam,pptx,pptm,ppsx,ppsm,potx,potm,ppam,sldx,sldm,onetoc,onetoc2,onepkg,oxps,xps,odt,odp,ods,odg,odc,odb,odf,wp,wpd,key,numbers,pages,svg,svgz\"\n\t\tdata-max-size=\"6442450944\"\n\t\tdata-max-file-number=\"99\"\n\t\tdata-post-max-size=\"6442450944\"\n\t\tdata-max-parallel-uploads=\"4\"\n\t\tdata-parallel-uploads=\"true\"\n\t\tdata-file-chunk-size=\"2097152\">\n\t<div class=\"dz-message\">\n\t\t<svg  viewBox=\"0 0 640 640\" focusable=\"false\" data-icon=\"inbox\" width=\"50px\" height=\"50px\" fill=\"currentColor\" aria-hidden=\"true\">\n\t\t\t<path d=\"M352 173.3L352 384C352 401.7 337.7 416 320 416C302.3 416 288 401.7 288 384L288 173.3L246.6 214.7C234.1 227.2 213.8 227.2 201.3 214.7C188.8 202.2 188.8 181.9 201.3 169.4L297.3 73.4C309.8 60.9 330.1 60.9 342.6 73.4L438.6 169.4C451.1 181.9 451.1 202.2 438.6 214.7C426.1 227.2 405.8 227.2 393.3 214.7L352 173.3zM320 464C364.2 464 400 428.2 400 384L480 384C515.3 384 544 412.7 544 448L544 480C544 515.3 515.3 544 480 544L160 544C124.7 544 96 515.3 96 480L96 448C96 412.7 124.7 384 160 384L240 384C240 428.2 275.8 464 320 464zM464 488C477.3 488 488 477.3 488 464C488 450.7 477.3 440 464 440C450.7 440 440 450.7 440 464C440 477.3 450.7 488 464 488z\"\/>\n\t\t<\/svg>\n\n\t\t<span class=\"modern-title\">\n\t\t\t\t\t\t\tDrag &amp; Drop Files, \t\t\t\t<span>Choose Files to Upload<\/span>\n\t\t\t\t\t<\/span>\n\n\t\t\t\t\t<span class=\"modern-hint\">You can upload up to 99 files.<\/span>\n\t\t\t<\/div>\n<\/div>\n\n<input\n\t\ttype=\"text\"\n\t\tautocomplete=\"off\"\n\t\treadonly\n\t\tclass=\"dropzone-input\"\n\t\tstyle=\"position:absolute!important;clip:rect(0,0,0,0)!important;height:1px!important;width:1px!important;border:0!important;overflow:hidden!important;padding:0!important;margin:0!important;\"\n\t\tid=\"wpforms-7137-field_16\"\n\t\tname=\"wpforms_7137_16\" \t\tvalue=\"\">\n<\/div><div id=\"wpforms-7137-field_11-container\" class=\"wpforms-field wpforms-field-gdpr-checkbox\" data-field-id=\"11\"><label class=\"wpforms-field-label wpforms-label-hide\">GDPR Agreement <span class=\"wpforms-required-label\">*<\/span><\/label><ul id=\"wpforms-7137-field_11\" class=\"wpforms-field-required\"><li class=\"choice-1\"><input type=\"checkbox\" id=\"wpforms-7137-field_11_1\" name=\"wpforms[fields][11][]\" required ><label class=\"wpforms-field-label-inline\" for=\"wpforms-7137-field_11_1\"> <span class=\"wpforms-required-label\">*<\/span><\/label><\/li><\/ul><div class=\"wpforms-field-description\">Ich habe die Datenschutzerkl\u00e4rung gelesen und akzeptiert:\r\n<a href=\"https:\/\/mobilbox.hu\/de\/datenschutz-mobilbox\/\"style=\"color:red\">Datenschutzrichtlinie<\/a><\/div><\/div><\/div><!-- .wpforms-field-container --><div class=\"wpforms-recaptcha-container wpforms-is-recaptcha wpforms-is-recaptcha-type-v2\" ><div class=\"g-recaptcha\" data-sitekey=\"6LczMRAqAAAAAOljzn2DqJ_E2IQLBnIYk1Vzx8NV\"><\/div><input type=\"text\" name=\"g-recaptcha-hidden\" class=\"wpforms-recaptcha-hidden\" style=\"position:absolute!important;clip:rect(0,0,0,0)!important;height:1px!important;width:1px!important;border:0!important;overflow:hidden!important;padding:0!important;margin:0!important;\" data-rule-recaptcha=\"1\"><\/div><div class=\"wpforms-submit-container\" ><input type=\"hidden\" name=\"wpforms[id]\" value=\"7137\"><input type=\"hidden\" name=\"page_title\" value=\"\"><input type=\"hidden\" name=\"page_url\" value=\"https:\/\/mobilbox.hu\/de\/wp-json\/wp\/v2\/pages\/7131\"><input type=\"hidden\" name=\"url_referer\" value=\"\"><button type=\"submit\" name=\"wpforms[submit]\" id=\"wpforms-submit-7137\" class=\"wpforms-submit\" data-alt-text=\"Sending...\" data-submit-text=\"K\u00dcLD\u00c9S\" aria-live=\"assertive\" value=\"wpforms-submit\">K\u00dcLD\u00c9S<\/button><img loading=\"lazy\" decoding=\"async\" src=\"https:\/\/mobilbox.hu\/de\/wp-content\/plugins\/wpforms\/assets\/images\/submit-spin.svg\" class=\"wpforms-submit-spinner\" style=\"display: none;\" width=\"26\" height=\"26\" alt=\"Loading\"><\/div><\/form><\/div>  <!-- .wpforms-container -->    <\/div>\n<\/div>\n<!-- \/module plain text -->        <\/div>\n                    <div  data-lazy=\"1\" class=\"module_column tb-column col4-1 tb_5q6r175 last\">\n                            <\/div>\n                        <\/div>\n        <\/div>\n        <\/div>\n<!--\/themify_builder_content-->","protected":false},"excerpt":{"rendered":"<p>SCHADENSREGULIERUNGSLEISTUNG ANMELDUNG<\/p>\n","protected":false},"author":2,"featured_media":0,"parent":0,"menu_order":0,"comment_status":"closed","ping_status":"closed","template":"","meta":{"_seopress_robots_primary_cat":"","_seopress_titles_title":"","_seopress_titles_desc":"","_seopress_robots_index":"","footnotes":""},"class_list":["post-7131","page","type-page","status-publish","hentry","has-post-title","has-post-date","has-post-category","has-post-tag","has-post-comment","has-post-author",""],"_links":{"self":[{"href":"https:\/\/mobilbox.hu\/de\/wp-json\/wp\/v2\/pages\/7131","targetHints":{"allow":["GET"]}}],"collection":[{"href":"https:\/\/mobilbox.hu\/de\/wp-json\/wp\/v2\/pages"}],"about":[{"href":"https:\/\/mobilbox.hu\/de\/wp-json\/wp\/v2\/types\/page"}],"author":[{"embeddable":true,"href":"https:\/\/mobilbox.hu\/de\/wp-json\/wp\/v2\/users\/2"}],"replies":[{"embeddable":true,"href":"https:\/\/mobilbox.hu\/de\/wp-json\/wp\/v2\/comments?post=7131"}],"version-history":[{"count":9,"href":"https:\/\/mobilbox.hu\/de\/wp-json\/wp\/v2\/pages\/7131\/revisions"}],"predecessor-version":[{"id":7166,"href":"https:\/\/mobilbox.hu\/de\/wp-json\/wp\/v2\/pages\/7131\/revisions\/7166"}],"wp:attachment":[{"href":"https:\/\/mobilbox.hu\/de\/wp-json\/wp\/v2\/media?parent=7131"}],"curies":[{"name":"wp","href":"https:\/\/api.w.org\/{rel}","templated":true}]}}