{"id":1650,"date":"2018-06-27T10:28:46","date_gmt":"2018-06-27T10:28:46","guid":{"rendered":"http:\/\/mytrejka.nazwa.pl\/mobilbox\/?page_id=1650"},"modified":"2023-11-21T14:31:03","modified_gmt":"2023-11-21T14:31:03","slug":"iso-container-door-lock","status":"publish","type":"page","link":"https:\/\/mobilbox.hu\/en\/container-parts\/iso-container-door-lock\/","title":{"rendered":"ISO container door lock"},"content":{"rendered":"<!--themify_builder_content-->\n<div id=\"themify_builder_content-1650\" data-postid=\"1650\" class=\"themify_builder_content themify_builder_content-1650 themify_builder tf_clear\">\n                    <div  data-lazy=\"1\" class=\"module_row themify_builder_row tb_00e812f tb_first tf_w\">\n                        <div class=\"row_inner col_align_top tb_col_count_2 tf_box tf_rel\">\n                        <div  data-lazy=\"1\" class=\"module_column tb-column col4-2 tb_4d55d4f first\">\n                    <!-- module text -->\n<div  class=\"module module-text tb_f5b6934  repeat \" data-lazy=\"1\">\n        <div  class=\"tb_text_wrap\">\n        <p><strong>Description:<\/strong><\/p>\n<p>Door locks used in standard ISO shipping containers.<br \/>Available in versions with or without bar (only assemblies) \u00a0 \u00a0 \u00a0 \u00a0 \u00a0 \u00a0 \u00a0 \u00a0 \u00a0 \u00a0 \u00a0 \u00a0 \u00a0 \u00a0 \u00a0 \u00a0 \u00a0 \u00a0 \u00a0 \u00a0 \u00a0 \u00a0 \u00a0 \u00a0 \u00a0 \u00a0 \u00a0 \u00a0 \u00a0 \u00a0 \u00a0 \u00a0 \u00a0 \u00a0 \u00a0 \u00a0 \u00a0 \u00a0 \u00a0 \u00a0 \u00a0 \u00a0 \u00a0 \u00a0 \u00a0<\/p>\n<p><span class=\\\"left_box_desc\\\"><strong>Part list:<\/strong><\/span><\/p>\n<table style=\\\"height: 479px;\\\" border=\\\"0\\\" width=\\\"486\\\">\n<tbody>\n<tr>\n<td><strong><span style=\\\"color: #ff0000;\\\">No.\u00a0\u00a0\u00a0 Part description<\/span><\/strong><\/td>\n<td><strong><span style=\\\"color: #ff0000;\\\">Quantity<\/span><\/strong><br \/><strong><span style=\\\"color: #ff0000;\\\">per set<\/span><\/strong><\/td>\n<\/tr>\n<tr>\n<td>1\u00a0 \u00a0 Cam (LH) \u00a0<\/td>\n<td>1<\/td>\n<\/tr>\n<tr>\n<td>2\u00a0 \u00a0 Cam (RH)<\/td>\n<td>1<\/td>\n<\/tr>\n<tr>\n<td>3\u00a0 \u00a0 Keeper (LH)<\/td>\n<td>1<\/td>\n<\/tr>\n<tr>\n<td>4\u00a0 \u00a0 Keeper\u00a0 (RH)<\/td>\n<td>1<\/td>\n<\/tr>\n<tr>\n<td>5\u00a0\u00a0\u00a0 Handle<\/td>\n<td>1<\/td>\n<\/tr>\n<tr>\n<td>6\u00a0\u00a0\u00a0 Handle hub<\/td>\n<td>1<\/td>\n<\/tr>\n<tr>\n<td>7\u00a0 \u00a0 Retainer catch<\/td>\n<td>1<\/td>\n<\/tr>\n<tr>\n<td>8\u00a0 \u00a0 Retainer plate<\/td>\n<td>1<\/td>\n<\/tr>\n<tr>\n<td>9\u00a0\u00a0\u00a0 Bush<\/td>\n<td>1<\/td>\n<\/tr>\n<tr>\n<td>10\u00a0 \u00a0Bearing bracket outer large<\/td>\n<td>2<\/td>\n<\/tr>\n<tr>\n<td>11\u00a0 \u00a0 Bearing bracket outer small<\/td>\n<td>1<\/td>\n<\/tr>\n<tr>\n<td>12\u00a0\u00a0\u00a0 Split large bush<\/td>\n<td>2<\/td>\n<\/tr>\n<tr>\n<td>13\u00a0 \u00a0 Split smll bush<\/td>\n<td>1<\/td>\n<\/tr>\n<tr>\n<td>14\u00a0\u00a0\u00a0 Rivet<\/td>\n<td>1<\/td>\n<\/tr>\n<tr>\n<td>15\u00a0\u00a0\u00a0 Anti-racking ring<\/td>\n<td>4<\/td>\n<\/tr>\n<tr>\n<td>16\u00a0\u00a0\u00a0 Locking rod<\/td>\n<td>1<\/td>\n<\/tr>\n<\/tbody>\n<\/table>\n<p>\u00a0<\/p>    <\/div>\n<\/div>\n<!-- \/module text --><!-- module icon -->\n<div  class=\"module module-icon tb_30lk903  large none icon_horizontal \" data-lazy=\"1\">\n\t\t\t<div class=\"module-icon-item\">\n\t\t\t\t\t\t\t<a href=\"https:\/\/mobilbox.hu\/en\/wp-content\/uploads\/2020\/04\/DOOR-GEAR-LOCKING-DEVICE-1.pdf\">\n\t\t\t\t\t\t\t\t\t\t\t\t\t\t\t\t\t<em class=\"tf_boxred\"\n\t\t\t\t\t\t\t\t\t\t\t\t\t\t\t\t\t><svg  class=\"tf_fa tf-far-file-pdf-o\" xmlns:xlink=\"http:\/\/www.w3.org\/1999\/xlink\" aria-hidden=\"true\"><use href=\"#tf-far-file-pdf-o\" xlink:href=\"#tf-far-file-pdf-o\"><\/use><\/svg><\/em>\n\t\t\t\t\t\t\t\t\t\t\t\t\t\t\t\t\t\t\t<span>Door gear locking device - downloadable document<\/span>\n\t\t\t\t\t\t\t\t\t\t\t\t\t\t\t\t\t<\/a>\n\t\t\t\t\t<\/div>\n\t<\/div>\n<!-- \/module icon -->\n        <\/div>\n                    <div  data-lazy=\"1\" class=\"module_column tb-column col4-2 tb_7931d89 last\">\n                    <div  class=\"module themify_builder_slider_wrap tf_clearfix module-slider tb_ba96b37  slider-default  \" data-lazy=\"1\">\n        <div class=\"themify_builder_slider tf_carousel tf_swiper-container tf_rel tf_overflow\" data-lazy=\"1\"        data-visible=\"1\"\n        data-tab-visible=\"\"\n        data-mob-visible=\"0\"\n        data-scroll=\"1\"\n                        data-speed=\"normal\"\n        data-wrapvar=\"1\"\n        data-slider_nav=\"1\"\n        data-pager=\"1\"\n        data-effect=\"scroll\" \n        data-height=\"variable\"\n        data-css_url=\"https:\/\/mobilbox.hu\/en\/wp-content\/themes\/themify-ultra\/themify\/themify-builder\/css\/modules\/sliders\/carousel,https:\/\/mobilbox.hu\/en\/wp-content\/themes\/themify-ultra\/themify\/themify-builder\/css\/modules\/sliders\/slider\"\n                    >\n        <div class=\"tf_swiper-wrapper tf_lazy tf_rel tf_w tf_h tf_textc\">\n                         <div class=\"tf_swiper-slide\">            <div class=\"slide-inner-wrap\">\n                                    <div class=\"tf_rel tf_lazy slide-image\">\n                                                                            <img decoding=\"async\" width=\"282\" height=\"498\" src=\"https:\/\/mobilbox.hu\/en\/wp-content\/uploads\/2020\/02\/R\u00fadz\u00e1r-alkatr\u00e9zek....png\" class=\"wp-post-image wp-image-6864\" title=\"R\u00fadz\u00e1r alkatr\u00e9zek...\" alt=\"R\u00fadz\u00e1r alkatr\u00e9zek...\" srcset=\"https:\/\/mobilbox.hu\/en\/wp-content\/uploads\/2020\/02\/R\u00fadz\u00e1r-alkatr\u00e9zek....png 282w, https:\/\/mobilbox.hu\/en\/wp-content\/uploads\/2020\/02\/R\u00fadz\u00e1r-alkatr\u00e9zek...-170x300.png 170w\" sizes=\"(max-width: 282px) 100vw, 282px\" \/>                                            <\/div>\n                \n                            <\/div>\n        <\/div>                     <div class=\"tf_swiper-slide\" style=\"content-visibility:hidden\">            <div class=\"slide-inner-wrap\">\n                                    <div class=\"tf_rel tf_lazy slide-image\">\n                                                                            <img decoding=\"async\" width=\"272\" height=\"362\" src=\"https:\/\/mobilbox.hu\/en\/wp-content\/uploads\/2018\/06\/rygle-kontenera-iso-1.jpg\" class=\"wp-post-image wp-image-1652\" title=\"rygle-kontenera-iso\" alt=\"rygle-kontenera-iso\" srcset=\"https:\/\/mobilbox.hu\/en\/wp-content\/uploads\/2018\/06\/rygle-kontenera-iso-1.jpg 272w, https:\/\/mobilbox.hu\/en\/wp-content\/uploads\/2018\/06\/rygle-kontenera-iso-1-225x300.jpg 225w, https:\/\/mobilbox.hu\/en\/wp-content\/uploads\/2018\/06\/rygle-kontenera-iso-1-150x200.jpg 150w\" sizes=\"(max-width: 272px) 100vw, 272px\" \/>                                            <\/div>\n                \n                            <\/div>\n        <\/div>                     <div class=\"tf_swiper-slide\" style=\"content-visibility:hidden\">            <div class=\"slide-inner-wrap\">\n                                    <div class=\"tf_rel tf_lazy slide-image\">\n                                                                            <img decoding=\"async\" width=\"400\" height=\"250\" src=\"https:\/\/mobilbox.hu\/en\/wp-content\/uploads\/2020\/04\/rudzar-3.jpg\" class=\"wp-post-image wp-image-6948\" title=\"rudzar-3\" alt=\"rudzar-3\" srcset=\"https:\/\/mobilbox.hu\/en\/wp-content\/uploads\/2020\/04\/rudzar-3.jpg 400w, https:\/\/mobilbox.hu\/en\/wp-content\/uploads\/2020\/04\/rudzar-3-300x188.jpg 300w\" sizes=\"(max-width: 400px) 100vw, 400px\" \/>                                            <\/div>\n                \n                            <\/div>\n        <\/div>                     <div class=\"tf_swiper-slide\" style=\"content-visibility:hidden\">            <div class=\"slide-inner-wrap\">\n                                    <div class=\"tf_rel tf_lazy slide-image\">\n                                                                            <img decoding=\"async\" width=\"400\" height=\"250\" src=\"https:\/\/mobilbox.hu\/en\/wp-content\/uploads\/2020\/04\/rudzar-2.jpg\" class=\"wp-post-image wp-image-6947\" title=\"rudzar-2\" alt=\"rudzar-2\" srcset=\"https:\/\/mobilbox.hu\/en\/wp-content\/uploads\/2020\/04\/rudzar-2.jpg 400w, https:\/\/mobilbox.hu\/en\/wp-content\/uploads\/2020\/04\/rudzar-2-300x188.jpg 300w\" sizes=\"(max-width: 400px) 100vw, 400px\" \/>                                            <\/div>\n                \n                            <\/div>\n        <\/div>                     <div class=\"tf_swiper-slide\" style=\"content-visibility:hidden\">            <div class=\"slide-inner-wrap\">\n                                    <div class=\"tf_rel tf_lazy slide-image\">\n                                                                            <img decoding=\"async\" width=\"367\" height=\"500\" src=\"https:\/\/mobilbox.hu\/en\/wp-content\/uploads\/2020\/04\/rudzar-1.jpg\" class=\"wp-post-image wp-image-6950\" title=\"rudzar-1\" alt=\"rudzar-1\" srcset=\"https:\/\/mobilbox.hu\/en\/wp-content\/uploads\/2020\/04\/rudzar-1.jpg 367w, https:\/\/mobilbox.hu\/en\/wp-content\/uploads\/2020\/04\/rudzar-1-220x300.jpg 220w\" sizes=\"(max-width: 367px) 100vw, 367px\" \/>                                            <\/div>\n                \n                            <\/div>\n        <\/div>            <\/div>\n    <\/div>\n<\/div>\n        <\/div>\n                        <\/div>\n        <\/div>\n        <\/div>\n<!--\/themify_builder_content-->","protected":false},"excerpt":{"rendered":"<p>Description: Door locks used in standard ISO shipping containers.Available in versions with or without bar (only assemblies) \u00a0 \u00a0 \u00a0 \u00a0 \u00a0 \u00a0 \u00a0 \u00a0 \u00a0 \u00a0 \u00a0 \u00a0 \u00a0 \u00a0 \u00a0 \u00a0 \u00a0 \u00a0 \u00a0 \u00a0 \u00a0 \u00a0 \u00a0 \u00a0 \u00a0 \u00a0 \u00a0 \u00a0 \u00a0 \u00a0 \u00a0 \u00a0 \u00a0 \u00a0 \u00a0 \u00a0 \u00a0 \u00a0 [&hellip;]<\/p>\n","protected":false},"author":3,"featured_media":0,"parent":22,"menu_order":0,"comment_status":"closed","ping_status":"closed","template":"","meta":{"_seopress_robots_primary_cat":"","_seopress_titles_title":"","_seopress_titles_desc":"","_seopress_robots_index":"","footnotes":""},"class_list":["post-1650","page","type-page","status-publish","hentry","has-post-title","has-post-date","has-post-category","has-post-tag","has-post-comment","has-post-author",""],"_links":{"self":[{"href":"https:\/\/mobilbox.hu\/en\/wp-json\/wp\/v2\/pages\/1650","targetHints":{"allow":["GET"]}}],"collection":[{"href":"https:\/\/mobilbox.hu\/en\/wp-json\/wp\/v2\/pages"}],"about":[{"href":"https:\/\/mobilbox.hu\/en\/wp-json\/wp\/v2\/types\/page"}],"author":[{"embeddable":true,"href":"https:\/\/mobilbox.hu\/en\/wp-json\/wp\/v2\/users\/3"}],"replies":[{"embeddable":true,"href":"https:\/\/mobilbox.hu\/en\/wp-json\/wp\/v2\/comments?post=1650"}],"version-history":[{"count":13,"href":"https:\/\/mobilbox.hu\/en\/wp-json\/wp\/v2\/pages\/1650\/revisions"}],"predecessor-version":[{"id":7623,"href":"https:\/\/mobilbox.hu\/en\/wp-json\/wp\/v2\/pages\/1650\/revisions\/7623"}],"up":[{"embeddable":true,"href":"https:\/\/mobilbox.hu\/en\/wp-json\/wp\/v2\/pages\/22"}],"wp:attachment":[{"href":"https:\/\/mobilbox.hu\/en\/wp-json\/wp\/v2\/media?parent=1650"}],"curies":[{"name":"wp","href":"https:\/\/api.w.org\/{rel}","templated":true}]}}