{"id":6955,"date":"2020-04-07T13:11:24","date_gmt":"2020-04-07T13:11:24","guid":{"rendered":"https:\/\/mobilbox.hu\/en\/?page_id=6955"},"modified":"2023-11-21T14:32:04","modified_gmt":"2023-11-21T14:32:04","slug":"container-plywood","status":"publish","type":"page","link":"https:\/\/mobilbox.hu\/en\/container-parts\/storage-container-parts\/container-plywood\/","title":{"rendered":"Container plywood flooring"},"content":{"rendered":"<!--themify_builder_content-->\n<div id=\"themify_builder_content-6955\" data-postid=\"6955\" class=\"themify_builder_content themify_builder_content-6955 themify_builder tf_clear\">\n                    <div  data-lazy=\"1\" class=\"module_row themify_builder_row tb_y3rn971 tb_first tf_w\">\n                        <div class=\"row_inner col_align_top tb_col_count_1 tf_box tf_rel\">\n                        <div  data-lazy=\"1\" class=\"module_column tb-column col-full tb_n0gu972 first\">\n                            <div  data-lazy=\"1\" class=\"module_subrow themify_builder_sub_row tf_w col_align_top tb_col_count_2 tb_maai751\">\n                <div  data-lazy=\"1\" class=\"module_column sub_column col2-1 tb_w6zs752 first\">\n                    <!-- module text -->\n<div  class=\"module module-text tb_9wwc380   \" data-lazy=\"1\">\n        <div  class=\"tb_text_wrap\">\n        <p>GB.\/T 19536-2004 certified, ISO standard, laminated (19 layers), poplar plywood flooring for storage\u00a0 and shipping containers.\u00a0 .\u00a0 (Materal requirement for 20 feet container: 5 boards.)<\/p>\n<div class=\"supsystic-table-loader spinner\"style=\"background-color:#000000\"><\/div><div id=\"supsystic-table-22_82803\" class=\"supsystic-tables-wrap \" style=\" width:100%; visibility: hidden; \" data-table-width-fixed=\"100%\" data-table-width-mobile=\"100%\" ><table id=\"supsystic-table-22\" class=\"supsystic-table border lightboxImg cell-border\" data-id=\"22\" data-view-id=\"22_82803\" data-title=\"R\u00e9tegelt padl\u00f3lap jellemz\u0151k\" data-currency-format=\"$1,000.00\" data-percent-format=\"10.00%\" data-date-format=\"DD.MM.YYYY\" data-time-format=\"HH:mm\" data-features=\"[&quot;after_table_loaded_script&quot;]\" data-search-value=\"\" data-lightbox-img=\"\" data-head-rows-count=\"1\" data-pagination-length=\"50,100,All\" data-auto-index=\"off\" data-searching-settings=\"{&quot;columnSearchPosition&quot;:&quot;bottom&quot;,&quot;minChars&quot;:&quot;0&quot;}\" data-lang=\"default\" data-override=\"{&quot;emptyTable&quot;:&quot;&quot;,&quot;info&quot;:&quot;&quot;,&quot;infoEmpty&quot;:&quot;&quot;,&quot;infoFiltered&quot;:&quot;&quot;,&quot;lengthMenu&quot;:&quot;&quot;,&quot;search&quot;:&quot;&quot;,&quot;zeroRecords&quot;:&quot;&quot;,&quot;exportLabel&quot;:&quot;&quot;,&quot;file&quot;:&quot;default&quot;}\" data-merged=\"[]\" data-responsive-mode=\"0\" data-from-history=\"0\" ><thead><tr><th class=\"\" style=\"width:; padding: 0 !important;\"><\/th><th class=\"\" style=\"width:; padding: 0 !important;\"><\/th><\/tr><\/thead><tbody><tr style=\"height:px\" ><td data-cell-id=\"A1\" data-x=\"0\" data-y=\"1\" data-db-index=\"1\" class=\"\" data-cell-type=\"text\" data-original-value=\"Materials\" data-order=\"Materials\" style=\"min-width:24.5098%; \" >Materials <\/td><td data-cell-id=\"B1\" data-x=\"1\" data-y=\"1\" data-db-index=\"1\" class=\"\" data-cell-type=\"text\" data-original-value=\"Poplar\" data-order=\"Poplar\" style=\"min-width:75.4902%; \" >Poplar <\/td><\/tr><tr style=\"height:px\" ><td data-cell-id=\"A2\" data-x=\"0\" data-y=\"2\" data-db-index=\"2\" class=\"\" data-cell-type=\"text\" data-original-value=\"Dimensions\" data-order=\"Dimensions\" >Dimensions <\/td><td data-cell-id=\"B2\" data-x=\"1\" data-y=\"2\" data-db-index=\"2\" class=\"\" data-cell-type=\"text\" data-original-value=\"28 x 1160 x 2400mm, 19 plyer\" data-order=\"28 x 1160 x 2400mm, 19 plyer\" >28 x 1160 x 2400mm, 19 plyer <\/td><\/tr><tr style=\"height:px\" ><td data-cell-id=\"A3\" data-x=\"0\" data-y=\"3\" data-db-index=\"3\" class=\"\" data-cell-type=\"text\" data-original-value=\"Package\" data-order=\"Package\" >Package <\/td><td data-cell-id=\"B3\" data-x=\"1\" data-y=\"3\" data-db-index=\"3\" class=\"\" data-cell-type=\"text\" data-original-value=\"30 pcs per pallet, 8 pallets per 20ft container\" data-order=\"30 pcs per pallet, 8 pallets per 20ft container\" >30 pcs per pallet, 8 pallets per 20ft container <\/td><\/tr><\/tbody><\/table><!-- \/#supsystic-table-22.supsystic-table --><\/div><!-- \/.supsystic-tables-wrap --><!-- Tables Generator by Supsystic --><!-- Version:1.11.0 --><!-- http:\/\/supsystic.com\/ --><a title=\"WordPress Data Table\" style=\"display:none;\" href=\"https:\/\/supsystic.com\/plugins\/wordpress-data-table-plugin\/?utm_medium=love_link\" target=\"_blank\">WordPress Data Table<\/a>    <\/div>\n<\/div>\n<!-- \/module text --><!-- module icon -->\n<div  class=\"module module-icon tb_0ibh221  large none icon_horizontal \" data-lazy=\"1\">\n\t\t\t<div class=\"module-icon-item\">\n\t\t\t\t\t\t\t<a href=\"https:\/\/mobilbox.hu\/en\/wp-content\/uploads\/2020\/04\/Container-Plywood-Flooring...new_.pdf\">\n\t\t\t\t\t\t\t\t\t\t\t\t\t\t\t\t\t<em class=\"tf_boxred\"\n\t\t\t\t\t\t\t\t\t\t\t\t\t\t\t\t\t><svg  class=\"tf_fa tf-far-file-pdf-o\" xmlns:xlink=\"http:\/\/www.w3.org\/1999\/xlink\" aria-hidden=\"true\"><use href=\"#tf-far-file-pdf-o\" xlink:href=\"#tf-far-file-pdf-o\"><\/use><\/svg><\/em>\n\t\t\t\t\t\t\t\t\t\t\t\t\t\t\t\t\t\t\t<span>Container plywood flooring - downloadable document<\/span>\n\t\t\t\t\t\t\t\t\t\t\t\t\t\t\t\t\t<\/a>\n\t\t\t\t\t<\/div>\n\t<\/div>\n<!-- \/module icon -->\n        <\/div>\n                    <div  data-lazy=\"1\" class=\"module_column sub_column col2-1 tb_fnna752 last\">\n                    <div  class=\"module themify_builder_slider_wrap tf_clearfix module-slider tb_wloh406  slider-default  \" data-lazy=\"1\">\n        <div class=\"themify_builder_slider tf_carousel tf_swiper-container tf_rel tf_overflow\" data-lazy=\"1\"        data-visible=\"1\"\n        data-tab-visible=\"\"\n        data-mob-visible=\"0\"\n        data-scroll=\"1\"\n                        data-speed=\"normal\"\n        data-wrapvar=\"1\"\n        data-slider_nav=\"1\"\n        data-pager=\"1\"\n        data-effect=\"scroll\" \n        data-height=\"variable\"\n        data-css_url=\"https:\/\/mobilbox.hu\/en\/wp-content\/themes\/themify-ultra\/themify\/themify-builder\/css\/modules\/sliders\/carousel,https:\/\/mobilbox.hu\/en\/wp-content\/themes\/themify-ultra\/themify\/themify-builder\/css\/modules\/sliders\/slider\"\n                    >\n        <div class=\"tf_swiper-wrapper tf_lazy tf_rel tf_w tf_h tf_textc\">\n                         <div class=\"tf_swiper-slide\">            <div class=\"slide-inner-wrap\">\n                                    <div class=\"tf_rel tf_lazy slide-image\">\n                                                                            <img decoding=\"async\" src=\"https:\/\/mobilbox.hu\/en\/wp-content\/uploads\/2020\/04\/kontener-retegelt-padlolap5.jpg\" width=\"270\" height=\"150\" title=\"Container plywood flooring\" alt=\"Container plywood flooring\">                                            <\/div>\n                \n                            <\/div>\n        <\/div>                     <div class=\"tf_swiper-slide\" style=\"content-visibility:hidden\">            <div class=\"slide-inner-wrap\">\n                                    <div class=\"tf_rel tf_lazy slide-image\">\n                                                                            <img decoding=\"async\" src=\"https:\/\/mobilbox.hu\/en\/wp-content\/uploads\/2020\/04\/kontener-retegelt.padlolap1-270x150.jpg\" width=\"270\" height=\"150\" title=\"Container plywood flooring\" alt=\"Container plywood flooring\">                                            <\/div>\n                \n                            <\/div>\n        <\/div>                     <div class=\"tf_swiper-slide\" style=\"content-visibility:hidden\">            <div class=\"slide-inner-wrap\">\n                                    <div class=\"tf_rel tf_lazy slide-image\">\n                                                                            <img decoding=\"async\" src=\"https:\/\/mobilbox.hu\/en\/wp-content\/uploads\/2020\/04\/kontener-retegelt-padlolap3-270x150.jpg\" width=\"270\" height=\"150\" title=\"Container plywood flooring\" alt=\"Container plywood flooring\">                                            <\/div>\n                \n                            <\/div>\n        <\/div>            <\/div>\n    <\/div>\n<\/div>\n        <\/div>\n                    <\/div>\n                <\/div>\n                        <\/div>\n        <\/div>\n        <\/div>\n<!--\/themify_builder_content-->","protected":false},"excerpt":{"rendered":"<p>GB.\/T 19536-2004 certified, ISO standard, laminated (19 layers), poplar plywood flooring for storage\u00a0 and shipping containers.\u00a0 .\u00a0 (Materal requirement for 20 feet container: 5 boards.) Container plywood flooring &#8211; downloadable document<\/p>\n","protected":false},"author":7,"featured_media":0,"parent":6836,"menu_order":0,"comment_status":"closed","ping_status":"closed","template":"","meta":{"_seopress_robots_primary_cat":"","_seopress_titles_title":"","_seopress_titles_desc":"","_seopress_robots_index":"","footnotes":""},"class_list":["post-6955","page","type-page","status-publish","hentry","has-post-title","has-post-date","has-post-category","has-post-tag","has-post-comment","has-post-author",""],"_links":{"self":[{"href":"https:\/\/mobilbox.hu\/en\/wp-json\/wp\/v2\/pages\/6955","targetHints":{"allow":["GET"]}}],"collection":[{"href":"https:\/\/mobilbox.hu\/en\/wp-json\/wp\/v2\/pages"}],"about":[{"href":"https:\/\/mobilbox.hu\/en\/wp-json\/wp\/v2\/types\/page"}],"author":[{"embeddable":true,"href":"https:\/\/mobilbox.hu\/en\/wp-json\/wp\/v2\/users\/7"}],"replies":[{"embeddable":true,"href":"https:\/\/mobilbox.hu\/en\/wp-json\/wp\/v2\/comments?post=6955"}],"version-history":[{"count":13,"href":"https:\/\/mobilbox.hu\/en\/wp-json\/wp\/v2\/pages\/6955\/revisions"}],"predecessor-version":[{"id":7648,"href":"https:\/\/mobilbox.hu\/en\/wp-json\/wp\/v2\/pages\/6955\/revisions\/7648"}],"up":[{"embeddable":true,"href":"https:\/\/mobilbox.hu\/en\/wp-json\/wp\/v2\/pages\/6836"}],"wp:attachment":[{"href":"https:\/\/mobilbox.hu\/en\/wp-json\/wp\/v2\/media?parent=6955"}],"curies":[{"name":"wp","href":"https:\/\/api.w.org\/{rel}","templated":true}]}}