{"id":7017,"date":"2020-04-09T07:06:52","date_gmt":"2020-04-09T07:06:52","guid":{"rendered":"https:\/\/mobilbox.hu\/en\/?page_id=7017"},"modified":"2023-11-21T14:32:12","modified_gmt":"2023-11-21T14:32:12","slug":"fixing-screws","status":"publish","type":"page","link":"https:\/\/mobilbox.hu\/en\/container-parts\/storage-container-parts\/fixing-screws\/","title":{"rendered":"Fixing screws"},"content":{"rendered":"<!--themify_builder_content-->\n<div id=\"themify_builder_content-7017\" data-postid=\"7017\" class=\"themify_builder_content themify_builder_content-7017 themify_builder tf_clear\">\n                    <div  data-lazy=\"1\" class=\"module_row themify_builder_row tb_s96m233 tb_first tf_w\">\n                        <div class=\"row_inner col_align_top tb_col_count_1 tf_box tf_rel\">\n                        <div  data-lazy=\"1\" class=\"module_column tb-column col-full tb_1o74234 first\">\n                            <div  data-lazy=\"1\" class=\"module_subrow themify_builder_sub_row tf_w col_align_top tb_col_count_2 tb_uftv185\">\n                <div  data-lazy=\"1\" class=\"module_column sub_column col2-1 tb_emjz186 first\">\n                    <!-- module text -->\n<div  class=\"module module-text tb_331p992   \" data-lazy=\"1\">\n        <div  class=\"tb_text_wrap\">\n        <p>Hot dip galvanized fixing screws for securing containers together in case of freighting, storage or container buildings.\u00a0 \u00a0(DNV-GL certificate). Horizontal and vertical fixing possibility.<\/p>    <\/div>\n<\/div>\n<!-- \/module text --><!-- module icon -->\n<div  class=\"module module-icon tb_3wtq664  large none icon_horizontal \" data-lazy=\"1\">\n\t\t\t<div class=\"module-icon-item\">\n\t\t\t\t\t\t\t<a href=\"https:\/\/mobilbox.hu\/en\/wp-content\/uploads\/2020\/04\/Container-bridge-fitting.pdf\">\n\t\t\t\t\t\t\t\t\t\t\t\t\t\t\t\t\t<em class=\"tf_boxred\"\n\t\t\t\t\t\t\t\t\t\t\t\t\t\t\t\t\t><svg  class=\"tf_fa tf-far-file-pdf-o\" xmlns:xlink=\"http:\/\/www.w3.org\/1999\/xlink\" aria-hidden=\"true\"><use href=\"#tf-far-file-pdf-o\" xlink:href=\"#tf-far-file-pdf-o\"><\/use><\/svg><\/em>\n\t\t\t\t\t\t\t\t\t\t\t\t\t\t\t\t\t\t\t<span>Container bridge fitting - downloadable document<\/span>\n\t\t\t\t\t\t\t\t\t\t\t\t\t\t\t\t\t<\/a>\n\t\t\t\t\t<\/div>\n\t<\/div>\n<!-- \/module icon -->\n<!-- module icon -->\n<div  class=\"module module-icon tb_3d23100  large none icon_horizontal \" data-lazy=\"1\">\n\t\t\t<div class=\"module-icon-item\">\n\t\t\t\t\t\t\t<a href=\"https:\/\/mobilbox.hu\/en\/wp-content\/uploads\/2020\/04\/Fixinig-screw.pdf\">\n\t\t\t\t\t\t\t\t\t\t\t\t\t\t\t\t\t<em class=\"tf_boxred\"\n\t\t\t\t\t\t\t\t\t\t\t\t\t\t\t\t\t><svg  class=\"tf_fa tf-far-file-pdf-o\" xmlns:xlink=\"http:\/\/www.w3.org\/1999\/xlink\" aria-hidden=\"true\"><use href=\"#tf-far-file-pdf-o\" xlink:href=\"#tf-far-file-pdf-o\"><\/use><\/svg><\/em>\n\t\t\t\t\t\t\t\t\t\t\t\t\t\t\t\t\t\t\t<span>Fixing screw - downloadable document<\/span>\n\t\t\t\t\t\t\t\t\t\t\t\t\t\t\t\t\t<\/a>\n\t\t\t\t\t<\/div>\n\t<\/div>\n<!-- \/module icon -->\n        <\/div>\n                    <div  data-lazy=\"1\" class=\"module_column sub_column col2-1 tb_rx52186 last\">\n                    <div  class=\"module themify_builder_slider_wrap tf_clearfix module-slider tb_xgq4598  slider-default  \" data-lazy=\"1\">\n        <div class=\"themify_builder_slider tf_carousel tf_swiper-container tf_rel tf_overflow\" data-lazy=\"1\"        data-visible=\"1\"\n        data-tab-visible=\"\"\n        data-mob-visible=\"0\"\n        data-scroll=\"1\"\n                        data-speed=\"normal\"\n        data-wrapvar=\"1\"\n        data-slider_nav=\"1\"\n        data-pager=\"1\"\n        data-effect=\"scroll\" \n        data-height=\"variable\"\n        data-css_url=\"https:\/\/mobilbox.hu\/en\/wp-content\/themes\/themify-ultra\/themify\/themify-builder\/css\/modules\/sliders\/carousel,https:\/\/mobilbox.hu\/en\/wp-content\/themes\/themify-ultra\/themify\/themify-builder\/css\/modules\/sliders\/slider\"\n                    >\n        <div class=\"tf_swiper-wrapper tf_lazy tf_rel tf_w tf_h tf_textc\">\n                         <div class=\"tf_swiper-slide\">            <div class=\"slide-inner-wrap\">\n                                    <div class=\"tf_rel tf_lazy slide-image\">\n                                                                            <img decoding=\"async\" src=\"https:\/\/mobilbox.hu\/en\/wp-content\/uploads\/2020\/04\/also-osszehuzo-csavar-10-520x300.jpg\" width=\"520\" height=\"300\" class=\"wp-post-image wp-image-7074\" title=\"also-osszehuzo-csavar-10\" alt=\"also-osszehuzo-csavar-10\">                                            <\/div>\n                \n                            <\/div>\n        <\/div>                     <div class=\"tf_swiper-slide\" style=\"content-visibility:hidden\">            <div class=\"slide-inner-wrap\">\n                                    <div class=\"tf_rel tf_lazy slide-image\">\n                                                                            <img decoding=\"async\" src=\"https:\/\/mobilbox.hu\/en\/wp-content\/uploads\/2020\/04\/als\u00f3-\u00f6sszeh\u00faz\u00f3-csavar-rajz-520x300.png\" width=\"520\" height=\"300\" title=\"Fixing screws\" alt=\"Fixing screws\">                                            <\/div>\n                \n                            <\/div>\n        <\/div>                     <div class=\"tf_swiper-slide\" style=\"content-visibility:hidden\">            <div class=\"slide-inner-wrap\">\n                                    <div class=\"tf_rel tf_lazy slide-image\">\n                                                                            <img decoding=\"async\" src=\"https:\/\/mobilbox.hu\/en\/wp-content\/uploads\/2020\/04\/osszehuzo-csavar-2-520x300.jpg\" width=\"520\" height=\"300\" class=\"wp-post-image wp-image-7076\" title=\"osszehuzo-csavar-2\" alt=\"osszehuzo-csavar-2\">                                            <\/div>\n                \n                            <\/div>\n        <\/div>                     <div class=\"tf_swiper-slide\" style=\"content-visibility:hidden\">            <div class=\"slide-inner-wrap\">\n                                    <div class=\"tf_rel tf_lazy slide-image\">\n                                                                            <img decoding=\"async\" src=\"https:\/\/mobilbox.hu\/en\/wp-content\/uploads\/2020\/04\/oldalir\u00e1nyu-osszehuzo-csavar-rajz-1-520x300.jpg\" width=\"520\" height=\"300\" class=\"wp-post-image wp-image-7075\" title=\"oldalir\u00e1nyu-osszehuzo-csavar-rajz-1\" alt=\"oldalir\u00e1nyu-osszehuzo-csavar-rajz-1\">                                            <\/div>\n                \n                            <\/div>\n        <\/div>            <\/div>\n    <\/div>\n<\/div>\n        <\/div>\n                    <\/div>\n                <\/div>\n                        <\/div>\n        <\/div>\n        <\/div>\n<!--\/themify_builder_content-->","protected":false},"excerpt":{"rendered":"<p>Hot dip galvanized fixing screws for securing containers together in case of freighting, storage or container buildings.\u00a0 \u00a0(DNV-GL certificate). Horizontal and vertical fixing possibility. Container bridge fitting &#8211; downloadable document Fixing screw &#8211; downloadable document<\/p>\n","protected":false},"author":7,"featured_media":0,"parent":6836,"menu_order":0,"comment_status":"closed","ping_status":"closed","template":"","meta":{"_seopress_robots_primary_cat":"","_seopress_titles_title":"","_seopress_titles_desc":"","_seopress_robots_index":"","footnotes":""},"class_list":["post-7017","page","type-page","status-publish","hentry","has-post-title","has-post-date","has-post-category","has-post-tag","has-post-comment","has-post-author",""],"_links":{"self":[{"href":"https:\/\/mobilbox.hu\/en\/wp-json\/wp\/v2\/pages\/7017","targetHints":{"allow":["GET"]}}],"collection":[{"href":"https:\/\/mobilbox.hu\/en\/wp-json\/wp\/v2\/pages"}],"about":[{"href":"https:\/\/mobilbox.hu\/en\/wp-json\/wp\/v2\/types\/page"}],"author":[{"embeddable":true,"href":"https:\/\/mobilbox.hu\/en\/wp-json\/wp\/v2\/users\/7"}],"replies":[{"embeddable":true,"href":"https:\/\/mobilbox.hu\/en\/wp-json\/wp\/v2\/comments?post=7017"}],"version-history":[{"count":10,"href":"https:\/\/mobilbox.hu\/en\/wp-json\/wp\/v2\/pages\/7017\/revisions"}],"predecessor-version":[{"id":7655,"href":"https:\/\/mobilbox.hu\/en\/wp-json\/wp\/v2\/pages\/7017\/revisions\/7655"}],"up":[{"embeddable":true,"href":"https:\/\/mobilbox.hu\/en\/wp-json\/wp\/v2\/pages\/6836"}],"wp:attachment":[{"href":"https:\/\/mobilbox.hu\/en\/wp-json\/wp\/v2\/media?parent=7017"}],"curies":[{"name":"wp","href":"https:\/\/api.w.org\/{rel}","templated":true}]}}