{"id":8036,"date":"2025-03-17T12:30:23","date_gmt":"2025-03-17T12:30:23","guid":{"rendered":"https:\/\/mobilbox.hu\/en\/?page_id=8036"},"modified":"2025-03-17T12:49:27","modified_gmt":"2025-03-17T12:49:27","slug":"mobilbox-self-storage-pecs","status":"publish","type":"page","link":"https:\/\/mobilbox.hu\/en\/mobilbox-self-storage-pecs\/","title":{"rendered":"Mobilbox Self-Storage P\u00e9cs"},"content":{"rendered":"<!--themify_builder_content-->\n<div id=\"themify_builder_content-8036\" data-postid=\"8036\" class=\"themify_builder_content themify_builder_content-8036 themify_builder tf_clear\">\n                    <div  data-lazy=\"1\" class=\"module_row themify_builder_row tb_7ejz381 tb_first tf_w\">\n                        <div class=\"row_inner col_align_top tb_col_count_2 tf_box tf_rel\">\n                        <div  data-lazy=\"1\" class=\"module_column tb-column col4-2 tb_bnak381 first\">\n                    <!-- module text -->\n<div  class=\"module module-text tb_hc4n381   \" data-lazy=\"1\">\n        <div  class=\"tb_text_wrap\">\n        <p>Mobilbox&#8217;s Self-Storage facility in P\u00e9cs offers a secure and flexible storage solution for both individuals and businesses.<\/p>    <\/div>\n<\/div>\n<!-- \/module text --><!-- module text -->\n<div  class=\"module module-text tb_sxzm381   \" data-lazy=\"1\">\n        <div  class=\"tb_text_wrap\">\n        <div class=\"su-list\" style=\"margin-left:0px\"><\/p><p>\u00a0<\/p><ul><li><i class=\"sui sui-check-square-o\" style=\"color:#ed1c24\"><\/i> Affordable monthly fee<\/li><li><i class=\"sui sui-check-square-o\" style=\"color:#ed1c24\"><\/i> Secure storage<\/li><li><i class=\"sui sui-check-square-o\" style=\"color:#ed1c24\"><\/i> Storage containers in 5, 7, 14, and 28 square meters<\/li><li><i class=\"sui sui-check-square-o\" style=\"color:#ed1c24\"><\/i> Park your car directly next to your storage container for easy loading and unloading.<\/li><li data-start=\"186\" data-end=\"272\">Flexible rental agreement: No long-term commitment \u2013 minimum rental period is 1 month.<\/li><\/ul><p>\u00a0<\/p><p><\/div>    <\/div>\n<\/div>\n<!-- \/module text --><!-- module text -->\n<div  class=\"module module-text tb_wooy381   \" data-lazy=\"1\">\n        <div  class=\"tb_text_wrap\">\n        <p><strong>More information:\u00a0<\/strong><\/p><p>Tel: <span style=\"color: #ff0000;\"><a style=\"color: #ff0000;\" href=\"tel:+36302238741\">+36-30-223-8741<\/a><\/span><\/p><p>E-mail: <span style=\"color: #ff0000;\"><a style=\"color: #ff0000;\" href=\"mailto:info@mobilbox.hu\">tothm@mobilbox.hu<\/a><\/span><\/p><p><a href=\"https:\/\/maps.app.goo.gl\/GSfq47ucjedEsHA47\"><span style=\"color: #ff0000;\">7623 P\u00e9cs, Megyeri \u00fat 61. (Stavmat udvar)<\/span><\/a><\/p>    <\/div>\n<\/div>\n<!-- \/module text -->        <\/div>\n                    <div  data-lazy=\"1\" class=\"module_column tb-column col4-2 tb_fbfs381 last\">\n                    <div  class=\"module themify_builder_slider_wrap tf_clearfix module-slider tb_cjwk381  slider-default  \" data-lazy=\"1\">\n        <div class=\"themify_builder_slider tf_carousel tf_swiper-container tf_rel tf_overflow\" data-lazy=\"1\"        data-visible=\"1\"\n        data-tab-visible=\"1\"\n        data-mob-visible=\"1\"\n        data-scroll=\"1\"\n                        data-speed=\"1\"\n        data-wrapvar=\"1\"\n        data-slider_nav=\"1\"\n        data-pager=\"1\"\n        data-effect=\"scroll\" \n        data-height=\"variable\"\n        data-css_url=\"https:\/\/mobilbox.hu\/en\/wp-content\/themes\/themify-ultra\/themify\/themify-builder\/css\/modules\/sliders\/carousel,https:\/\/mobilbox.hu\/en\/wp-content\/themes\/themify-ultra\/themify\/themify-builder\/css\/modules\/sliders\/slider\"\n                    >\n        <div class=\"tf_swiper-wrapper tf_lazy tf_rel tf_w tf_h tf_textc\">\n                         <div class=\"tf_swiper-slide\">            <div class=\"slide-inner-wrap\">\n                                    <div class=\"tf_rel tf_lazy slide-image\">\n                                                                            <img decoding=\"async\" src=\"https:\/\/mobilbox.hu\/wp-content\/uploads\/2024\/02\/onkiszolgalo-raktar-mobilbox.png\" width=\"800\" height=\"400\" title=\"Mobilbox Self-Storage P\u00e9cs\" alt=\"Mobilbox Self-Storage P\u00e9cs\">                                            <\/div>\n                \n                            <\/div>\n        <\/div>                     <div class=\"tf_swiper-slide\" style=\"content-visibility:hidden\">            <div class=\"slide-inner-wrap\">\n                                    <div class=\"tf_rel tf_lazy slide-image\">\n                                                                            <img decoding=\"async\" src=\"https:\/\/mobilbox.hu\/wp-content\/uploads\/2024\/02\/mobilbox-self-storage-pecs.jpg\" width=\"800\" height=\"400\" title=\"Mobilbox Self-Storage P\u00e9cs\" alt=\"Mobilbox Self-Storage P\u00e9cs\">                                            <\/div>\n                \n                            <\/div>\n        <\/div>            <\/div>\n    <\/div>\n<\/div>\n<!-- module text -->\n<div  class=\"module module-text tb_z7mq381   \" data-lazy=\"1\">\n        <div  class=\"tb_text_wrap\">\n        <div class=\"supsystic-table-loader spinner\"style=\"background-color:#000000\"><\/div><div id=\"supsystic-table-27_27702\" class=\"supsystic-tables-wrap \" style=\" width:100%; visibility: hidden; \" data-table-width-fixed=\"100%\" data-table-width-mobile=\"100%\" ><table id=\"supsystic-table-27\" class=\"supsystic-table border stripe lightboxImg cell-border\" data-id=\"27\" data-view-id=\"27_27702\" data-title=\"Monthly rental fee\" data-currency-format=\"$1,000.00\" data-percent-format=\"10.00%\" data-date-format=\"DD.MM.YYYY\" data-time-format=\"HH:mm\" data-features=\"[&quot;after_table_loaded_script&quot;]\" data-search-value=\"\" data-lightbox-img=\"\" data-head-rows-count=\"1\" data-pagination-length=\"50,100,All\" data-auto-index=\"off\" data-searching-settings=\"{&quot;columnSearchPosition&quot;:&quot;bottom&quot;,&quot;minChars&quot;:&quot;0&quot;}\" data-lang=\"default\" data-override=\"{&quot;emptyTable&quot;:&quot;&quot;,&quot;info&quot;:&quot;&quot;,&quot;infoEmpty&quot;:&quot;&quot;,&quot;infoFiltered&quot;:&quot;&quot;,&quot;lengthMenu&quot;:&quot;&quot;,&quot;search&quot;:&quot;&quot;,&quot;previous&quot;:&quot;&quot;,&quot;next&quot;:&quot;&quot;,&quot;zeroRecords&quot;:&quot;&quot;,&quot;exportLabel&quot;:&quot;&quot;,&quot;file&quot;:&quot;default&quot;}\" data-merged=\"[{&quot;row&quot;:0,&quot;col&quot;:0,&quot;rowspan&quot;:1,&quot;colspan&quot;:4,&quot;removed&quot;:false}]\" data-responsive-mode=\"0\" data-from-history=\"0\" ><thead><tr><th class=\"\" style=\"width:auto; padding: 0 !important;\"><\/th><th class=\"\" style=\"width:auto; padding: 0 !important;\"><\/th><th class=\"\" style=\"width:auto; padding: 0 !important;\"><\/th><th class=\"\" style=\"width:auto; padding: 0 !important;\"><\/th><\/tr><\/thead><tbody><tr style=\"height:px\" ><td data-cell-id=\"A1\" data-x=\"0\" data-y=\"1\" data-db-index=\"1\" class=\"htCenter bold fsize-13\" data-cell-type=\"text\" data-original-value=\"Monthly rental fee\" data-order=\"Monthly rental fee\" style=\"min-width:auto; width:auto;\" data-colspan=\"4\" data-rowspan=\"1\" >Monthly rental fee <\/td><td data-cell-id=\"B1\" data-x=\"1\" data-y=\"1\" data-db-index=\"1\" class=\"htCenter bold fsize-13\" data-cell-type=\"text\" data-original-value=\"\" data-order=\"\" style=\"min-width:auto; width:auto;\" data-hide=\"true\" ><\/td><td data-cell-id=\"C1\" data-x=\"2\" data-y=\"1\" data-db-index=\"1\" class=\"htCenter bold fsize-13\" data-cell-type=\"text\" data-original-value=\"\" data-order=\"\" style=\"min-width:auto; width:auto;\" data-hide=\"true\" ><\/td><td data-cell-id=\"D1\" data-x=\"3\" data-y=\"1\" data-db-index=\"1\" class=\"htCenter bold fsize-13\" data-cell-type=\"text\" data-original-value=\"\" data-order=\"\" style=\"min-width:auto; width:auto;\" data-hide=\"true\" ><\/td><\/tr><tr style=\"height:px\" ><td data-cell-id=\"A2\" data-x=\"0\" data-y=\"2\" data-db-index=\"2\" class=\"htLeft bold fsize-13\" data-cell-type=\"text\" data-original-value=\"Rental period\" data-order=\"Rental period\" >Rental period <\/td><td data-cell-id=\"B2\" data-x=\"1\" data-y=\"2\" data-db-index=\"2\" class=\"htCenter bold fsize-13\" data-cell-type=\"text\" data-original-value=\"1-2 months\" data-order=\"1-2 months\" >1-2 months <\/td><td data-cell-id=\"C2\" data-x=\"2\" data-y=\"2\" data-db-index=\"2\" class=\"htCenter bold fsize-13\" data-cell-type=\"text\" data-original-value=\"3-5 months\" data-order=\"3-5 months\" >3-5 months <\/td><td data-cell-id=\"D2\" data-x=\"3\" data-y=\"2\" data-db-index=\"2\" class=\"htCenter bold fsize-13\" data-cell-type=\"text\" data-original-value=\"From 6 months\" data-order=\"From 6 months\" >From 6 months <\/td><\/tr><tr style=\"height:px\" ><td data-cell-id=\"A3\" data-x=\"0\" data-y=\"3\" data-db-index=\"3\" class=\"bold fsize-13\" data-cell-type=\"text\" data-original-value=\"8&#039; storage container\" data-order=\"8&#039; storage container\" >8' storage container <\/td><td data-cell-id=\"B3\" data-x=\"1\" data-y=\"3\" data-db-index=\"3\" class=\"htCenter fsize-13\" data-cell-type=\"text\" data-original-value=\"20 000 Ft+\u00c1FA\" data-order=\"20 000 Ft+\u00c1FA\" >20 000 Ft+\u00c1FA <\/td><td data-cell-id=\"C3\" data-x=\"2\" data-y=\"3\" data-db-index=\"3\" class=\"htCenter fsize-13\" data-cell-type=\"text\" data-original-value=\"13 000 Ft+\u00c1FA\" data-order=\"13 000 Ft+\u00c1FA\" >13 000 Ft+\u00c1FA <\/td><td data-cell-id=\"D3\" data-x=\"3\" data-y=\"3\" data-db-index=\"3\" class=\"htCenter fsize-13\" data-cell-type=\"text\" data-original-value=\"10 000 Ft+\u00c1FA\" data-order=\"10 000 Ft+\u00c1FA\" >10 000 Ft+\u00c1FA <\/td><\/tr><tr style=\"height:px\" ><td data-cell-id=\"A4\" data-x=\"0\" data-y=\"4\" data-db-index=\"4\" class=\"bold fsize-13\" data-cell-type=\"text\" data-original-value=\"10&#039; storage container\" data-order=\"10&#039; storage container\" >10' storage container <\/td><td data-cell-id=\"B4\" data-x=\"1\" data-y=\"4\" data-db-index=\"4\" class=\"htCenter fsize-13\" data-cell-type=\"text\" data-original-value=\"20 000 Ft+\u00c1FA\" data-order=\"20 000 Ft+\u00c1FA\" >20 000 Ft+\u00c1FA <\/td><td data-cell-id=\"C4\" data-x=\"2\" data-y=\"4\" data-db-index=\"4\" class=\"htCenter fsize-13\" data-cell-type=\"text\" data-original-value=\"16 000 Ft+\u00c1FA\" data-order=\"16 000 Ft+\u00c1FA\" >16 000 Ft+\u00c1FA <\/td><td data-cell-id=\"D4\" data-x=\"3\" data-y=\"4\" data-db-index=\"4\" class=\"htCenter fsize-13\" data-cell-type=\"text\" data-original-value=\"13 000 Ft+\u00c1FA\" data-order=\"13 000 Ft+\u00c1FA\" >13 000 Ft+\u00c1FA <\/td><\/tr><tr style=\"height:px\" ><td data-cell-id=\"A5\" data-x=\"0\" data-y=\"5\" data-db-index=\"5\" class=\"bold fsize-13\" data-cell-type=\"text\" data-original-value=\"20&#039; storage container\" data-order=\"20&#039; storage container\" >20' storage container <\/td><td data-cell-id=\"B5\" data-x=\"1\" data-y=\"5\" data-db-index=\"5\" class=\"htCenter fsize-13\" data-cell-type=\"text\" data-original-value=\"30 000 Ft+\u00c1FA\" data-order=\"30 000 Ft+\u00c1FA\" >30 000 Ft+\u00c1FA <\/td><td data-cell-id=\"C5\" data-x=\"2\" data-y=\"5\" data-db-index=\"5\" class=\"htCenter fsize-13\" data-cell-type=\"text\" data-original-value=\"23 000 Ft+\u00c1FA\" data-order=\"23 000 Ft+\u00c1FA\" >23 000 Ft+\u00c1FA <\/td><td data-cell-id=\"D5\" data-x=\"3\" data-y=\"5\" data-db-index=\"5\" class=\"htCenter fsize-13\" data-cell-type=\"text\" data-original-value=\"20 000 Ft+\u00c1FA\" data-order=\"20 000 Ft+\u00c1FA\" >20 000 Ft+\u00c1FA <\/td><\/tr><tr style=\"height:px\" ><td data-cell-id=\"A6\" data-x=\"0\" data-y=\"6\" data-db-index=\"6\" class=\"bold fsize-13\" data-cell-type=\"text\" data-original-value=\"40&#039; storage container\" data-order=\"40&#039; storage container\" >40' storage container <\/td><td data-cell-id=\"B6\" data-x=\"1\" data-y=\"6\" data-db-index=\"6\" class=\"htCenter fsize-13\" data-cell-type=\"text\" data-original-value=\"40 000 Ft+\u00c1FA\" data-order=\"40 000 Ft+\u00c1FA\" >40 000 Ft+\u00c1FA <\/td><td data-cell-id=\"C6\" data-x=\"2\" data-y=\"6\" data-db-index=\"6\" class=\"htCenter fsize-13\" data-cell-type=\"text\" data-original-value=\"36 000 Ft+\u00c1FA\" data-order=\"36 000 Ft+\u00c1FA\" >36 000 Ft+\u00c1FA <\/td><td data-cell-id=\"D6\" data-x=\"3\" data-y=\"6\" data-db-index=\"6\" class=\"htCenter fsize-13\" data-cell-type=\"text\" data-original-value=\"33 000 Ft+\u00c1FA\" data-order=\"33 000 Ft+\u00c1FA\" >33 000 Ft+\u00c1FA <\/td><\/tr><\/tbody><\/table><!-- \/#supsystic-table-27.supsystic-table --><\/div><!-- \/.supsystic-tables-wrap --><!-- Tables Generator by Supsystic --><!-- Version:1.11.0 --><!-- http:\/\/supsystic.com\/ --><a title=\"WordPress Data Table\" style=\"display:none;\" href=\"https:\/\/supsystic.com\/plugins\/wordpress-data-table-plugin\/?utm_medium=love_link\" target=\"_blank\">WordPress Data Table<\/a>    <\/div>\n<\/div>\n<!-- \/module text -->        <\/div>\n                        <\/div>\n        <\/div>\n                        <div  data-lazy=\"1\" class=\"module_row themify_builder_row tb_t2og445 tf_w\">\n                        <div class=\"row_inner col_align_top tb_col_count_1 tf_box tf_rel\">\n                        <div  data-lazy=\"1\" class=\"module_column tb-column col-full tb_avx2445 first\">\n                            <div  data-lazy=\"1\" class=\"module_subrow themify_builder_sub_row tf_w col_align_top tb_col_count_2 tb_fiil445\">\n                <div  data-lazy=\"1\" class=\"module_column sub_column col4-2 tb_17ne445 first\">\n                    <!-- module text -->\n<div  class=\"module module-text tb_gdyh445   \" data-lazy=\"1\">\n        <div  class=\"tb_text_wrap\">\n        <h2>Storage container sizes:<\/h2>    <\/div>\n<\/div>\n<!-- \/module text -->        <\/div>\n                    <div  data-lazy=\"1\" class=\"module_column sub_column col4-2 tb_xlw3445 last\">\n                            <\/div>\n                    <\/div>\n                <\/div>\n                        <\/div>\n        <\/div>\n                        <div  data-lazy=\"1\" class=\"module_row themify_builder_row tb_zvxt236 tf_w\">\n                        <div class=\"row_inner col_align_top gutter-none tb_col_count_3 tf_box tf_rel\">\n                        <div  data-lazy=\"1\" class=\"module_column tb-column col3-1 tb_a4oo236 first\">\n                    <!-- module image -->\n<div  class=\"module module-image tb_u4hx236 image-center   tf_mw\" data-lazy=\"1\">\n    <h3 class=\"module-title\">10' kont\u00e9ner: 7 m2<\/h3>    <div class=\"image-wrap tf_rel tf_mw\">\n            <a href=\"https:\/\/mobilbox.hu\/wp-content\/uploads\/2024\/03\/MX-10.pdf\">\n                   <img decoding=\"async\" src=\"https:\/\/mobilbox.hu\/wp-content\/uploads\/2024\/02\/raktarkontener-3.jpg\" width=\"170\" height=\"362\" title=\"Mobilbox Self-Storage P\u00e9cs\" alt=\"Mobilbox Self-Storage P\u00e9cs\">        <\/a>\n    \n        <\/div>\n    <!-- \/image-wrap -->\n    \n        <\/div>\n<!-- \/module image -->        <\/div>\n                    <div  data-lazy=\"1\" class=\"module_column tb-column col3-1 tb_5dzj236\">\n                    <!-- module image -->\n<div  class=\"module module-image tb_7bzy236 image-center   tf_mw\" data-lazy=\"1\">\n    <h3 class=\"module-title\">20' kont\u00e9ner: 14 m2<\/h3>    <div class=\"image-wrap tf_rel tf_mw\">\n            <a href=\"https:\/\/mobilbox.hu\/wp-content\/uploads\/2024\/03\/MX-20-RAL3000.pdf\">\n                   <img decoding=\"async\" src=\"https:\/\/mobilbox.hu\/wp-content\/uploads\/2020\/04\/raktarkontener-MX-20-1.jpg\" width=\"350\" height=\"315\" title=\"Mobilbox Self-Storage P\u00e9cs\" alt=\"Mobilbox Self-Storage P\u00e9cs\">        <\/a>\n    \n        <\/div>\n    <!-- \/image-wrap -->\n    \n        <\/div>\n<!-- \/module image -->        <\/div>\n                    <div  data-lazy=\"1\" class=\"module_column tb-column col3-1 tb_t5g4236 last\">\n                    <!-- module image -->\n<div  class=\"module module-image tb_lxq2236 image-center   tf_mw\" data-lazy=\"1\">\n    <h3 class=\"module-title\">40' kont\u00e9ner: 28 m2<\/h3>    <div class=\"image-wrap tf_rel tf_mw\">\n            <a href=\"https:\/\/mobilbox.hu\/wp-content\/uploads\/2023\/11\/MX40.pdf\">\n                   <img decoding=\"async\" src=\"https:\/\/mobilbox.hu\/wp-content\/uploads\/2019\/05\/Raktarkontener-berles-mx40-2.jpg\" width=\"400\" height=\"228\" title=\"Mobilbox Self-Storage P\u00e9cs\" alt=\"Mobilbox Self-Storage P\u00e9cs\">        <\/a>\n    \n        <\/div>\n    <!-- \/image-wrap -->\n    \n        <\/div>\n<!-- \/module image -->        <\/div>\n                        <\/div>\n        <\/div>\n        <\/div>\n<!--\/themify_builder_content-->","protected":false},"excerpt":{"rendered":"<p>Mobilbox&#8217;s Self-Storage facility in P\u00e9cs offers a secure and flexible storage solution for both individuals and businesses. More information:\u00a0 Tel: +36-30-223-8741 E-mail: tothm@mobilbox.hu 7623 P\u00e9cs, Megyeri \u00fat 61. (Stavmat udvar) Storage container sizes: 10&#8242; kont\u00e9ner: 7 m2 20&#8242; kont\u00e9ner: 14 m2 40&#8242; kont\u00e9ner: 28 m2<\/p>\n","protected":false},"author":7,"featured_media":0,"parent":0,"menu_order":0,"comment_status":"closed","ping_status":"closed","template":"","meta":{"_seopress_robots_primary_cat":"","_seopress_titles_title":"","_seopress_titles_desc":"","_seopress_robots_index":"","footnotes":""},"class_list":["post-8036","page","type-page","status-publish","hentry","has-post-title","has-post-date","has-post-category","has-post-tag","has-post-comment","has-post-author",""],"_links":{"self":[{"href":"https:\/\/mobilbox.hu\/en\/wp-json\/wp\/v2\/pages\/8036","targetHints":{"allow":["GET"]}}],"collection":[{"href":"https:\/\/mobilbox.hu\/en\/wp-json\/wp\/v2\/pages"}],"about":[{"href":"https:\/\/mobilbox.hu\/en\/wp-json\/wp\/v2\/types\/page"}],"author":[{"embeddable":true,"href":"https:\/\/mobilbox.hu\/en\/wp-json\/wp\/v2\/users\/7"}],"replies":[{"embeddable":true,"href":"https:\/\/mobilbox.hu\/en\/wp-json\/wp\/v2\/comments?post=8036"}],"version-history":[{"count":7,"href":"https:\/\/mobilbox.hu\/en\/wp-json\/wp\/v2\/pages\/8036\/revisions"}],"predecessor-version":[{"id":8051,"href":"https:\/\/mobilbox.hu\/en\/wp-json\/wp\/v2\/pages\/8036\/revisions\/8051"}],"wp:attachment":[{"href":"https:\/\/mobilbox.hu\/en\/wp-json\/wp\/v2\/media?parent=8036"}],"curies":[{"name":"wp","href":"https:\/\/api.w.org\/{rel}","templated":true}]}}